{"id":14434,"date":"2018-11-13T10:51:11","date_gmt":"2018-11-13T09:51:11","guid":{"rendered":"https:\/\/mguide.eu\/produkt\/headset-conjunto-de-auriculares-con-microfono-sm-100\/"},"modified":"2024-09-04T13:28:47","modified_gmt":"2024-09-04T11:28:47","slug":"headset-conjunto-de-auriculares-con-microfono-sm-100","status":"publish","type":"product","link":"https:\/\/mguide.eu\/es\/produkt\/headset-conjunto-de-auriculares-con-microfono-sm-100\/","title":{"rendered":"Headset (conjunto de auriculares con micr\u00f3fono) SM-100"},"content":{"rendered":"<p>Micr\u00f3fono muy ligero y c\u00f3modo para el turismo y deporte con auricular para 1 oreja.<br \/>\nCompatible con el modelo mGuide DLR-01.<\/p>\n","protected":false},"excerpt":{"rendered":"<p>Micr\u00f3fono tur\u00edstico y deportivo muy ligero y c\u00f3modo con auricular para una oreja. Funciona con el modelo mGuide DLR-01.<\/p>\n","protected":false},"featured_media":14435,"template":"","meta":{"_acf_changed":false},"product_brand":[],"product_cat":[4466,4471],"product_tag":[],"class_list":{"0":"post-14434","1":"product","2":"type-product","3":"status-publish","4":"has-post-thumbnail","6":"product_cat-headsets-es","7":"product_cat-headsets-es-2","8":"pa_marka-mguide-es","10":"first","11":"instock","12":"taxable","13":"shipping-taxable","14":"purchasable","15":"product-type-simple"},"acf":[],"_links":{"self":[{"href":"https:\/\/mguide.eu\/es\/wp-json\/wp\/v2\/product\/14434","targetHints":{"allow":["GET"]}}],"collection":[{"href":"https:\/\/mguide.eu\/es\/wp-json\/wp\/v2\/product"}],"about":[{"href":"https:\/\/mguide.eu\/es\/wp-json\/wp\/v2\/types\/product"}],"wp:featuredmedia":[{"embeddable":true,"href":"https:\/\/mguide.eu\/es\/wp-json\/wp\/v2\/media\/14435"}],"wp:attachment":[{"href":"https:\/\/mguide.eu\/es\/wp-json\/wp\/v2\/media?parent=14434"}],"wp:term":[{"taxonomy":"product_brand","embeddable":true,"href":"https:\/\/mguide.eu\/es\/wp-json\/wp\/v2\/product_brand?post=14434"},{"taxonomy":"product_cat","embeddable":true,"href":"https:\/\/mguide.eu\/es\/wp-json\/wp\/v2\/product_cat?post=14434"},{"taxonomy":"product_tag","embeddable":true,"href":"https:\/\/mguide.eu\/es\/wp-json\/wp\/v2\/product_tag?post=14434"}],"curies":[{"name":"wp","href":"https:\/\/api.w.org\/{rel}","templated":true}]}}