{"id":14477,"date":"2018-11-13T10:48:05","date_gmt":"2018-11-13T09:48:05","guid":{"rendered":"https:\/\/mguide.eu\/produkt\/maleta-de-transporte-cb-20x\/"},"modified":"2024-05-06T12:03:50","modified_gmt":"2024-05-06T10:03:50","slug":"maleta-de-transporte-cb-20x","status":"publish","type":"product","link":"https:\/\/mguide.eu\/es\/produkt\/maleta-de-transporte-cb-20x\/","title":{"rendered":"Maleta de transporte CB-20x"},"content":{"rendered":"<p>Cargador especializado en forma de maleta para 20 unidades mGuide DLR-01\/02.<br \/>\nIncluye fuente de alimentaci\u00f3n y cable.<\/p>\n<p>Los receptores y los transmisores se colocan en los espacios de carga dentro de la maleta. Despu\u00e9s de conectar a una toma de corriente, el dispositivo carga autom\u00e1ticamente las bater\u00edas. El tiempo de carga desde la descarga completa hasta una carga completa es de aproximadamente 5,5 horas.<\/p>\n<p>CB-20x tambi\u00e9n se puede utilizar para el transporte y almacenamiento de dispositivos DLR.<\/p>\n","protected":false},"excerpt":{"rendered":"<p>Cargador de maleta especializado para 20 unidades de dispositivos mGuide DLR-01\/02. El conjunto incluye un adaptador de corriente y un cable. Los receptores y transmisores se colocan en bolsillos dentro de la maleta. El tiempo de carga desde la descarga completa hasta la carga completa es de aproximadamente 5,5 horas.<\/p>\n","protected":false},"featured_media":14478,"template":"","meta":{"_acf_changed":false},"product_brand":[],"product_cat":[1969],"product_tag":[],"class_list":{"0":"post-14477","1":"product","2":"type-product","3":"status-publish","4":"has-post-thumbnail","6":"product_cat-cargadores","7":"pa_marka-mguide-es","9":"first","10":"instock","11":"taxable","12":"shipping-taxable","13":"purchasable","14":"product-type-simple"},"acf":[],"_links":{"self":[{"href":"https:\/\/mguide.eu\/es\/wp-json\/wp\/v2\/product\/14477","targetHints":{"allow":["GET"]}}],"collection":[{"href":"https:\/\/mguide.eu\/es\/wp-json\/wp\/v2\/product"}],"about":[{"href":"https:\/\/mguide.eu\/es\/wp-json\/wp\/v2\/types\/product"}],"wp:featuredmedia":[{"embeddable":true,"href":"https:\/\/mguide.eu\/es\/wp-json\/wp\/v2\/media\/14478"}],"wp:attachment":[{"href":"https:\/\/mguide.eu\/es\/wp-json\/wp\/v2\/media?parent=14477"}],"wp:term":[{"taxonomy":"product_brand","embeddable":true,"href":"https:\/\/mguide.eu\/es\/wp-json\/wp\/v2\/product_brand?post=14477"},{"taxonomy":"product_cat","embeddable":true,"href":"https:\/\/mguide.eu\/es\/wp-json\/wp\/v2\/product_cat?post=14477"},{"taxonomy":"product_tag","embeddable":true,"href":"https:\/\/mguide.eu\/es\/wp-json\/wp\/v2\/product_tag?post=14477"}],"curies":[{"name":"wp","href":"https:\/\/api.w.org\/{rel}","templated":true}]}}