{"id":14512,"date":"2018-10-25T15:57:51","date_gmt":"2018-10-25T13:57:51","guid":{"rendered":"https:\/\/mguide.eu\/produkt\/pilas-aa-r6-desechables-everactive-pro-alkaline-480-unidades\/"},"modified":"2024-07-25T09:37:49","modified_gmt":"2024-07-25T07:37:49","slug":"pilas-aa-r6-desechables-everactive-pro-alkaline-500-unidades","status":"publish","type":"product","link":"https:\/\/mguide.eu\/es\/produkt\/pilas-aa-r6-desechables-everactive-pro-alkaline-500-unidades\/","title":{"rendered":"Pilas AA (R6) desechables everActive Pro Alkaline (500 unidades)"},"content":{"rendered":"<p>Las nuevas y mejoradas pilas ofrecen un rendimiento en un 60% m\u00e1s prolongado en dispositivos con una demanda energ\u00e9tica muy alta, en comparaci\u00f3n con la primera generaci\u00f3n de Industrial Alkaline.<br \/>\nLas pilas de la producci\u00f3n actual, directamente del fabricante con renombre, cuentan con una fecha de caducidad muy larga (hasta 10 a\u00f1os a partir de la fecha de producci\u00f3n).<\/p>\n<p>Infalibilidad comprobada<br \/>\nPro Alkaline es la serie de pilas Pro Alkaline m\u00e1s potente. Garantiza el m\u00e1s alto nivel de rendimiento, ahora tambi\u00e9n en los dispositivos m\u00e1s exigentes.<\/p>\n<p>Caracter\u00edsticas de las pilas everActive:<br \/>\n&#8211; estructura reforzada y sellada &#8211; alta resistencia al vertido, larga vida \u00fatil con altos valores funcionales<br \/>\n&#8211; alta eficiencia tanto en dispositivos con bajo consumo de energ\u00eda (control remoto, reloj), como en dispositivos con alto consumo de energ\u00eda (equipo m\u00e9dico, c\u00e1maras digitales).<br \/>\n&#8211; especialmente recomendadas para usos industriales y comerciales<br \/>\n&#8211; alta fiabilidad y repetitividad de los par\u00e1metros<\/p>\n","protected":false},"excerpt":{"rendered":"<p>La serie m\u00e1s potente de pilas alcalinas Pro garantiza el m\u00e1s alto nivel de rendimiento. Estructura sellada y reforzada: alta resistencia al vertido, larga vida \u00fatil y manteniendo altos valores de utilidad.<\/p>\n","protected":false},"featured_media":14513,"template":"","meta":{"_acf_changed":false},"product_brand":[],"product_cat":[2374,5501],"product_tag":[],"class_list":{"0":"post-14512","1":"product","2":"type-product","3":"status-publish","4":"has-post-thumbnail","6":"product_cat-pilas-desechables-y-baterias-recargables","7":"product_cat-pilas-desechables-y-baterias-recargables-es","8":"product_shipping_class-baterie-es","10":"first","11":"instock","12":"taxable","13":"shipping-taxable","14":"purchasable","15":"product-type-simple"},"acf":[],"_links":{"self":[{"href":"https:\/\/mguide.eu\/es\/wp-json\/wp\/v2\/product\/14512","targetHints":{"allow":["GET"]}}],"collection":[{"href":"https:\/\/mguide.eu\/es\/wp-json\/wp\/v2\/product"}],"about":[{"href":"https:\/\/mguide.eu\/es\/wp-json\/wp\/v2\/types\/product"}],"wp:featuredmedia":[{"embeddable":true,"href":"https:\/\/mguide.eu\/es\/wp-json\/wp\/v2\/media\/14513"}],"wp:attachment":[{"href":"https:\/\/mguide.eu\/es\/wp-json\/wp\/v2\/media?parent=14512"}],"wp:term":[{"taxonomy":"product_brand","embeddable":true,"href":"https:\/\/mguide.eu\/es\/wp-json\/wp\/v2\/product_brand?post=14512"},{"taxonomy":"product_cat","embeddable":true,"href":"https:\/\/mguide.eu\/es\/wp-json\/wp\/v2\/product_cat?post=14512"},{"taxonomy":"product_tag","embeddable":true,"href":"https:\/\/mguide.eu\/es\/wp-json\/wp\/v2\/product_tag?post=14512"}],"curies":[{"name":"wp","href":"https:\/\/api.w.org\/{rel}","templated":true}]}}