{"id":20107,"date":"2019-10-03T14:34:05","date_gmt":"2019-10-03T12:34:05","guid":{"rendered":"https:\/\/mguide.eu\/produkt\/tbx2-2-x-dch-24u-bolso-mochila-con-2-cargadores-para-pellegrino-2\/"},"modified":"2026-01-13T13:31:36","modified_gmt":"2026-01-13T12:31:36","slug":"tbx2-2-x-dch-24u-bolso-mochila-con-2-cargadores-para-pellegrino-2","status":"publish","type":"product","link":"https:\/\/mguide.eu\/es\/produkt\/tbx2-2-x-dch-24u-bolso-mochila-con-2-cargadores-para-pellegrino-2\/","title":{"rendered":"TBX2 + 2 x DCH-24U &#8211; bolso\/mochila con 2 cargadores para Pellegrino 2"},"content":{"rendered":"<p>Gracias a su peque\u00f1o tama\u00f1o y peso, los 2 cargadores DCH-24U caben perfectamente en el bolso\/mochila TBX.<\/p>\n<p>TBX2 es una forma genial de ahorrar fuerza y energ\u00eda gracias a la posibilidad de usar el bolso como mochila y llevar el peso en la espalda y no en la mano. Adem\u00e1s, el modelo cuenta tambi\u00e9n con una correa para el hombro y bolsillos para accesorios.<\/p>\n<p>El set incluye:<br \/>\n&#8211; 2 cargadores DCH-24U con alimentadores<br \/>\n&#8211; Velcro industrial 3M para montar los cargadores en TBX<br \/>\n&#8211; Bolso\/mochila TBX2 (tambi\u00e9n disponible en otros colores &#8211; consultar disponibilidad)<\/p>\n","protected":false},"excerpt":{"rendered":"<p>Por sus reducidas dimensiones y peso, los 2 cargadores DCH-24U caben perfectamente en la bolsa TBX. TBX2 es una forma brillante de ahorrar fuerza y \u200b\u200benerg\u00eda gracias a la posibilidad de transferir el peso de la mano a la espalda. Adem\u00e1s, tambi\u00e9n tiene una correa para el hombro y bolsillos para accesorios.<\/p>\n<p>&nbsp;<\/p>\n<p><a href=\"https:\/\/mguide.eu\/wp-content\/uploads\/2024\/08\/ES-Baner.png\"><img loading=\"lazy\" decoding=\"async\" class=\"alignnone size-full wp-image-45218\" src=\"https:\/\/mguide.eu\/wp-content\/uploads\/2024\/08\/ES-Baner.png\" alt=\"\" width=\"630\" height=\"120\" srcset=\"https:\/\/i0.wp.com\/mguide.eu\/wp-content\/uploads\/2024\/08\/ES-Baner.png?w=630&amp;ssl=1 630w, https:\/\/i0.wp.com\/mguide.eu\/wp-content\/uploads\/2024\/08\/ES-Baner.png?resize=600%2C114&amp;ssl=1 600w\" sizes=\"auto, (max-width: 630px) 100vw, 630px\" \/><\/a><\/p>\n","protected":false},"featured_media":29396,"template":"","meta":{"_acf_changed":false},"product_brand":[],"product_cat":[1037,1969],"product_tag":[],"class_list":{"0":"post-20107","1":"product","2":"type-product","3":"status-publish","4":"has-post-thumbnail","6":"product_cat-bolsas-y-maletas-de-transporte","7":"product_cat-cargadores","9":"first","10":"instock","11":"taxable","12":"shipping-taxable","13":"purchasable","14":"product-type-simple"},"acf":[],"_links":{"self":[{"href":"https:\/\/mguide.eu\/es\/wp-json\/wp\/v2\/product\/20107","targetHints":{"allow":["GET"]}}],"collection":[{"href":"https:\/\/mguide.eu\/es\/wp-json\/wp\/v2\/product"}],"about":[{"href":"https:\/\/mguide.eu\/es\/wp-json\/wp\/v2\/types\/product"}],"wp:featuredmedia":[{"embeddable":true,"href":"https:\/\/mguide.eu\/es\/wp-json\/wp\/v2\/media\/29396"}],"wp:attachment":[{"href":"https:\/\/mguide.eu\/es\/wp-json\/wp\/v2\/media?parent=20107"}],"wp:term":[{"taxonomy":"product_brand","embeddable":true,"href":"https:\/\/mguide.eu\/es\/wp-json\/wp\/v2\/product_brand?post=20107"},{"taxonomy":"product_cat","embeddable":true,"href":"https:\/\/mguide.eu\/es\/wp-json\/wp\/v2\/product_cat?post=20107"},{"taxonomy":"product_tag","embeddable":true,"href":"https:\/\/mguide.eu\/es\/wp-json\/wp\/v2\/product_tag?post=20107"}],"curies":[{"name":"wp","href":"https:\/\/api.w.org\/{rel}","templated":true}]}}