{"id":22982,"date":"2020-10-21T15:40:11","date_gmt":"2020-10-21T13:40:11","guid":{"rendered":"https:\/\/mguide.eu\/\/?post_type=product&#038;p=22982"},"modified":"2024-07-25T09:18:06","modified_gmt":"2024-07-25T07:18:06","slug":"maletin-de-transporte-ac-360-con-una-funcion-de-esterilizacion-uv-c","status":"publish","type":"product","link":"https:\/\/mguide.eu\/es\/produkt\/maletin-de-transporte-ac-360-con-una-funcion-de-esterilizacion-uv-c\/","title":{"rendered":"Malet\u00edn de transporte AC-360 con una funci\u00f3n de esterilizaci\u00f3n UV-C"},"content":{"rendered":"<p>Pr\u00e1ctico malet\u00edn con una funci\u00f3n de esterilizaci\u00f3n UV-C.<br \/>&#8211; Alimentaci\u00f3n con bater\u00edas recargables.<br \/>&#8211; Sensor PIR: protege al usuario de la exposici\u00f3n a la luz UVC<br \/>&#8211; Peso reducido del dispositivo<br \/>&#8211; Muy f\u00e1cil y seguro de usar<\/p>\n<p>El malet\u00edn se utiliza para la esterilizaci\u00f3n segura de receptores y transmisores tourguide con luz UV-C. El malet\u00edn est\u00e1 equipado con 2 l\u00e1mparas con una potencia de 2 + 2W cada una. Las l\u00e1mparas cuentan con un sensor de movimiento PIR que protege contra la emisi\u00f3n de luz UV-C cuando se detecta movimiento cerca. La esterilizaci\u00f3n comienza 20 segundos despu\u00e9s de encender las l\u00e1mparas y con la tapa del malet\u00edn cerrada. El tiempo de esterilizaci\u00f3n es de 60 segundos.<\/p>\n<p>Las l\u00e1mparas no requieren una fuente de alimentaci\u00f3n permanente porque est\u00e1n equipadas con bater\u00edas recargables. La carga se realiza mediante un cable USB (incluido). Tiempo total de carga:1h, tiempo de funcionamiento con la bater\u00eda llena: 85 minutos.<\/p>\n<p>El malet\u00edn puede acomodar 40 o m\u00e1s unidades, dependiendo del modelo.<\/p>\n<p>Las l\u00e1mparas utilizan una adecuada longitud de onda bactericida de 275 nm (banda UV-C).<br \/>La banda de luz ultravioleta (UV) se divide en 3 rangos: UV-A, UV-B y UV-C. <strong>Solo el rango UV-C (100-280 nm) tiene propiedades antibacterianas.<\/strong><\/p>\n<p><strong>Esterilizaci\u00f3n con luz UV-C y el coronavirus<\/strong><\/p>\n<p>Los servicios de la Inspecci\u00f3n Sanitaria Nacional polaca enumeran la radiaci\u00f3n UV como <strong>una de las formas de lucha contra el coronavirus: la luz ultravioleta destruye su fina capa de l\u00edpidos.<\/strong><\/p>\n<p>\u00a1NOTA! La radiaci\u00f3n UV-C es da\u00f1ina para los ojos y la piel, las plantas y los animales.<\/p>\n<p>No debe permanecer en el rango de luz UV-C. Sin embargo, nuestra l\u00e1mpara tiene una protecci\u00f3n efectiva: cuando el sensor PIR detecta movimiento, la luz cambia a la luz normal.<\/p>\n<p>Dimensiones: 155x315x460 mm<\/p>\n<p>Alimentaci\u00f3n por bater\u00eda recargable sin necesidad de conexi\u00f3n a la fuente de alimentaci\u00f3n permanente. Carga por cable USB, incluido en el set.<\/p>\n","protected":false},"excerpt":{"rendered":"<p>Un pr\u00e1ctico estuche con funci\u00f3n de esterilizaci\u00f3n UV-C: alimentado por bater\u00eda, sensor PIR: protege al usuario contra la exposici\u00f3n a la luz UVC, peso reducido del dispositivo, funcionamiento muy f\u00e1cil y seguro.<\/p>\n","protected":false},"featured_media":26098,"template":"","meta":{"_acf_changed":false},"product_brand":[],"product_cat":[3251,1037],"product_tag":[],"class_list":{"0":"post-22982","1":"product","2":"type-product","3":"status-publish","4":"has-post-thumbnail","6":"product_cat-higiene","7":"product_cat-bolsas-y-maletas-de-transporte","8":"pa_marka-mexpo-es","10":"first","11":"outofstock","12":"taxable","13":"shipping-taxable","14":"purchasable","15":"product-type-simple"},"acf":[],"_links":{"self":[{"href":"https:\/\/mguide.eu\/es\/wp-json\/wp\/v2\/product\/22982","targetHints":{"allow":["GET"]}}],"collection":[{"href":"https:\/\/mguide.eu\/es\/wp-json\/wp\/v2\/product"}],"about":[{"href":"https:\/\/mguide.eu\/es\/wp-json\/wp\/v2\/types\/product"}],"wp:featuredmedia":[{"embeddable":true,"href":"https:\/\/mguide.eu\/es\/wp-json\/wp\/v2\/media\/26098"}],"wp:attachment":[{"href":"https:\/\/mguide.eu\/es\/wp-json\/wp\/v2\/media?parent=22982"}],"wp:term":[{"taxonomy":"product_brand","embeddable":true,"href":"https:\/\/mguide.eu\/es\/wp-json\/wp\/v2\/product_brand?post=22982"},{"taxonomy":"product_cat","embeddable":true,"href":"https:\/\/mguide.eu\/es\/wp-json\/wp\/v2\/product_cat?post=22982"},{"taxonomy":"product_tag","embeddable":true,"href":"https:\/\/mguide.eu\/es\/wp-json\/wp\/v2\/product_tag?post=22982"}],"curies":[{"name":"wp","href":"https:\/\/api.w.org\/{rel}","templated":true}]}}