{"id":23019,"date":"2020-10-21T16:35:07","date_gmt":"2020-10-21T14:35:07","guid":{"rendered":"https:\/\/mguide.eu\/\/produkt\/auricular-sh-3-25-unidades\/"},"modified":"2024-07-25T09:14:52","modified_gmt":"2024-07-25T07:14:52","slug":"auricular-sh-3-25-unidades","status":"publish","type":"product","link":"https:\/\/mguide.eu\/es\/produkt\/auricular-sh-3-25-unidades\/","title":{"rendered":"Auricular SH-3 (25 unidades)"},"content":{"rendered":"<p>Los auriculares reutilizables SH-3 est\u00e1n equipados con un gancho el\u00e1stico de goma gracias al cual se adaptan a diferentes tama\u00f1os de oreja. El gancho suave y flexible no provoca irritaci\u00f3n ni dolor en las orejas incluso despu\u00e9s de largas horas de uso.<\/p>\n<p>El auricular SH-3 es ligero y peque\u00f1o y, por lo tanto, es una opci\u00f3n ideal para largos recorridos o visitas guiadas de varias horas.<\/p>\n","protected":false},"excerpt":{"rendered":"<p>Los auriculares reutilizables SH-3 est\u00e1n equipados con un colgante de acorde\u00f3n de goma, lo que los hace adecuados para personas con diferentes tama\u00f1os de orejas. El colgante suave y flexible no causar\u00e1 irritaci\u00f3n ni dolor de o\u00eddo, es ligero y peque\u00f1o.<\/p>\n","protected":false},"featured_media":32636,"template":"","meta":{"_acf_changed":false},"product_brand":[],"product_cat":[2367,1036],"product_tag":[],"class_list":{"0":"post-23019","1":"product","2":"type-product","3":"status-publish","4":"has-post-thumbnail","6":"product_cat-auriculares-reutilizables","7":"product_cat-auriculares","8":"pa_marka-mexpo-es","10":"first","11":"instock","12":"taxable","13":"shipping-taxable","14":"purchasable","15":"product-type-simple"},"acf":[],"_links":{"self":[{"href":"https:\/\/mguide.eu\/es\/wp-json\/wp\/v2\/product\/23019","targetHints":{"allow":["GET"]}}],"collection":[{"href":"https:\/\/mguide.eu\/es\/wp-json\/wp\/v2\/product"}],"about":[{"href":"https:\/\/mguide.eu\/es\/wp-json\/wp\/v2\/types\/product"}],"wp:featuredmedia":[{"embeddable":true,"href":"https:\/\/mguide.eu\/es\/wp-json\/wp\/v2\/media\/32636"}],"wp:attachment":[{"href":"https:\/\/mguide.eu\/es\/wp-json\/wp\/v2\/media?parent=23019"}],"wp:term":[{"taxonomy":"product_brand","embeddable":true,"href":"https:\/\/mguide.eu\/es\/wp-json\/wp\/v2\/product_brand?post=23019"},{"taxonomy":"product_cat","embeddable":true,"href":"https:\/\/mguide.eu\/es\/wp-json\/wp\/v2\/product_cat?post=23019"},{"taxonomy":"product_tag","embeddable":true,"href":"https:\/\/mguide.eu\/es\/wp-json\/wp\/v2\/product_tag?post=23019"}],"curies":[{"name":"wp","href":"https:\/\/api.w.org\/{rel}","templated":true}]}}