{"id":23709,"date":"2021-01-19T11:29:58","date_gmt":"2021-01-19T10:29:58","guid":{"rendered":"https:\/\/mguide.eu\/\/?post_type=product&#038;p=23709"},"modified":"2025-06-26T15:01:07","modified_gmt":"2025-06-26T13:01:07","slug":"gancho-para-correas-higienicas-zk-50-unidades","status":"publish","type":"product","link":"https:\/\/mguide.eu\/es\/produkt\/gancho-para-correas-higienicas-zk-50-unidades\/","title":{"rendered":"Gancho para correas higi\u00e9nicas (ZK) (50 unidades)"},"content":{"rendered":"<div class=\"wpb-content-wrapper\"><p>[vc_row][vc_column][vc_column_text css=&#8221;&#8221;]Pr\u00e1ctico sistema de gancho para correas higi\u00e9nicas. El sistema de gancho consta de unas &#8220;bigotes&#8221; o un lazo para sujetarlo al dispositivo que se usar\u00e1 en la correa y un mosquet\u00f3n para enganchar el lazo de la correa.[\/vc_column_text][\/vc_column][\/vc_row]<\/p>\n<\/div>","protected":false},"excerpt":{"rendered":"<p>Pr\u00e1ctico sistema de gancho para correas higi\u00e9nicas. El sistema de gancho consiste en los llamados &#8220;bigotes&#8221; o bucles para sujetarlo al dispositivo. Tama\u00f1o del paquete: 50 unidades.<\/p>\n","protected":false},"featured_media":23717,"template":"","meta":{"_acf_changed":false},"product_brand":[],"product_cat":[3241,3251],"product_tag":[],"class_list":{"0":"post-23709","1":"product","2":"type-product","3":"status-publish","4":"has-post-thumbnail","6":"product_cat-correas-de-cuello","7":"product_cat-higiene","8":"pa_marka-mexpo-es","10":"first","11":"instock","12":"taxable","13":"shipping-taxable","14":"purchasable","15":"product-type-simple"},"acf":[],"_links":{"self":[{"href":"https:\/\/mguide.eu\/es\/wp-json\/wp\/v2\/product\/23709","targetHints":{"allow":["GET"]}}],"collection":[{"href":"https:\/\/mguide.eu\/es\/wp-json\/wp\/v2\/product"}],"about":[{"href":"https:\/\/mguide.eu\/es\/wp-json\/wp\/v2\/types\/product"}],"wp:featuredmedia":[{"embeddable":true,"href":"https:\/\/mguide.eu\/es\/wp-json\/wp\/v2\/media\/23717"}],"wp:attachment":[{"href":"https:\/\/mguide.eu\/es\/wp-json\/wp\/v2\/media?parent=23709"}],"wp:term":[{"taxonomy":"product_brand","embeddable":true,"href":"https:\/\/mguide.eu\/es\/wp-json\/wp\/v2\/product_brand?post=23709"},{"taxonomy":"product_cat","embeddable":true,"href":"https:\/\/mguide.eu\/es\/wp-json\/wp\/v2\/product_cat?post=23709"},{"taxonomy":"product_tag","embeddable":true,"href":"https:\/\/mguide.eu\/es\/wp-json\/wp\/v2\/product_tag?post=23709"}],"curies":[{"name":"wp","href":"https:\/\/api.w.org\/{rel}","templated":true}]}}