{"id":25269,"date":"2021-06-28T15:14:28","date_gmt":"2021-06-28T13:14:28","guid":{"rendered":"https:\/\/mguide.eu\/\/?post_type=product&#038;p=25269"},"modified":"2022-01-24T10:57:20","modified_gmt":"2022-01-24T09:57:20","slug":"intercomunicador-inalambrico-okayo-freecom-con-accesorios-5-unidades-full-duplex-manos-libres","status":"publish","type":"product","link":"https:\/\/mguide.eu\/es\/produkt\/intercomunicador-inalambrico-okayo-freecom-con-accesorios-5-unidades-full-duplex-manos-libres\/","title":{"rendered":"Okayo FreeCom con accesorios &#8211; 5 unidades &#8211; Intercomunicador inal\u00e1mbrico d\u00faplex completo para empresas, industria o educaci\u00f3n"},"content":{"rendered":"<p>Conjunto completo de 5 intercomunicadores inal\u00e1mbricos con accesorios. El sistema proporciona una comunicaci\u00f3n bidireccional en modo full-duplex estable y sin interferencias para su equipo. FreeCom permite a 6 personas por grupo hablar entre s\u00ed sin con la funci\u00f3n manos libres (hands-free). Los dem\u00e1s miembros del grupo que est\u00e9n en el mismo canal (n\u00famero ilimitado de usuarios en el grupo) pueden unirse activamente a la discusi\u00f3n en cualquier momento, intercambiando con otro usuario activo.<\/p>\n<p>El conjunto contiene:<br \/>\n&#8211; intercomunicador inal\u00e1mbrico FreeCom &#8211; 5 unidades<br \/>\n&#8211; auriculares con micr\u00f3fono MC-300 &#8211; 5 unidades<br \/>\n&#8211; cargador en el malet\u00edn de transporte CHG &#8211; 1 unidad<br \/>\n&#8211; bater\u00eda Ni-MH AA everActive Silver Line 2000 &#8211; 10 unidades<\/p>\n<p>Usos:<br \/>\n&#8211; comunicaci\u00f3n en equipos de producci\u00f3n de audio y v\u00eddeo<br \/>\n&#8211; comunicaci\u00f3n entre trabajadores de almac\u00e9n o nave de producci\u00f3n<br \/>\n&#8211; comunicaci\u00f3n en el deporte, entre el entrenador y los jugadores<br \/>\n&#8211; comunicaci\u00f3n durante formaciones, en el centro de trabajo o fuera<br \/>\n&#8211; comunicaci\u00f3n en servicios de hosteler\u00eda y restauraci\u00f3n, en barcos de pasajeros y atracciones tur\u00edsticas<br \/>\n&#8211; sistema bidireccional para visitas guiadas\/ tourguide<\/p>\n<p>Caracter\u00edsticas del intercomunicador Okayo FreeCom:<br \/>\n&#8211; full d\u00faplex, hasta 6 personas pueden comunicar al mismo tiempo, n\u00famero ilimitado de intercomunicadores por canal<br \/>\n&#8211; no hay estaci\u00f3n base<br \/>\n&#8211; rango de frecuencia europeo, sin licencia, 863-865 MHz<br \/>\n&#8211; modulaci\u00f3n digital 4GFSK de la frecuencia transmitida<br \/>\n&#8211; 7 canales (7 grupos independientes pueden trabajar en la misma \u00e1rea sin interferencias)<br \/>\n&#8211; alcance en l\u00ednea de visi\u00f3n es de m\u00e1s de 100 metros<br \/>\n&#8211; pantalla OLED con alto contraste<br \/>\n&#8211; funcionamiento durante todo el d\u00eda con un juego de pilas\/ bater\u00edas<br \/>\n&#8211; posibilidad de cifrar el acceso al canal<br \/>\n&#8211; 3 funciones de micr\u00f3fono (Push-To-Talk), (Push-To-Bolt), (Push-To-Mute)<br \/>\n&#8211; toma Aux-in jack 3,5 mm adicionall<br \/>\n&#8211; toma de auriculares y micr\u00f3fono con modo HAC ((Hearing-Aid-Compatible: compatible con aud\u00edfonos)<br \/>\n&#8211; acceso al panel de configuraci\u00f3n con muchas opciones<\/p>\n","protected":false},"excerpt":{"rendered":"<p>La comunicaci\u00f3n por intercomunicador es una soluci\u00f3n profesional para equipos en el trabajo. El sistema de 5 intercomunicadores FreeCom es un conjunto completo para su uso diario.<\/p>\n","protected":false},"featured_media":27565,"template":"","meta":{"_acf_changed":false},"product_brand":[],"product_cat":[2961],"product_tag":[],"class_list":{"0":"post-25269","1":"product","2":"type-product","3":"status-publish","4":"has-post-thumbnail","6":"product_cat-conjuntos-de-intercomunicacion","7":"pa_marka-okayo-es","9":"first","10":"instock","11":"taxable","12":"shipping-taxable","13":"purchasable","14":"product-type-simple"},"acf":[],"_links":{"self":[{"href":"https:\/\/mguide.eu\/es\/wp-json\/wp\/v2\/product\/25269","targetHints":{"allow":["GET"]}}],"collection":[{"href":"https:\/\/mguide.eu\/es\/wp-json\/wp\/v2\/product"}],"about":[{"href":"https:\/\/mguide.eu\/es\/wp-json\/wp\/v2\/types\/product"}],"wp:featuredmedia":[{"embeddable":true,"href":"https:\/\/mguide.eu\/es\/wp-json\/wp\/v2\/media\/27565"}],"wp:attachment":[{"href":"https:\/\/mguide.eu\/es\/wp-json\/wp\/v2\/media?parent=25269"}],"wp:term":[{"taxonomy":"product_brand","embeddable":true,"href":"https:\/\/mguide.eu\/es\/wp-json\/wp\/v2\/product_brand?post=25269"},{"taxonomy":"product_cat","embeddable":true,"href":"https:\/\/mguide.eu\/es\/wp-json\/wp\/v2\/product_cat?post=25269"},{"taxonomy":"product_tag","embeddable":true,"href":"https:\/\/mguide.eu\/es\/wp-json\/wp\/v2\/product_tag?post=25269"}],"curies":[{"name":"wp","href":"https:\/\/api.w.org\/{rel}","templated":true}]}}