{"id":25573,"date":"2021-07-19T11:05:00","date_gmt":"2021-07-19T09:05:00","guid":{"rendered":"https:\/\/mguide.eu\/\/?post_type=product&#038;p=25573"},"modified":"2024-02-22T16:43:27","modified_gmt":"2024-02-22T15:43:27","slug":"auriculares-desechables-sj-4d","status":"publish","type":"product","link":"https:\/\/mguide.eu\/es\/produkt\/auriculares-desechables-sj-4d\/","title":{"rendered":"Auriculares desechables SJ-4D"},"content":{"rendered":"<p>Auriculares desechables SJ-4D para 2 orejas. Envasados \u200b\u200bindividualmente en bolsas selladas. Se caracterizan por una buena calidad de escucha.<br \/>\nLos auriculares SJ-4D solo son desechables \u201cconvencionalmente\u201d, ya que su durabilidad est\u00e1 prevista para un per\u00edodo de tiempo m\u00e1s corto que en el caso de los auriculares caros, pero eso no significa que sean de calidad insuficiente.<\/p>\n<p>Los auriculares desechables son la soluci\u00f3n m\u00e1s higi\u00e9nica para dar servicio a un gran n\u00famero de usuarios, tambi\u00e9n facilitan la log\u00edstica de dar servicio a grandes grupos de excursiones.<br \/>\nCada par de auriculares est\u00e1 empaquetado en una bolsa de aluminio sellada, lo que garantiza el primer uso. Gracias a esta forma de embalaje, no es necesario desinfectar los auriculares antes de usarlos.<\/p>\n<p>Los auriculares SJ-4D son universales y funcionan con los modelos mGuide Pellegrino, pero tambi\u00e9n con la mayor\u00eda de los otros modelos disponibles de empresas como Okayo o Linkx. Despu\u00e9s del viaje o la visita tur\u00edstica de la instalaci\u00f3n, los auriculares tambi\u00e9n se pueden utilizar con otros dispositivos equipados con una toma de corriente, como un tel\u00e9fono o una computadora.<\/p>\n","protected":false},"excerpt":{"rendered":"<p>Auriculares desechables SJ-4D para 2 orejas. Envasados \u200b\u200bindividualmente en bolsas selladas. Se caracterizan por una buena calidad de escucha.<br \/>\nLos auriculares SJ-4D solo son desechables \u201cconvencionalmente\u201d, ya que su durabilidad est\u00e1 prevista para un per\u00edodo de tiempo m\u00e1s corto que en el caso de los auriculares caros, pero eso no significa que sean de calidad insuficiente.<\/p>\n","protected":false},"featured_media":25605,"template":"","meta":{"_acf_changed":false},"product_brand":[],"product_cat":[2366,1036],"product_tag":[],"class_list":{"0":"post-25573","1":"product","2":"type-product","3":"status-publish","4":"has-post-thumbnail","6":"product_cat-auriculares-higienicos","7":"product_cat-auriculares","8":"pa_marka-mexpo-es","10":"first","11":"outofstock","12":"taxable","13":"shipping-taxable","14":"purchasable","15":"product-type-variable"},"acf":[],"_links":{"self":[{"href":"https:\/\/mguide.eu\/es\/wp-json\/wp\/v2\/product\/25573","targetHints":{"allow":["GET"]}}],"collection":[{"href":"https:\/\/mguide.eu\/es\/wp-json\/wp\/v2\/product"}],"about":[{"href":"https:\/\/mguide.eu\/es\/wp-json\/wp\/v2\/types\/product"}],"wp:featuredmedia":[{"embeddable":true,"href":"https:\/\/mguide.eu\/es\/wp-json\/wp\/v2\/media\/25605"}],"wp:attachment":[{"href":"https:\/\/mguide.eu\/es\/wp-json\/wp\/v2\/media?parent=25573"}],"wp:term":[{"taxonomy":"product_brand","embeddable":true,"href":"https:\/\/mguide.eu\/es\/wp-json\/wp\/v2\/product_brand?post=25573"},{"taxonomy":"product_cat","embeddable":true,"href":"https:\/\/mguide.eu\/es\/wp-json\/wp\/v2\/product_cat?post=25573"},{"taxonomy":"product_tag","embeddable":true,"href":"https:\/\/mguide.eu\/es\/wp-json\/wp\/v2\/product_tag?post=25573"}],"curies":[{"name":"wp","href":"https:\/\/api.w.org\/{rel}","templated":true}]}}