{"id":26741,"date":"2021-09-29T12:13:56","date_gmt":"2021-09-29T10:13:56","guid":{"rendered":"https:\/\/mguide.eu\/\/?post_type=product&#038;p=26741"},"modified":"2024-07-25T09:11:04","modified_gmt":"2024-07-25T07:11:04","slug":"microfono-lm-20a","status":"publish","type":"product","link":"https:\/\/mguide.eu\/es\/produkt\/microfono-lm-20a\/","title":{"rendered":"Micr\u00f3fono LM-20A"},"content":{"rendered":"<p>Micr\u00f3fono de corbata unidireccional (llamado tambi\u00e9n micr\u00f3fono de solapa o con clip).<\/p>\n","protected":false},"excerpt":{"rendered":"<p>Micr\u00f3fono LM-20A. Micr\u00f3fono de solapa unidireccional (tambi\u00e9n llamado micr\u00f3fono de solapa o de solapa). Compatibilidad Okayo WT-300 G2, Okayo WT-350, mGuide DLR-01, mGuide Pellegrino, mGuide Pellegrino 2.<\/p>\n","protected":false},"featured_media":47853,"template":"","meta":{"_acf_changed":false},"product_brand":[],"product_cat":[1021],"product_tag":[],"class_list":{"0":"post-26741","1":"product","2":"type-product","3":"status-publish","4":"has-post-thumbnail","6":"product_cat-microfonos","7":"pa_marka-mexpo-es","9":"first","10":"instock","11":"taxable","12":"shipping-taxable","13":"purchasable","14":"product-type-simple"},"acf":[],"_links":{"self":[{"href":"https:\/\/mguide.eu\/es\/wp-json\/wp\/v2\/product\/26741","targetHints":{"allow":["GET"]}}],"collection":[{"href":"https:\/\/mguide.eu\/es\/wp-json\/wp\/v2\/product"}],"about":[{"href":"https:\/\/mguide.eu\/es\/wp-json\/wp\/v2\/types\/product"}],"wp:featuredmedia":[{"embeddable":true,"href":"https:\/\/mguide.eu\/es\/wp-json\/wp\/v2\/media\/47853"}],"wp:attachment":[{"href":"https:\/\/mguide.eu\/es\/wp-json\/wp\/v2\/media?parent=26741"}],"wp:term":[{"taxonomy":"product_brand","embeddable":true,"href":"https:\/\/mguide.eu\/es\/wp-json\/wp\/v2\/product_brand?post=26741"},{"taxonomy":"product_cat","embeddable":true,"href":"https:\/\/mguide.eu\/es\/wp-json\/wp\/v2\/product_cat?post=26741"},{"taxonomy":"product_tag","embeddable":true,"href":"https:\/\/mguide.eu\/es\/wp-json\/wp\/v2\/product_tag?post=26741"}],"curies":[{"name":"wp","href":"https:\/\/api.w.org\/{rel}","templated":true}]}}