{"id":27170,"date":"2021-11-05T15:21:47","date_gmt":"2021-11-05T14:21:47","guid":{"rendered":"https:\/\/mguide.eu\/?post_type=product&#038;p=27170"},"modified":"2026-04-15T10:10:34","modified_gmt":"2026-04-15T08:10:34","slug":"auricular-em-100","status":"publish","type":"product","link":"https:\/\/mguide.eu\/es\/produkt\/auricular-em-100\/","title":{"rendered":"Auricular EM-100 (25 unidades)"},"content":{"rendered":"<p>Los auriculares Okayo EM-100 son ligeros, cuentan con un gancho de pl\u00e1stico para la oreja izquierda y almohadillas reemplazables. Est\u00e1n dise\u00f1ados para un uso intensivo en sistemas de gu\u00edas tur\u00edsticos y conferencias.<\/p>\n","protected":false},"excerpt":{"rendered":"<p>Los auriculares reutilizables EM-100 ofrecen una excelente calidad de sonido y durabilidad. Cuentan con un gancho de pl\u00e1stico para la oreja y almohadillas reemplazables.<\/p>\n","protected":false},"featured_media":0,"template":"","meta":{"_acf_changed":false},"product_brand":[],"product_cat":[2367,1036],"product_tag":[],"class_list":{"0":"post-27170","1":"product","2":"type-product","3":"status-publish","5":"product_cat-auriculares-reutilizables","6":"product_cat-auriculares","7":"pa_marka-okayo-es","9":"first","10":"instock","11":"taxable","12":"shipping-taxable","13":"purchasable","14":"product-type-simple"},"acf":[],"_links":{"self":[{"href":"https:\/\/mguide.eu\/es\/wp-json\/wp\/v2\/product\/27170","targetHints":{"allow":["GET"]}}],"collection":[{"href":"https:\/\/mguide.eu\/es\/wp-json\/wp\/v2\/product"}],"about":[{"href":"https:\/\/mguide.eu\/es\/wp-json\/wp\/v2\/types\/product"}],"wp:attachment":[{"href":"https:\/\/mguide.eu\/es\/wp-json\/wp\/v2\/media?parent=27170"}],"wp:term":[{"taxonomy":"product_brand","embeddable":true,"href":"https:\/\/mguide.eu\/es\/wp-json\/wp\/v2\/product_brand?post=27170"},{"taxonomy":"product_cat","embeddable":true,"href":"https:\/\/mguide.eu\/es\/wp-json\/wp\/v2\/product_cat?post=27170"},{"taxonomy":"product_tag","embeddable":true,"href":"https:\/\/mguide.eu\/es\/wp-json\/wp\/v2\/product_tag?post=27170"}],"curies":[{"name":"wp","href":"https:\/\/api.w.org\/{rel}","templated":true}]}}