{"id":27374,"date":"2021-11-18T15:09:20","date_gmt":"2021-11-18T14:09:20","guid":{"rendered":"https:\/\/mguide.eu\/?post_type=product&#038;p=27374"},"modified":"2024-12-09T13:03:01","modified_gmt":"2024-12-09T12:03:01","slug":"bucle-de-induccion-nl-90","status":"publish","type":"product","link":"https:\/\/mguide.eu\/es\/produkt\/bucle-de-induccion-nl-90\/","title":{"rendered":"Bucle de inducci\u00f3n NL-90"},"content":{"rendered":"<p>Bucle de cuello para transmisi\u00f3n de se\u00f1ales para aud\u00edfonos.<\/p>\n","protected":false},"excerpt":{"rendered":"<p>Bucle de inducci\u00f3n NL-90. Bucle de cuello para transmitir se\u00f1ales a aud\u00edfonos. Compatibilidad Okayo WT-300 G2, Okayo WT-350, mGuide DLR-01, mGuide Pellegrino, mGuide Pellegrino 2.<\/p>\n","protected":false},"featured_media":29478,"template":"","meta":{"_acf_changed":false},"product_brand":[],"product_cat":[1036,2367],"product_tag":[],"class_list":{"0":"post-27374","1":"product","2":"type-product","3":"status-publish","4":"has-post-thumbnail","6":"product_cat-auriculares","7":"product_cat-auriculares-reutilizables","8":"pa_marka-okayo-es","10":"first","11":"instock","12":"taxable","13":"shipping-taxable","14":"purchasable","15":"product-type-simple"},"acf":[],"_links":{"self":[{"href":"https:\/\/mguide.eu\/es\/wp-json\/wp\/v2\/product\/27374","targetHints":{"allow":["GET"]}}],"collection":[{"href":"https:\/\/mguide.eu\/es\/wp-json\/wp\/v2\/product"}],"about":[{"href":"https:\/\/mguide.eu\/es\/wp-json\/wp\/v2\/types\/product"}],"wp:featuredmedia":[{"embeddable":true,"href":"https:\/\/mguide.eu\/es\/wp-json\/wp\/v2\/media\/29478"}],"wp:attachment":[{"href":"https:\/\/mguide.eu\/es\/wp-json\/wp\/v2\/media?parent=27374"}],"wp:term":[{"taxonomy":"product_brand","embeddable":true,"href":"https:\/\/mguide.eu\/es\/wp-json\/wp\/v2\/product_brand?post=27374"},{"taxonomy":"product_cat","embeddable":true,"href":"https:\/\/mguide.eu\/es\/wp-json\/wp\/v2\/product_cat?post=27374"},{"taxonomy":"product_tag","embeddable":true,"href":"https:\/\/mguide.eu\/es\/wp-json\/wp\/v2\/product_tag?post=27374"}],"curies":[{"name":"wp","href":"https:\/\/api.w.org\/{rel}","templated":true}]}}