{"id":27631,"date":"2021-12-03T12:55:37","date_gmt":"2021-12-03T11:55:37","guid":{"rendered":"https:\/\/mguide.eu\/?post_type=product&#038;p=27631"},"modified":"2024-07-25T09:29:49","modified_gmt":"2024-07-25T07:29:49","slug":"headset-conjunto-de-auriculares-con-microfono-hem-20","status":"publish","type":"product","link":"https:\/\/mguide.eu\/es\/produkt\/headset-conjunto-de-auriculares-con-microfono-hem-20\/","title":{"rendered":"Headset (conjunto de auriculares con micr\u00f3fono) HEM-20"},"content":{"rendered":"<p>Auriculares mono ligeros y profesionales. Proporciona condiciones de trabajo c\u00f3modas y una recepci\u00f3n de transmisi\u00f3n de alta calidad.<\/p>\n","protected":false},"excerpt":{"rendered":"<p>Auriculares (auriculares y micr\u00f3fono) HEM-20. Auriculares mono ligeros y profesionales. Fuente. Garantiza condiciones de trabajo c\u00f3modas y una alta calidad de recepci\u00f3n de transmisi\u00f3n.<\/p>\n","protected":false},"featured_media":27639,"template":"","meta":{"_acf_changed":false},"product_brand":[],"product_cat":[4466],"product_tag":[],"class_list":{"0":"post-27631","1":"product","2":"type-product","3":"status-publish","4":"has-post-thumbnail","6":"product_cat-headsets-es","7":"pa_marka-okayo-es","9":"first","10":"instock","11":"taxable","12":"shipping-taxable","13":"purchasable","14":"product-type-simple"},"acf":[],"_links":{"self":[{"href":"https:\/\/mguide.eu\/es\/wp-json\/wp\/v2\/product\/27631","targetHints":{"allow":["GET"]}}],"collection":[{"href":"https:\/\/mguide.eu\/es\/wp-json\/wp\/v2\/product"}],"about":[{"href":"https:\/\/mguide.eu\/es\/wp-json\/wp\/v2\/types\/product"}],"wp:featuredmedia":[{"embeddable":true,"href":"https:\/\/mguide.eu\/es\/wp-json\/wp\/v2\/media\/27639"}],"wp:attachment":[{"href":"https:\/\/mguide.eu\/es\/wp-json\/wp\/v2\/media?parent=27631"}],"wp:term":[{"taxonomy":"product_brand","embeddable":true,"href":"https:\/\/mguide.eu\/es\/wp-json\/wp\/v2\/product_brand?post=27631"},{"taxonomy":"product_cat","embeddable":true,"href":"https:\/\/mguide.eu\/es\/wp-json\/wp\/v2\/product_cat?post=27631"},{"taxonomy":"product_tag","embeddable":true,"href":"https:\/\/mguide.eu\/es\/wp-json\/wp\/v2\/product_tag?post=27631"}],"curies":[{"name":"wp","href":"https:\/\/api.w.org\/{rel}","templated":true}]}}