{"id":27649,"date":"2021-12-07T11:46:04","date_gmt":"2021-12-07T10:46:04","guid":{"rendered":"https:\/\/mguide.eu\/?post_type=product&#038;p=27649"},"modified":"2024-07-25T09:31:15","modified_gmt":"2024-07-25T07:31:15","slug":"headset-conjunto-de-auriculares-con-microfono-hem-30","status":"publish","type":"product","link":"https:\/\/mguide.eu\/es\/produkt\/headset-conjunto-de-auriculares-con-microfono-hem-30\/","title":{"rendered":"Headset (conjunto de auriculares con micr\u00f3fono) HEM-30"},"content":{"rendered":"<p>Auriculares mono ligeros y profesionales. Diadema con un auricular en un cable. Se adapta a cada usuario de forma individual. El auricular proporciona una mayor reducci\u00f3n de ruido del entorno y, por lo tanto, una mejor recepci\u00f3n de la transmisi\u00f3n.<\/p>\n","protected":false},"excerpt":{"rendered":"<p>Auriculares (auriculares y micr\u00f3fono) HEM-30. Auriculares mono ligeros y profesionales. Diadema con auricular en cable. Se adapta a cada usuario de forma individual. El auricular proporciona una mayor reducci\u00f3n del ruido ambiental.<\/p>\n","protected":false},"featured_media":27657,"template":"","meta":{"_acf_changed":false},"product_brand":[],"product_cat":[4466],"product_tag":[],"class_list":{"0":"post-27649","1":"product","2":"type-product","3":"status-publish","4":"has-post-thumbnail","6":"product_cat-headsets-es","7":"pa_marka-okayo-es","9":"first","10":"instock","11":"taxable","12":"shipping-taxable","13":"purchasable","14":"product-type-simple"},"acf":[],"_links":{"self":[{"href":"https:\/\/mguide.eu\/es\/wp-json\/wp\/v2\/product\/27649","targetHints":{"allow":["GET"]}}],"collection":[{"href":"https:\/\/mguide.eu\/es\/wp-json\/wp\/v2\/product"}],"about":[{"href":"https:\/\/mguide.eu\/es\/wp-json\/wp\/v2\/types\/product"}],"wp:featuredmedia":[{"embeddable":true,"href":"https:\/\/mguide.eu\/es\/wp-json\/wp\/v2\/media\/27657"}],"wp:attachment":[{"href":"https:\/\/mguide.eu\/es\/wp-json\/wp\/v2\/media?parent=27649"}],"wp:term":[{"taxonomy":"product_brand","embeddable":true,"href":"https:\/\/mguide.eu\/es\/wp-json\/wp\/v2\/product_brand?post=27649"},{"taxonomy":"product_cat","embeddable":true,"href":"https:\/\/mguide.eu\/es\/wp-json\/wp\/v2\/product_cat?post=27649"},{"taxonomy":"product_tag","embeddable":true,"href":"https:\/\/mguide.eu\/es\/wp-json\/wp\/v2\/product_tag?post=27649"}],"curies":[{"name":"wp","href":"https:\/\/api.w.org\/{rel}","templated":true}]}}