{"id":27663,"date":"2021-12-07T12:28:06","date_gmt":"2021-12-07T11:28:06","guid":{"rendered":"https:\/\/mguide.eu\/?post_type=product&#038;p=27663"},"modified":"2024-07-25T09:27:31","modified_gmt":"2024-07-25T07:27:31","slug":"headset-conjunto-de-auriculares-con-microfono-hdb-02g","status":"publish","type":"product","link":"https:\/\/mguide.eu\/es\/produkt\/headset-conjunto-de-auriculares-con-microfono-hdb-02g\/","title":{"rendered":"Headset (conjunto de auriculares con micr\u00f3fono) HDB-02G"},"content":{"rendered":"<p>Un auricular duradero que reduce significativamente el ruido ambiental, ideal para trabajar en un entorno con altos niveles de ruido. El usuario tiene un potenci\u00f3metro de volumen de micr\u00f3fono y un bot\u00f3n de &#8220;silencio&#8221; &#8220;en el cable.<\/p>\n","protected":false},"excerpt":{"rendered":"<p>Auriculares (auriculares y micr\u00f3fono) HDB-02G. Auriculares duraderos que garantizan una reducci\u00f3n significativa del ruido ambiental. Potenci\u00f3metro de volumen del micr\u00f3fono y bot\u00f3n de silencio. Marcos Maytel. Compatibilidad Maytel Grand Multicom.<\/p>\n","protected":false},"featured_media":27671,"template":"","meta":{"_acf_changed":false},"product_brand":[],"product_cat":[4466],"product_tag":[],"class_list":{"0":"post-27663","1":"product","2":"type-product","3":"status-publish","4":"has-post-thumbnail","6":"product_cat-headsets-es","7":"pa_marka-maytel-es","9":"first","10":"instock","11":"taxable","12":"shipping-taxable","13":"purchasable","14":"product-type-simple"},"acf":[],"_links":{"self":[{"href":"https:\/\/mguide.eu\/es\/wp-json\/wp\/v2\/product\/27663","targetHints":{"allow":["GET"]}}],"collection":[{"href":"https:\/\/mguide.eu\/es\/wp-json\/wp\/v2\/product"}],"about":[{"href":"https:\/\/mguide.eu\/es\/wp-json\/wp\/v2\/types\/product"}],"wp:featuredmedia":[{"embeddable":true,"href":"https:\/\/mguide.eu\/es\/wp-json\/wp\/v2\/media\/27671"}],"wp:attachment":[{"href":"https:\/\/mguide.eu\/es\/wp-json\/wp\/v2\/media?parent=27663"}],"wp:term":[{"taxonomy":"product_brand","embeddable":true,"href":"https:\/\/mguide.eu\/es\/wp-json\/wp\/v2\/product_brand?post=27663"},{"taxonomy":"product_cat","embeddable":true,"href":"https:\/\/mguide.eu\/es\/wp-json\/wp\/v2\/product_cat?post=27663"},{"taxonomy":"product_tag","embeddable":true,"href":"https:\/\/mguide.eu\/es\/wp-json\/wp\/v2\/product_tag?post=27663"}],"curies":[{"name":"wp","href":"https:\/\/api.w.org\/{rel}","templated":true}]}}