{"id":27789,"date":"2021-12-09T12:01:16","date_gmt":"2021-12-09T11:01:16","guid":{"rendered":"https:\/\/mguide.eu\/?post_type=product&#038;p=27789"},"modified":"2024-07-25T09:32:55","modified_gmt":"2024-07-25T07:32:55","slug":"headset-conjunto-de-auriculares-con-microfono-tem-01pg","status":"publish","type":"product","link":"https:\/\/mguide.eu\/es\/produkt\/headset-conjunto-de-auriculares-con-microfono-tem-01pg\/","title":{"rendered":"Headset (conjunto de auriculares con micr\u00f3fono) TEM-01PG"},"content":{"rendered":"<p>Un auricular dise\u00f1ado para personas que trabajan en seguridad, gastronom\u00eda o que quieren comunicarse sin auriculares llamativos. Auricular transparente, tipo tubo de aire, con un micr\u00f3fono de clip de corbata de alta sensibilidad que se puede encender mediante el bot\u00f3n PTT (Push-To-Talk).<\/p>\n","protected":false},"excerpt":{"rendered":"<p>Auriculares (auriculares y micr\u00f3fono) TEM-01G. Auricular de tubo de aire transparente con micr\u00f3fono lavalier de alta sensibilidad activado por el bot\u00f3n PTT (Push-To-Talk). Auriculares discretos. Marcos Maytel. Compatibilidad Maytel Grand Multicom.<\/p>\n","protected":false},"featured_media":27797,"template":"","meta":{"_acf_changed":false},"product_brand":[],"product_cat":[4466],"product_tag":[],"class_list":{"0":"post-27789","1":"product","2":"type-product","3":"status-publish","4":"has-post-thumbnail","6":"product_cat-headsets-es","7":"pa_marka-maytel-es","9":"first","10":"instock","11":"taxable","12":"shipping-taxable","13":"purchasable","14":"product-type-simple"},"acf":[],"_links":{"self":[{"href":"https:\/\/mguide.eu\/es\/wp-json\/wp\/v2\/product\/27789","targetHints":{"allow":["GET"]}}],"collection":[{"href":"https:\/\/mguide.eu\/es\/wp-json\/wp\/v2\/product"}],"about":[{"href":"https:\/\/mguide.eu\/es\/wp-json\/wp\/v2\/types\/product"}],"wp:featuredmedia":[{"embeddable":true,"href":"https:\/\/mguide.eu\/es\/wp-json\/wp\/v2\/media\/27797"}],"wp:attachment":[{"href":"https:\/\/mguide.eu\/es\/wp-json\/wp\/v2\/media?parent=27789"}],"wp:term":[{"taxonomy":"product_brand","embeddable":true,"href":"https:\/\/mguide.eu\/es\/wp-json\/wp\/v2\/product_brand?post=27789"},{"taxonomy":"product_cat","embeddable":true,"href":"https:\/\/mguide.eu\/es\/wp-json\/wp\/v2\/product_cat?post=27789"},{"taxonomy":"product_tag","embeddable":true,"href":"https:\/\/mguide.eu\/es\/wp-json\/wp\/v2\/product_tag?post=27789"}],"curies":[{"name":"wp","href":"https:\/\/api.w.org\/{rel}","templated":true}]}}