{"id":27803,"date":"2021-12-09T12:59:52","date_gmt":"2021-12-09T11:59:52","guid":{"rendered":"https:\/\/mguide.eu\/?post_type=product&#038;p=27803"},"modified":"2024-07-25T09:32:17","modified_gmt":"2024-07-25T07:32:17","slug":"headset-conjunto-de-auriculares-con-microfono-sm-100lg","status":"publish","type":"product","link":"https:\/\/mguide.eu\/es\/produkt\/headset-conjunto-de-auriculares-con-microfono-sm-100lg\/","title":{"rendered":"Headset (conjunto de auriculares con micr\u00f3fono) SM-100LG"},"content":{"rendered":"<p>Los auriculares livianos, resistentes al agua y al polvo son el conjunto perfecto para \u00e1rbitros deportivos donde se requiere un contacto constante y confiable entre s\u00ed. Tiene un soporte adicional para el o\u00eddo externo, un soporte para el o\u00eddo interno, un auricular (para el o\u00eddo izquierdo) con un micr\u00f3fono omnidireccional.<\/p>\n","protected":false},"excerpt":{"rendered":"<p>Auriculares (auriculares y micr\u00f3fono) SM-100LG. Los auriculares livianos, resistentes al agua y al polvo son el conjunto perfecto para \u00e1rbitros deportivos donde se requiere un contacto constante y confiable entre s\u00ed. Dispone de un soporte adicional para el o\u00eddo externo, un soporte para el o\u00eddo interno y un auricular intrauditivo (para el o\u00eddo izquierdo) con micr\u00f3fono omnidireccional. Compatibilidad Marca Maytel Maytel Grand Multicom.<\/p>\n","protected":false},"featured_media":27811,"template":"","meta":{"_acf_changed":false},"product_brand":[],"product_cat":[4466],"product_tag":[],"class_list":{"0":"post-27803","1":"product","2":"type-product","3":"status-publish","4":"has-post-thumbnail","6":"product_cat-headsets-es","7":"pa_marka-maytel-es","9":"first","10":"instock","11":"taxable","12":"shipping-taxable","13":"purchasable","14":"product-type-simple"},"acf":[],"_links":{"self":[{"href":"https:\/\/mguide.eu\/es\/wp-json\/wp\/v2\/product\/27803","targetHints":{"allow":["GET"]}}],"collection":[{"href":"https:\/\/mguide.eu\/es\/wp-json\/wp\/v2\/product"}],"about":[{"href":"https:\/\/mguide.eu\/es\/wp-json\/wp\/v2\/types\/product"}],"wp:featuredmedia":[{"embeddable":true,"href":"https:\/\/mguide.eu\/es\/wp-json\/wp\/v2\/media\/27811"}],"wp:attachment":[{"href":"https:\/\/mguide.eu\/es\/wp-json\/wp\/v2\/media?parent=27803"}],"wp:term":[{"taxonomy":"product_brand","embeddable":true,"href":"https:\/\/mguide.eu\/es\/wp-json\/wp\/v2\/product_brand?post=27803"},{"taxonomy":"product_cat","embeddable":true,"href":"https:\/\/mguide.eu\/es\/wp-json\/wp\/v2\/product_cat?post=27803"},{"taxonomy":"product_tag","embeddable":true,"href":"https:\/\/mguide.eu\/es\/wp-json\/wp\/v2\/product_tag?post=27803"}],"curies":[{"name":"wp","href":"https:\/\/api.w.org\/{rel}","templated":true}]}}