{"id":27855,"date":"2021-12-14T13:08:31","date_gmt":"2021-12-14T12:08:31","guid":{"rendered":"https:\/\/mguide.eu\/?post_type=product&#038;p=27855"},"modified":"2024-07-25T09:26:41","modified_gmt":"2024-07-25T07:26:41","slug":"headset-conjunto-de-auriculares-con-microfono-ehr-03g","status":"publish","type":"product","link":"https:\/\/mguide.eu\/es\/produkt\/headset-conjunto-de-auriculares-con-microfono-ehr-03g\/","title":{"rendered":"Headset (conjunto de auriculares con micr\u00f3fono) EHR-03G"},"content":{"rendered":"<p>Juego de auriculares y micr\u00f3fono para la oreja izquierda. Es ligero, flexible y tiene un micr\u00f3fono ajustable. Perfecto para entrenamientos, eventos deportivos y viajes en grupo.<\/p>\n","protected":false},"excerpt":{"rendered":"<p>Auriculares (auriculares y micr\u00f3fono) EHR-03G, auriculares y micr\u00f3fono para la oreja izquierda. Ligero, flexible y con micr\u00f3fono ajustable. Perfecto para entrenamiento, eventos deportivos y grupos de gu\u00eda. Compatibilidad Marca Maytel Maytel Grand Multicom.<\/p>\n","protected":false},"featured_media":27864,"template":"","meta":{"_acf_changed":false},"product_brand":[],"product_cat":[4466],"product_tag":[],"class_list":{"0":"post-27855","1":"product","2":"type-product","3":"status-publish","4":"has-post-thumbnail","6":"product_cat-headsets-es","7":"pa_marka-maytel-es","9":"first","10":"instock","11":"taxable","12":"shipping-taxable","13":"purchasable","14":"product-type-simple"},"acf":[],"_links":{"self":[{"href":"https:\/\/mguide.eu\/es\/wp-json\/wp\/v2\/product\/27855","targetHints":{"allow":["GET"]}}],"collection":[{"href":"https:\/\/mguide.eu\/es\/wp-json\/wp\/v2\/product"}],"about":[{"href":"https:\/\/mguide.eu\/es\/wp-json\/wp\/v2\/types\/product"}],"wp:featuredmedia":[{"embeddable":true,"href":"https:\/\/mguide.eu\/es\/wp-json\/wp\/v2\/media\/27864"}],"wp:attachment":[{"href":"https:\/\/mguide.eu\/es\/wp-json\/wp\/v2\/media?parent=27855"}],"wp:term":[{"taxonomy":"product_brand","embeddable":true,"href":"https:\/\/mguide.eu\/es\/wp-json\/wp\/v2\/product_brand?post=27855"},{"taxonomy":"product_cat","embeddable":true,"href":"https:\/\/mguide.eu\/es\/wp-json\/wp\/v2\/product_cat?post=27855"},{"taxonomy":"product_tag","embeddable":true,"href":"https:\/\/mguide.eu\/es\/wp-json\/wp\/v2\/product_tag?post=27855"}],"curies":[{"name":"wp","href":"https:\/\/api.w.org\/{rel}","templated":true}]}}