{"id":27939,"date":"2021-12-15T12:02:50","date_gmt":"2021-12-15T11:02:50","guid":{"rendered":"https:\/\/mguide.eu\/?post_type=product&#038;p=27939"},"modified":"2024-07-25T09:27:51","modified_gmt":"2024-07-25T07:27:51","slug":"headset-conjunto-de-auriculares-con-microfono-he-003","status":"publish","type":"product","link":"https:\/\/mguide.eu\/es\/produkt\/headset-conjunto-de-auriculares-con-microfono-he-003\/","title":{"rendered":"Headset (conjunto de auriculares con micr\u00f3fono) HE-003"},"content":{"rendered":"<p>Combinaci\u00f3n de auricular y micr\u00f3fono de bola. Los auriculares son c\u00f3modos de usar debido a la forma de la letra D sobre la oreja. Gracias a su c\u00f3modo ajuste, es adecuado para un uso prolongado. El auricular se puede usar en el lado izquierdo o derecho.<\/p>\n","protected":false},"excerpt":{"rendered":"<p>Auricular HE-003, combinaci\u00f3n de auricular y micr\u00f3fono de bola. C\u00f3modo de usar, para uso a largo plazo. Para el o\u00eddo derecho e izquierdo.<\/p>\n","protected":false},"featured_media":27947,"template":"","meta":{"_acf_changed":false},"product_brand":[],"product_cat":[4466],"product_tag":[],"class_list":{"0":"post-27939","1":"product","2":"type-product","3":"status-publish","4":"has-post-thumbnail","6":"product_cat-headsets-es","7":"pa_marka-axiwi-es","9":"first","10":"instock","11":"taxable","12":"shipping-taxable","13":"purchasable","14":"product-type-simple"},"acf":[],"_links":{"self":[{"href":"https:\/\/mguide.eu\/es\/wp-json\/wp\/v2\/product\/27939","targetHints":{"allow":["GET"]}}],"collection":[{"href":"https:\/\/mguide.eu\/es\/wp-json\/wp\/v2\/product"}],"about":[{"href":"https:\/\/mguide.eu\/es\/wp-json\/wp\/v2\/types\/product"}],"wp:featuredmedia":[{"embeddable":true,"href":"https:\/\/mguide.eu\/es\/wp-json\/wp\/v2\/media\/27947"}],"wp:attachment":[{"href":"https:\/\/mguide.eu\/es\/wp-json\/wp\/v2\/media?parent=27939"}],"wp:term":[{"taxonomy":"product_brand","embeddable":true,"href":"https:\/\/mguide.eu\/es\/wp-json\/wp\/v2\/product_brand?post=27939"},{"taxonomy":"product_cat","embeddable":true,"href":"https:\/\/mguide.eu\/es\/wp-json\/wp\/v2\/product_cat?post=27939"},{"taxonomy":"product_tag","embeddable":true,"href":"https:\/\/mguide.eu\/es\/wp-json\/wp\/v2\/product_tag?post=27939"}],"curies":[{"name":"wp","href":"https:\/\/api.w.org\/{rel}","templated":true}]}}