{"id":27954,"date":"2021-12-15T12:17:37","date_gmt":"2021-12-15T11:17:37","guid":{"rendered":"https:\/\/mguide.eu\/?post_type=product&#038;p=27954"},"modified":"2024-07-25T09:28:01","modified_gmt":"2024-07-25T07:28:01","slug":"headset-conjunto-de-auriculares-con-microfono-he-005","status":"publish","type":"product","link":"https:\/\/mguide.eu\/es\/produkt\/headset-conjunto-de-auriculares-con-microfono-he-005\/","title":{"rendered":"Headset (conjunto de auriculares con micr\u00f3fono) HE-005"},"content":{"rendered":"<p>Un auricular dise\u00f1ado para personas que trabajan en seguridad, gastronom\u00eda o que quieren comunicarse sin auriculares llamativos. La tecnolog\u00eda \u00fanica de la manguera del tel\u00e9fono hace que el uso sea muy discreto. El micr\u00f3fono se llama micr\u00f3fono de cuello y tambi\u00e9n se utiliza en varios deportes.<\/p>\n","protected":false},"excerpt":{"rendered":"<p>Auricular HE-005, auricular muy discreto, micr\u00f3fono de cuello. Perfecto para deportistas, personas que trabajan en seguridad y restauraci\u00f3n.<\/p>\n","protected":false},"featured_media":27962,"template":"","meta":{"_acf_changed":false},"product_brand":[],"product_cat":[4466],"product_tag":[],"class_list":{"0":"post-27954","1":"product","2":"type-product","3":"status-publish","4":"has-post-thumbnail","6":"product_cat-headsets-es","7":"pa_marka-axiwi-es","9":"first","10":"instock","11":"taxable","12":"shipping-taxable","13":"purchasable","14":"product-type-simple"},"acf":[],"_links":{"self":[{"href":"https:\/\/mguide.eu\/es\/wp-json\/wp\/v2\/product\/27954","targetHints":{"allow":["GET"]}}],"collection":[{"href":"https:\/\/mguide.eu\/es\/wp-json\/wp\/v2\/product"}],"about":[{"href":"https:\/\/mguide.eu\/es\/wp-json\/wp\/v2\/types\/product"}],"wp:featuredmedia":[{"embeddable":true,"href":"https:\/\/mguide.eu\/es\/wp-json\/wp\/v2\/media\/27962"}],"wp:attachment":[{"href":"https:\/\/mguide.eu\/es\/wp-json\/wp\/v2\/media?parent=27954"}],"wp:term":[{"taxonomy":"product_brand","embeddable":true,"href":"https:\/\/mguide.eu\/es\/wp-json\/wp\/v2\/product_brand?post=27954"},{"taxonomy":"product_cat","embeddable":true,"href":"https:\/\/mguide.eu\/es\/wp-json\/wp\/v2\/product_cat?post=27954"},{"taxonomy":"product_tag","embeddable":true,"href":"https:\/\/mguide.eu\/es\/wp-json\/wp\/v2\/product_tag?post=27954"}],"curies":[{"name":"wp","href":"https:\/\/api.w.org\/{rel}","templated":true}]}}