{"id":28002,"date":"2021-12-15T13:07:04","date_gmt":"2021-12-15T12:07:04","guid":{"rendered":"https:\/\/mguide.eu\/?post_type=product&#038;p=28002"},"modified":"2024-07-25T09:28:33","modified_gmt":"2024-07-25T07:28:33","slug":"headset-conjunto-de-auriculares-con-microfono-he-010","status":"publish","type":"product","link":"https:\/\/mguide.eu\/es\/produkt\/headset-conjunto-de-auriculares-con-microfono-he-010\/","title":{"rendered":"Headset (conjunto de auriculares con micr\u00f3fono) HE-010"},"content":{"rendered":"<p>Buena calidad de sonido y gran comodidad de uso. Tiene un auricular universal. Incluye auriculares de 3 tama\u00f1os universales que se adaptan a cualquier o\u00eddo.<\/p>\n","protected":false},"excerpt":{"rendered":"<p>Auriculares (auriculares y micr\u00f3fono) HE-010, buena calidad de sonido y gran comodidad de uso. Tiene un tel\u00e9fono universal. Incluye auriculares en 3 tama\u00f1os universales.<\/p>\n","protected":false},"featured_media":28010,"template":"","meta":{"_acf_changed":false},"product_brand":[],"product_cat":[4466],"product_tag":[],"class_list":{"0":"post-28002","1":"product","2":"type-product","3":"status-publish","4":"has-post-thumbnail","6":"product_cat-headsets-es","7":"pa_marka-axiwi-es","9":"first","10":"instock","11":"taxable","12":"shipping-taxable","13":"purchasable","14":"product-type-simple"},"acf":[],"_links":{"self":[{"href":"https:\/\/mguide.eu\/es\/wp-json\/wp\/v2\/product\/28002","targetHints":{"allow":["GET"]}}],"collection":[{"href":"https:\/\/mguide.eu\/es\/wp-json\/wp\/v2\/product"}],"about":[{"href":"https:\/\/mguide.eu\/es\/wp-json\/wp\/v2\/types\/product"}],"wp:featuredmedia":[{"embeddable":true,"href":"https:\/\/mguide.eu\/es\/wp-json\/wp\/v2\/media\/28010"}],"wp:attachment":[{"href":"https:\/\/mguide.eu\/es\/wp-json\/wp\/v2\/media?parent=28002"}],"wp:term":[{"taxonomy":"product_brand","embeddable":true,"href":"https:\/\/mguide.eu\/es\/wp-json\/wp\/v2\/product_brand?post=28002"},{"taxonomy":"product_cat","embeddable":true,"href":"https:\/\/mguide.eu\/es\/wp-json\/wp\/v2\/product_cat?post=28002"},{"taxonomy":"product_tag","embeddable":true,"href":"https:\/\/mguide.eu\/es\/wp-json\/wp\/v2\/product_tag?post=28002"}],"curies":[{"name":"wp","href":"https:\/\/api.w.org\/{rel}","templated":true}]}}