{"id":28955,"date":"2022-02-21T10:50:38","date_gmt":"2022-02-21T09:50:38","guid":{"rendered":"https:\/\/mguide.eu\/?post_type=product&#038;p=28955"},"modified":"2022-02-21T11:04:46","modified_gmt":"2022-02-21T10:04:46","slug":"cargador-axiwi-cr-001","status":"publish","type":"product","link":"https:\/\/mguide.eu\/es\/produkt\/cargador-axiwi-cr-001\/","title":{"rendered":"Cargador Axiwi CR-001"},"content":{"rendered":"<p>La estaci\u00f3n de carga para 10 unidades AT-320 se entrega con una fuente de alimentaci\u00f3n dedicada y un cable de red. Coloca r\u00e1pida y f\u00e1cilmente los dispositivos AXIWI en la estaci\u00f3n, y si el cable de red est\u00e1 enchufado, comienza la carga.<\/p>\n","protected":false},"excerpt":{"rendered":"<p>La estaci\u00f3n de carga para 10 unidades AT-320 se entrega con una fuente de alimentaci\u00f3n dedicada y un cable de red. Coloca r\u00e1pida y f\u00e1cilmente los dispositivos AXIWI en la estaci\u00f3n, y si el cable de red est\u00e1 enchufado, comienza la carga.<\/p>\n","protected":false},"featured_media":28963,"template":"","meta":{"_acf_changed":false},"product_brand":[],"product_cat":[5161],"product_tag":[],"class_list":{"0":"post-28955","1":"product","2":"type-product","3":"status-publish","4":"has-post-thumbnail","6":"product_cat-cargadores-para-sistemas-de-intercomunicacion","7":"pa_marka-axiwi-es","9":"first","10":"instock","11":"taxable","12":"shipping-taxable","13":"purchasable","14":"product-type-simple"},"acf":[],"_links":{"self":[{"href":"https:\/\/mguide.eu\/es\/wp-json\/wp\/v2\/product\/28955","targetHints":{"allow":["GET"]}}],"collection":[{"href":"https:\/\/mguide.eu\/es\/wp-json\/wp\/v2\/product"}],"about":[{"href":"https:\/\/mguide.eu\/es\/wp-json\/wp\/v2\/types\/product"}],"wp:featuredmedia":[{"embeddable":true,"href":"https:\/\/mguide.eu\/es\/wp-json\/wp\/v2\/media\/28963"}],"wp:attachment":[{"href":"https:\/\/mguide.eu\/es\/wp-json\/wp\/v2\/media?parent=28955"}],"wp:term":[{"taxonomy":"product_brand","embeddable":true,"href":"https:\/\/mguide.eu\/es\/wp-json\/wp\/v2\/product_brand?post=28955"},{"taxonomy":"product_cat","embeddable":true,"href":"https:\/\/mguide.eu\/es\/wp-json\/wp\/v2\/product_cat?post=28955"},{"taxonomy":"product_tag","embeddable":true,"href":"https:\/\/mguide.eu\/es\/wp-json\/wp\/v2\/product_tag?post=28955"}],"curies":[{"name":"wp","href":"https:\/\/api.w.org\/{rel}","templated":true}]}}