{"id":28971,"date":"2022-02-21T11:09:24","date_gmt":"2022-02-21T10:09:24","guid":{"rendered":"https:\/\/mguide.eu\/?post_type=product&#038;p=28971"},"modified":"2022-02-21T11:57:58","modified_gmt":"2022-02-21T10:57:58","slug":"cargador-axiwi-cr-011","status":"publish","type":"product","link":"https:\/\/mguide.eu\/es\/produkt\/cargador-axiwi-cr-011\/","title":{"rendered":"Cargador Axiwi CR-011"},"content":{"rendered":"<p>La estaci\u00f3n de carga para 10 unidades AT-350 se entrega con un adaptador de corriente y un cable de red correspondientes. Hasta 10 dispositivos AXIWI AT-350 encajan de forma segura en el cargador, y si el cable de alimentaci\u00f3n est\u00e1 conectado, puede comenzar a cargar presionando el bot\u00f3n de &#8220;Power&#8221;.<\/p>\n","protected":false},"excerpt":{"rendered":"<p>La estaci\u00f3n de carga para 10 unidades AT-350 se entrega con un adaptador de corriente y un cable de red correspondientes. Hasta 10 dispositivos AXIWI AT-350 encajan de forma segura en el cargador, y si el cable de alimentaci\u00f3n est\u00e1 conectado, puede comenzar a cargar presionando el bot\u00f3n de &#8220;Power&#8221;.<\/p>\n","protected":false},"featured_media":28979,"template":"","meta":{"_acf_changed":false},"product_brand":[],"product_cat":[5161],"product_tag":[],"class_list":{"0":"post-28971","1":"product","2":"type-product","3":"status-publish","4":"has-post-thumbnail","6":"product_cat-cargadores-para-sistemas-de-intercomunicacion","7":"pa_marka-axiwi-es","9":"first","10":"instock","11":"taxable","12":"shipping-taxable","13":"purchasable","14":"product-type-simple"},"acf":[],"_links":{"self":[{"href":"https:\/\/mguide.eu\/es\/wp-json\/wp\/v2\/product\/28971","targetHints":{"allow":["GET"]}}],"collection":[{"href":"https:\/\/mguide.eu\/es\/wp-json\/wp\/v2\/product"}],"about":[{"href":"https:\/\/mguide.eu\/es\/wp-json\/wp\/v2\/types\/product"}],"wp:featuredmedia":[{"embeddable":true,"href":"https:\/\/mguide.eu\/es\/wp-json\/wp\/v2\/media\/28979"}],"wp:attachment":[{"href":"https:\/\/mguide.eu\/es\/wp-json\/wp\/v2\/media?parent=28971"}],"wp:term":[{"taxonomy":"product_brand","embeddable":true,"href":"https:\/\/mguide.eu\/es\/wp-json\/wp\/v2\/product_brand?post=28971"},{"taxonomy":"product_cat","embeddable":true,"href":"https:\/\/mguide.eu\/es\/wp-json\/wp\/v2\/product_cat?post=28971"},{"taxonomy":"product_tag","embeddable":true,"href":"https:\/\/mguide.eu\/es\/wp-json\/wp\/v2\/product_tag?post=28971"}],"curies":[{"name":"wp","href":"https:\/\/api.w.org\/{rel}","templated":true}]}}