{"id":29660,"date":"2022-05-04T12:02:04","date_gmt":"2022-05-04T10:02:04","guid":{"rendered":"https:\/\/mguide.eu\/?post_type=product&#038;p=29660"},"modified":"2025-11-11T18:35:27","modified_gmt":"2025-11-11T17:35:27","slug":"sistema-tourguide-para-guias-turisticos-e-interpretacion-okayo-wavetalk-s-102c","status":"publish","type":"product","link":"https:\/\/mguide.eu\/es\/produkt\/sistema-tourguide-para-guias-turisticos-e-interpretacion-okayo-wavetalk-s-102c\/","title":{"rendered":"Sistema tourguide para gu\u00edas tur\u00edsticos e interpretaci\u00f3n Okayo WaveTalk | S (10+2)+C"},"content":{"rendered":"<p>Este sistema tourguide para gu\u00edas tur\u00edsticos y grupos de 10 turistas es peque\u00f1o y ultraligero. El sistema tourguide Okayo Wavetalk puede utilizarse tanto como sistema tourguide inal\u00e1mbrico, sistema de audiodescripci\u00f3n o como sistema para interpretaci\u00f3n simult\u00e1nea.<\/p>\n<p>Contenido del conjunto:<br \/>\n&#8211; 10 receptores Okayo WaveTalk<br \/>\n&#8211; 2 transmisores Okayo WaveTalk<br \/>\n\u2013 1 cargador C12<br \/>\n\u2013 1 bolsa TB-TK-12<br \/>\n&#8211; 1 micr\u00f3fono LM<br \/>\n&#8211; 1 micr\u00f3fono HM-55A<br \/>\n&#8211; 10 auriculares SH-2<br \/>\n&#8211; 50 cordones higi\u00e9nicos<br \/>\n&#8211; 15 clips para correas de cuello<\/p>\n","protected":false},"excerpt":{"rendered":"<p>Este sistema tourguide para gu\u00edas tur\u00edsticos y grupos de 10 turistas es peque\u00f1o y ultraligero. El sistema tourguide Okayo Wavetalk puede utilizarse tanto como sistema tourguide inal\u00e1mbrico, sistema de audiodescripci\u00f3n o como sistema para interpretaci\u00f3n simult\u00e1nea.<\/p>\n","protected":false},"featured_media":52789,"template":"","meta":{"_acf_changed":false},"product_brand":[],"product_cat":[1039],"product_tag":[],"class_list":{"0":"post-29660","1":"product","2":"type-product","3":"status-publish","4":"has-post-thumbnail","6":"product_cat-conjuntos-de-radioguias","7":"pa_marka-okayo-es","9":"first","10":"outofstock","11":"taxable","12":"shipping-taxable","13":"purchasable","14":"product-type-simple"},"acf":[],"_links":{"self":[{"href":"https:\/\/mguide.eu\/es\/wp-json\/wp\/v2\/product\/29660","targetHints":{"allow":["GET"]}}],"collection":[{"href":"https:\/\/mguide.eu\/es\/wp-json\/wp\/v2\/product"}],"about":[{"href":"https:\/\/mguide.eu\/es\/wp-json\/wp\/v2\/types\/product"}],"wp:featuredmedia":[{"embeddable":true,"href":"https:\/\/mguide.eu\/es\/wp-json\/wp\/v2\/media\/52789"}],"wp:attachment":[{"href":"https:\/\/mguide.eu\/es\/wp-json\/wp\/v2\/media?parent=29660"}],"wp:term":[{"taxonomy":"product_brand","embeddable":true,"href":"https:\/\/mguide.eu\/es\/wp-json\/wp\/v2\/product_brand?post=29660"},{"taxonomy":"product_cat","embeddable":true,"href":"https:\/\/mguide.eu\/es\/wp-json\/wp\/v2\/product_cat?post=29660"},{"taxonomy":"product_tag","embeddable":true,"href":"https:\/\/mguide.eu\/es\/wp-json\/wp\/v2\/product_tag?post=29660"}],"curies":[{"name":"wp","href":"https:\/\/api.w.org\/{rel}","templated":true}]}}