{"id":30387,"date":"2022-06-13T10:53:53","date_gmt":"2022-06-13T08:53:53","guid":{"rendered":"https:\/\/mguide.eu\/produkt\/sistema-completo-de-audio-microfono-inalambrico-para-instructores-de-fitness-aerobic-okayo-srx-800-dl-8t\/"},"modified":"2022-08-17T14:34:20","modified_gmt":"2022-08-17T12:34:20","slug":"sistema-completo-de-audio-microfono-inalambrico-para-instructores-de-fitness-aerobic-okayo-srx-800-dl-8t","status":"publish","type":"product","link":"https:\/\/mguide.eu\/es\/produkt\/sistema-completo-de-audio-microfono-inalambrico-para-instructores-de-fitness-aerobic-okayo-srx-800-dl-8t\/","title":{"rendered":"Sistema completo de audio\/micr\u00f3fono inal\u00e1mbrico para instructores de fitness, aer\u00f3bic Okayo SRX-800 + DL-8T"},"content":{"rendered":"<p>El per\u00edodo de garant\u00eda es de 3 a\u00f1os.<br \/>\nLes ofrecemos asistencia t\u00e9cnica completa, actualizaciones y servicio del sistema tambi\u00e9n despu\u00e9s de que haya expirado el per\u00edodo de garant\u00eda.<\/p>\n<p>El conjunto consta de un peque\u00f1o receptor de dos canales y el micr\u00f3fono inal\u00e1mbrico para aer\u00f3bic\/fitness m\u00e1s peque\u00f1o y m\u00e1s ligero del mercado.<\/p>\n<p>Okayo ofrece la banda UHF inal\u00e1mbrica m\u00e1s reciente en tecnolog\u00eda digital y proporciona un sonido de alta calidad combinado con baja latencia y funci\u00f3n de distorsi\u00f3n de sonido. El sistema cuenta tambi\u00e9n con una pantalla LCD muy legible con la informaci\u00f3n m\u00e1s importante para el usuario. Adem\u00e1s, la funci\u00f3n SYNC ayuda a seleccionar f\u00e1cilmente un canal sin interferencias y a sincronizar los micr\u00f3fonos. Igualmente, el peque\u00f1o tama\u00f1o de los dispositivos no supone ning\u00fan problema a la hora de encontrarles un sitio para guardarlos.<\/p>\n<p>El sistema Okayo SRX-800 con el transmisor inal\u00e1mbrico DL-8T es una excelente entrada al mundo de la transmisi\u00f3n inal\u00e1mbrica de audio.<\/p>\n<p>\u00bfPor qu\u00e9 elegir este sistema?<br \/>\nEl sistema SRX-800 transmite en la banda digital 823 MHz ~ 832 MHz y 863 MHz ~ 865 MHz. Las dos bandas est\u00e1n lejos de las bandas utilizadas por los sistemas de micr\u00f3fono y Wi-Fi populares. El resultado es un sistema de micr\u00f3fono seguro, libre de interferencias y crujidos que suelen afectar a los sistemas inal\u00e1mbricos UHF est\u00e1ndar.<\/p>\n<p>Este sistema ofrece un funcionamiento extremadamente sencillo y una selecci\u00f3n de canales inmediata. Se pueden utilizar hasta dos conjuntos de micr\u00f3fonos al mismo tiempo sin tener que ajustar la frecuencia o el canal de grupo. No tiene que preocuparse de que los micr\u00f3fonos interfieran entre s\u00ed.<\/p>\n<p>El conjunto contiene:<br \/>\n&#8211; receptor fijo de dos canales SRX-800 con cable audio jack de 6,3 mm y accesorios para montaje en un sistema de armario rack<br \/>\n&#8211; transmisor inal\u00e1mbrico DL-8T con cable de carga USB-C y un cord\u00f3n de cuello<br \/>\n&#8211; micr\u00f3fono de diadema unidireccional ligero HM-55A para instructores<br \/>\n&#8211; Brazalete AP-1<\/p>\n<p>Caracter\u00edsticas del receptor Okayo SRX-800:<br \/>\n&#8211; modo autom\u00e1tico de escaneo y sincronizaci\u00f3n de canales del receptor con el transmisor<br \/>\n&#8211; un receptor admite dos micr\u00f3fonos<br \/>\n&#8211; dos bandas de frecuencia UHF combinadas 823 MHz ~ 832 MHz y 863 MHz ~ 865 MHz, 42 canales para elegir<br \/>\n&#8211; 2 tomas de salida de audio: XLR al amplificador \/ jack de 6,3 mm al mezclador<br \/>\n&#8211; carcasa de metal de 1\/4 con dos antenas<br \/>\n&#8211; pantalla LCD retroiluminada para facilitar la lectura de la informaci\u00f3n necesaria<br \/>\n&#8211; indicador de intensidad de la se\u00f1al<br \/>\n&#8211; indicador del estado de la bater\u00eda del transmisor<br \/>\n&#8211; receptor independiente con la opci\u00f3n de montaje en un sistema de armario rack<\/p>\n<p>Caracter\u00edsticas del transmisor Okayo DL-8T:<br \/>\npeque\u00f1o y muy ligero: \u00a1pesa solo 55 g!<br \/>\ndos bandas de frecuencia UHF combinadas 823 MHz ~ 832 MHz y 863 MHz ~ 865 MHz, 42 canales de radio para elegir<br \/>\nbater\u00eda recargable incorporada que garantiza una transmisi\u00f3n de se\u00f1al estable<br \/>\nm\u00e1s de 20 horas de funcionamiento continuo<br \/>\n2 &#8211; 4 horas de carga a trav\u00e9s del puerto USB-C<br \/>\nminiconector universal de 3,5 mm<\/p>\n<p>Especificaci\u00f3n t\u00e9cnica de Okayo SRX-800:<br \/>\nBanda de frecuencia: 823 ~ 832 MHz &amp; 863~ 865 MHz<br \/>\nN\u00famero de canales: 42<br \/>\nModulaci\u00f3n: 4 GFSK<br \/>\nT.H.D. (distorsi\u00f3n arm\u00f3nica total): &lt;3 % SNR (relaci\u00f3n se\u00f1al\/ruido ) &gt;75 dB<br \/>\nRespuesta en frecuencia: 100 ~ 8000 Hz<br \/>\nLatencia &lt;10 ms<br \/>\nSalida no balanceada 6,3 mm: Hi (High): 1250\u00b1100 mV \/ Low: 50\u00b1100 mV<br \/>\nSalida XLR balanceada: 650\u00b150 mV<br \/>\nAlcance de la transmisi\u00f3n: Hi: 70+ metros \/ Lo: 50+ metros<br \/>\nRango de temperatura de funcionamiento: -10\u00b0C ~ 60\u00b0C<br \/>\nDimensiones: (W x D x H): 117 x 190 x 50 mm (sin antenas)<br \/>\nPeso: 640\u00b130 g<\/p>\n<p>Especificaci\u00f3n t\u00e9cnica de Okayo DL-8T:<br \/>\nBanda de frecuencia: 823 ~ 832 MHz &amp; 863~ 865 MHz<br \/>\nN\u00famero de canales: 42<br \/>\nModulaci\u00f3n: 4 GFSK<br \/>\nT.H.D. para 1 kHz (distorsi\u00f3n arm\u00f3nica total): &lt;1,5 % Muestreo de audio: 24 kHz Rango din\u00e1mico: &gt;80 dB<br \/>\nRespuesta en frecuencia: 100 ~ 10000 Hz<br \/>\nLatencia: &lt;11 ms<br \/>\nPotencia de salida de la se\u00f1al: 10 mW<br \/>\nPantalla LCD: 0,66\u201d TN<br \/>\nToma de micr\u00f3fono: jack 3,5 mm mono<br \/>\nTipo de conector de carga: USB-C \/ 800 mA<br \/>\nAlimentaci\u00f3n: Bater\u00eda Li-Poly 3,7 V \/ 1300 mAh<br \/>\nTiempo de funcionamiento: hasta 25 horas<br \/>\nAlcance de la transmisi\u00f3n: Hi: 70+ metros \/ Lo: 50+ metros<br \/>\nRango de temperatura de funcionamiento: -10\u00b0C ~ 60\u00b0C<br \/>\nDimensiones (W x D x H): 44 x 81 x 15 mm (sin antenas)<br \/>\nPeso: 55 g<\/p>\n","protected":false},"excerpt":{"rendered":"<p>El ultraligero transmisor de tipo bodypack para instructores de fitness y aer\u00f3bic, en un conjunto con un receptor y un micr\u00f3fono de diadema deportivo, resultar\u00e1 perfecto durante todas las actividades de fitness, crossfit y aer\u00f3bic en espacios cerrados o al aire libre. Su peque\u00f1o tama\u00f1o y bajo peso no interfieren en los entrenamientos deportivos intensos.<\/p>\n","protected":false},"featured_media":38118,"template":"","meta":{"_acf_changed":false},"product_brand":[],"product_cat":[5187],"product_tag":[],"class_list":{"0":"post-30387","1":"product","2":"type-product","3":"status-publish","4":"has-post-thumbnail","6":"product_cat-sistemas-para-entrenamiento-de-fitness-aerobic","7":"pa_marka-okayo-es","9":"first","10":"instock","11":"taxable","12":"shipping-taxable","13":"purchasable","14":"product-type-simple"},"acf":[],"_links":{"self":[{"href":"https:\/\/mguide.eu\/es\/wp-json\/wp\/v2\/product\/30387","targetHints":{"allow":["GET"]}}],"collection":[{"href":"https:\/\/mguide.eu\/es\/wp-json\/wp\/v2\/product"}],"about":[{"href":"https:\/\/mguide.eu\/es\/wp-json\/wp\/v2\/types\/product"}],"wp:featuredmedia":[{"embeddable":true,"href":"https:\/\/mguide.eu\/es\/wp-json\/wp\/v2\/media\/38118"}],"wp:attachment":[{"href":"https:\/\/mguide.eu\/es\/wp-json\/wp\/v2\/media?parent=30387"}],"wp:term":[{"taxonomy":"product_brand","embeddable":true,"href":"https:\/\/mguide.eu\/es\/wp-json\/wp\/v2\/product_brand?post=30387"},{"taxonomy":"product_cat","embeddable":true,"href":"https:\/\/mguide.eu\/es\/wp-json\/wp\/v2\/product_cat?post=30387"},{"taxonomy":"product_tag","embeddable":true,"href":"https:\/\/mguide.eu\/es\/wp-json\/wp\/v2\/product_tag?post=30387"}],"curies":[{"name":"wp","href":"https:\/\/api.w.org\/{rel}","templated":true}]}}