{"id":30481,"date":"2022-06-14T15:47:13","date_gmt":"2022-06-14T13:47:13","guid":{"rendered":"https:\/\/mguide.eu\/produkt\/microfono-de-mano-inalambrico-transmisor-okayo-dl-8h\/"},"modified":"2022-06-14T15:47:13","modified_gmt":"2022-06-14T13:47:13","slug":"microfono-de-mano-inalambrico-transmisor-okayo-dl-8h","status":"publish","type":"product","link":"https:\/\/mguide.eu\/es\/produkt\/microfono-de-mano-inalambrico-transmisor-okayo-dl-8h\/","title":{"rendered":"Micr\u00f3fono de mano inal\u00e1mbrico \/ transmisor Okayo DL-8H"},"content":{"rendered":"<p>El per\u00edodo de garant\u00eda es de 3 a\u00f1os.<br \/>\nLes ofrecemos asistencia t\u00e9cnica completa, actualizaciones y servicio del sistema tambi\u00e9n despu\u00e9s de que haya expirado el per\u00edodo de garant\u00eda.<\/p>\n<p>Nota: \u00a1este producto no constituye un conjunto de audio completo, es solo un transmisor adicional!<\/p>\n<p>Transmisor inal\u00e1mbrico de mano con micr\u00f3fono de condensador. Okayo DL-8H proporciona un funcionamiento inal\u00e1mbrico estable y de calidad profesional en la banda de 800 MHz, es f\u00e1cil de usar y asequible. Cuenta con una pantalla LCD de f\u00e1cil lectura, sincronizaci\u00f3n autom\u00e1tica con el receptor y una caja de pl\u00e1stico ligera.<br \/>\nGracias a su c\u00e1psula cardioide y a su funcionamiento unidireccional, a\u00edsla eficazmente el ruido ambiental no deseado, especialmente el llamado ruido de fondo (por ejemplo, el ruido de la calle o de lugares muy concurridos). Es ideal para entrevistas, actuaciones en directo, presentaciones y muchas otras situaciones.<br \/>\nEl micr\u00f3fono DL-8H es compatible con el receptor Okayo SRX-800 (se pueden conectar 2 transmisores a 1 receptor).<br \/>\nEl sistema Okayo DL-8H es una excelente entrada al mundo de la transmisi\u00f3n inal\u00e1mbrica de audio.<br \/>\n\u00bfPor qu\u00e9 elegir este sistema?<br \/>\nEl sistema DL-8H transmite en la banda digital 823 MHz ~ 832 MHz y 863 MHz ~ 865 MHz. Las dos bandas est\u00e1n lejos de las bandas utilizadas por los sistemas inal\u00e1mbricos Wi-Fi populares. El resultado es un sistema de micr\u00f3fono seguro, libre de interferencias y crujidos que suelen afectar a los sistemas inal\u00e1mbricos UHF est\u00e1ndar.<\/p>\n<p>El conjunto contiene:<br \/>\n&#8211; micr\u00f3fono inal\u00e1mbrico DL-8H<br \/>\n&#8211; juego de pilas alcalinas<\/p>\n<p>Caracter\u00edsticas del micr\u00f3fono inal\u00e1mbrico DL-8H:<br \/>\n&#8211; 42 canales de radio en las bandas de frecuencia de 823 MHz ~ 832 MHz y 863 MHz ~ 865 MHz<br \/>\n&#8211; c\u00e1psula de condensador incorporada protegida con una malla mesh<br \/>\n&#8211; pantalla LCD retroiluminada<br \/>\n&#8211; sincronizaci\u00f3n autom\u00e1tica con el receptor<br \/>\n&#8211; alimentado por bater\u00edas alcalinas AA o bater\u00edas recargables AA Ni-MH (cargador fijo dedicado HDC-502 disponible)<br \/>\n&#8211; 2 modos de micr\u00f3fono disponibles (Push-To-Bolt y Push-To-Talk)<br \/>\n&#8211; extremadamente ligero y c\u00f3modo<br \/>\n&#8211; dise\u00f1o profesional<\/p>\n<p>Especificaci\u00f3n t\u00e9cnica de Okayo DL-8H:<br \/>\nTipo de micr\u00f3fono: condensador<br \/>\nTipo de c\u00e1psula: cardioide<br \/>\nCaracter\u00edstica direccional: unidireccional<br \/>\nBanda de frecuencia: 823 ~ 832 MHz &amp; 863~ 865 MHz<br \/>\nN\u00famero de canales: 42<br \/>\nModulaci\u00f3n: 4 GFSK<br \/>\nT.H.D. para 1 kHz (distorsi\u00f3n arm\u00f3nica total): &lt;1,5 % Relaci\u00f3n se\u00f1al\/ruido: &gt;75 dB<br \/>\nRespuesta en frecuencia: 130 ~ 7000 Hz<br \/>\nPotencia de salida de la se\u00f1al: 10 mW \/ 20 mW<br \/>\nAlimentaci\u00f3n: 2 x AA<br \/>\nTiempo de funcionamiento: m\u00e1s 13 horas<br \/>\nAlcance de la transmisi\u00f3n: Hi: 70+ metros \/ Lo: 50+ metros<br \/>\nRango de temperatura de funcionamiento: -10\u00b0C ~ 60\u00b0C<br \/>\nDimensiones D x H): 37 x 200 mm<br \/>\nPeso (sin bater\u00eda): 90\u00b15 g<\/p>\n","protected":false},"excerpt":{"rendered":"<p>Micr\u00f3fono de mano inal\u00e1mbrico para los sistemas Okayo SRX-800. El producto es un micr\u00f3fono adicional y requiere el receptor de escritorio SRX-800 para funcionar.<\/p>\n","protected":false},"featured_media":38133,"template":"","meta":{"_acf_changed":false},"product_brand":[],"product_cat":[5188],"product_tag":[],"class_list":{"0":"post-30481","1":"product","2":"type-product","3":"status-publish","4":"has-post-thumbnail","6":"product_cat-conjuntos-de-microfonos-inalambricos","7":"pa_marka-okayo-es","9":"first","10":"instock","11":"taxable","12":"shipping-taxable","13":"purchasable","14":"product-type-simple"},"acf":[],"_links":{"self":[{"href":"https:\/\/mguide.eu\/es\/wp-json\/wp\/v2\/product\/30481","targetHints":{"allow":["GET"]}}],"collection":[{"href":"https:\/\/mguide.eu\/es\/wp-json\/wp\/v2\/product"}],"about":[{"href":"https:\/\/mguide.eu\/es\/wp-json\/wp\/v2\/types\/product"}],"wp:featuredmedia":[{"embeddable":true,"href":"https:\/\/mguide.eu\/es\/wp-json\/wp\/v2\/media\/38133"}],"wp:attachment":[{"href":"https:\/\/mguide.eu\/es\/wp-json\/wp\/v2\/media?parent=30481"}],"wp:term":[{"taxonomy":"product_brand","embeddable":true,"href":"https:\/\/mguide.eu\/es\/wp-json\/wp\/v2\/product_brand?post=30481"},{"taxonomy":"product_cat","embeddable":true,"href":"https:\/\/mguide.eu\/es\/wp-json\/wp\/v2\/product_cat?post=30481"},{"taxonomy":"product_tag","embeddable":true,"href":"https:\/\/mguide.eu\/es\/wp-json\/wp\/v2\/product_tag?post=30481"}],"curies":[{"name":"wp","href":"https:\/\/api.w.org\/{rel}","templated":true}]}}