{"id":30486,"date":"2022-06-27T13:33:18","date_gmt":"2022-06-27T11:33:18","guid":{"rendered":"https:\/\/mguide.eu\/?post_type=product&#038;p=30486"},"modified":"2022-06-27T13:58:05","modified_gmt":"2022-06-27T11:58:05","slug":"transmisor-ultraligero-bodypack-beltpack-microfono-de-solapa-okayo-dl-8t","status":"publish","type":"product","link":"https:\/\/mguide.eu\/es\/produkt\/transmisor-ultraligero-bodypack-beltpack-microfono-de-solapa-okayo-dl-8t\/","title":{"rendered":"Transmisor ultraligero bodypack \/ beltpack \/ micr\u00f3fono de solapa Okayo DL-8T"},"content":{"rendered":"<p>El per\u00edodo de garant\u00eda es de 3 a\u00f1os.<br \/>\nLes ofrecemos asistencia t\u00e9cnica completa, actualizaciones y servicio del sistema tambi\u00e9n despu\u00e9s de que haya expirado el per\u00edodo de garant\u00eda.<\/p>\n<p>Nota: \u00a1este producto no constituye un conjunto de audio completo, es solo un transmisor adicional!<\/p>\n<p>El modelo Okayo DL-8T es posiblemente el micr\u00f3fono de solapa\/transmisor de tipo bodypack m\u00e1s ligero y peque\u00f1o del mercado. \u00a1Sus dimensiones sin la antena son 44 x 81 x 15 mm y el peso es de solo 55 g!<\/p>\n<p>Es un transmisor de bolsillo UHF multifrecuencia en modulaci\u00f3n digital 4 GFSK de la marca taiwanesa Okayo Electronics. Es adecuado para micr\u00f3fonos de diadema o de solapa con un conector universal mini jack mono de 3,5 mm. Permite seleccionar 42 canales en dos frecuencias en la banda de 800 MHz.<\/p>\n<p>El bodypack DL-8T es compatible con el receptor Okayo SRX-800 (se pueden conectar 2 transmisores a 1 receptor).<\/p>\n<p>El sistema Okayo DL-8T es una excelente entrada al mundo de la transmisi\u00f3n inal\u00e1mbrica de audio.<br \/>\n\u00bfPor qu\u00e9 elegir este sistema?<br \/>\nEl sistema DL-8T transmite en la banda digital 823 MHz ~ 832 MHz y 863 MHz ~ 865 MHz. Las dos bandas est\u00e1n lejos de las bandas utilizadas por los sistemas de micr\u00f3fono y Wi-Fi populares. El resultado es un sistema de micr\u00f3fono seguro, libre de interferencias y crujidos que suelen afectar a los sistemas inal\u00e1mbricos UHF est\u00e1ndar.<\/p>\n<p>El conjunto contiene:<br \/>\n&#8211; transmisor inal\u00e1mbrico DL-8T<br \/>\n&#8211; micr\u00f3fono de corbata LM-50A<br \/>\n&#8211; cable de carga USB-C<br \/>\n&#8211; cord\u00f3n de cuello<\/p>\n<p>Caracter\u00edsticas del transmisor Okayo DL-8T:<br \/>\n&#8211; peque\u00f1o y muy ligero: \u00a1pesa solo 55 g!<br \/>\n&#8211; dos bandas de frecuencia UHF combinadas 823 MHz ~ 832 MHz y 863 MHz ~ 865 MHz, 42 canales de radio para elegir<br \/>\n&#8211; bater\u00eda recargable incorporada que garantiza una transmisi\u00f3n de se\u00f1al estable<br \/>\n&#8211; m\u00e1s de 20 horas de funcionamiento continuo<br \/>\n&#8211; 2 &#8211; 4 horas de carga a trav\u00e9s del puerto USB-C<br \/>\n&#8211; miniconector universal de 3,5 mm<\/p>\n<p>Especificaci\u00f3n t\u00e9cnica de Okayo DL-8T:<br \/>\nBanda de frecuencia: 823 ~ 832 MHz &amp; 863~ 865 MHz<br \/>\nN\u00famero de canales: 42<br \/>\nModulaci\u00f3n: 4 GFSK<br \/>\nT.H.D. para 1 kHz (distorsi\u00f3n arm\u00f3nica total): &lt;1,5 % Muestreo de audio: 24 kHz Rango din\u00e1mico: &gt;80 dB<br \/>\nRespuesta en frecuencia: 100 ~ 10000 Hz<br \/>\nLatencia &lt;11 ms<br \/>\nPotencia de salida de la se\u00f1al: 10 mW<br \/>\nPantalla LCD: 0,66\u201d TN<br \/>\nToma de micr\u00f3fono: jack 3,5 mm mono<br \/>\nTipo de conector de carga: USB-C \/ 800 mA<br \/>\nAlimentaci\u00f3n: Bater\u00eda Li-Poly 3,7 V \/ 1300 mAh<br \/>\nTiempo de funcionamiento: hasta 25 horas<br \/>\nAlcance de la transmisi\u00f3n: Hi: 70+ metros \/ Lo: 50+ metros<br \/>\nRango de temperatura de funcionamiento: -10\u00b0C ~ 60\u00b0C<br \/>\nDimensiones (W x D x H): 44 x 81 x 15 mm (sin antenas)<br \/>\nPeso: 55 g<\/p>\n","protected":false},"excerpt":{"rendered":"<p>Transmisor de tipo bodypack para sets de micr\u00f3fonos inal\u00e1mbricos Okayo SRX-800. El producto es un transmisor adicional y requiere el receptor de escritorio SRX-800 para funcionar.<\/p>\n","protected":false},"featured_media":38154,"template":"","meta":{"_acf_changed":false},"product_brand":[],"product_cat":[5188],"product_tag":[],"class_list":{"0":"post-30486","1":"product","2":"type-product","3":"status-publish","4":"has-post-thumbnail","6":"product_cat-conjuntos-de-microfonos-inalambricos","7":"pa_marka-okayo-es","9":"first","10":"instock","11":"taxable","12":"shipping-taxable","13":"purchasable","14":"product-type-simple"},"acf":[],"_links":{"self":[{"href":"https:\/\/mguide.eu\/es\/wp-json\/wp\/v2\/product\/30486","targetHints":{"allow":["GET"]}}],"collection":[{"href":"https:\/\/mguide.eu\/es\/wp-json\/wp\/v2\/product"}],"about":[{"href":"https:\/\/mguide.eu\/es\/wp-json\/wp\/v2\/types\/product"}],"wp:featuredmedia":[{"embeddable":true,"href":"https:\/\/mguide.eu\/es\/wp-json\/wp\/v2\/media\/38154"}],"wp:attachment":[{"href":"https:\/\/mguide.eu\/es\/wp-json\/wp\/v2\/media?parent=30486"}],"wp:term":[{"taxonomy":"product_brand","embeddable":true,"href":"https:\/\/mguide.eu\/es\/wp-json\/wp\/v2\/product_brand?post=30486"},{"taxonomy":"product_cat","embeddable":true,"href":"https:\/\/mguide.eu\/es\/wp-json\/wp\/v2\/product_cat?post=30486"},{"taxonomy":"product_tag","embeddable":true,"href":"https:\/\/mguide.eu\/es\/wp-json\/wp\/v2\/product_tag?post=30486"}],"curies":[{"name":"wp","href":"https:\/\/api.w.org\/{rel}","templated":true}]}}