{"id":30562,"date":"2022-06-28T10:39:01","date_gmt":"2022-06-28T08:39:01","guid":{"rendered":"https:\/\/mguide.eu\/?post_type=product&#038;p=30562"},"modified":"2022-06-28T11:12:24","modified_gmt":"2022-06-28T09:12:24","slug":"juego-de-2-microfonos-inalambricos-okayo-dl-8h-receptor-multifrecuencia-okayo-srx-800","status":"publish","type":"product","link":"https:\/\/mguide.eu\/es\/produkt\/juego-de-2-microfonos-inalambricos-okayo-dl-8h-receptor-multifrecuencia-okayo-srx-800\/","title":{"rendered":"Juego de 2 micr\u00f3fonos inal\u00e1mbricos Okayo DL-8H + receptor multifrecuencia Okayo SRX-800"},"content":{"rendered":"<p>El per\u00edodo de garant\u00eda es de 3 a\u00f1os.<br \/>\nLes ofrecemos asistencia t\u00e9cnica completa, actualizaciones y servicio del sistema tambi\u00e9n despu\u00e9s de que haya expirado el per\u00edodo de garant\u00eda.<\/p>\n<p>El conjunto consta de un peque\u00f1o receptor estacionario de dos canales y 2 micr\u00f3fonos de condensador inal\u00e1mbricos.<\/p>\n<p>El sistema Okayo SRX-800 con el transmisor inal\u00e1mbrico DL-8 es una excelente entrada al mundo de la transmisi\u00f3n inal\u00e1mbrica de audio.<br \/>\n\u00bfPor qu\u00e9 elegir este sistema?<br \/>\nEl sistema SRX-800 transmite en la banda digital 823 MHz ~ 832 MHz y 863 MHz ~ 865 MHz. Las dos bandas est\u00e1n lejos de las bandas utilizadas por los sistemas de micr\u00f3fono y Wi-Fi populares. El resultado es un sistema de micr\u00f3fono seguro, libre de interferencias y crujidos que suelen afectar a los sistemas inal\u00e1mbricos UHF est\u00e1ndar.<\/p>\n<p>Okayo ofrece la banda UHF inal\u00e1mbrica m\u00e1s reciente en tecnolog\u00eda digital y proporciona un sonido de alta calidad combinado con baja latencia y funci\u00f3n de distorsi\u00f3n de sonido. El sistema cuenta tambi\u00e9n con una pantalla LCD muy legible con la informaci\u00f3n m\u00e1s importante para el usuario. Adem\u00e1s, la funci\u00f3n SYNC ayuda a seleccionar f\u00e1cilmente un canal sin interferencias y a sincronizar los micr\u00f3fonos. Igualmente, el peque\u00f1o tama\u00f1o de los dispositivos no supone ning\u00fan problema a la hora de encontrarles un sitio para guardarlos.<\/p>\n<p>Este sistema ofrece un funcionamiento extremadamente sencillo y una selecci\u00f3n de canales inmediata. Se pueden utilizar dos conjuntos de micr\u00f3fonos al mismo tiempo sin tener que ajustar la frecuencia o el canal de grupo. No tiene que preocuparse de que los micr\u00f3fonos interfieran entre s\u00ed. Se pueden usar hasta 20 micr\u00f3fonos inal\u00e1mbricos (10 receptores) en la misma \u00e1rea sin preocuparse por interferencias mutuas en la transmisi\u00f3n de sonido.<\/p>\n<p>El conjunto contiene:<br \/>\nreceptor fijo de dos canales SRX-800 con cable de audio jack de 6,3 mm y accesorios para montaje en un sistema de armario rack<br \/>\nmicr\u00f3fono inal\u00e1mbrico DL-8H &#8211; 2 piezas<br \/>\njuego de pilas alcalinas<\/p>\n<p>Caracter\u00edsticas del receptor Okayo SRX-800:<br \/>\nmodo autom\u00e1tico de escaneo y sincronizaci\u00f3n de canales del receptor con el transmisor<br \/>\nun receptor admite dos micr\u00f3fonos<br \/>\ndos bandas de frecuencia UHF combinadas 823 MHz ~ 832 MHz y 863 MHz ~ 865 MHz, 42 canales para elegir<br \/>\n2 tomas de salida de audio: XLR al amplificador \/ jack de 6,3 mm al mezclador<br \/>\ncarcasa de metal de 1\/4 con dos antenas<br \/>\npantalla LCD retroiluminada para facilitar la lectura de la informaci\u00f3n necesaria<br \/>\nindicador de intensidad de la se\u00f1al<br \/>\nindicador del estado de la bater\u00eda del transmisor<br \/>\nreceptor independiente con la opci\u00f3n de montaje en un sistema de armario rack<\/p>\n<p>Caracter\u00edsticas del micr\u00f3fono inal\u00e1mbrico DL-8H<br \/>\n42 canales de radio en las bandas de frecuencia de 823 MHz ~ 832 MHz y 863 MHz ~ 865 MHz<br \/>\nc\u00e1psula de condensador incorporada protegida con una malla mesh<br \/>\npantalla LCD retroiluminada<br \/>\nsincronizaci\u00f3n autom\u00e1tica con el receptor<br \/>\nalimentado por bater\u00edas alcalinas AA o bater\u00edas recargables AA Ni-MH (cargador fijo dedicado HDC-502 disponible)<br \/>\n2 modos de micr\u00f3fono disponibles (Push-To-Bolt y Push-To-Talk)<br \/>\nextremadamente ligero y c\u00f3modo<br \/>\ndise\u00f1o profesional<\/p>\n<p>Especificaci\u00f3n t\u00e9cnica de Okayo SRX-800:<br \/>\nBanda de frecuencia: 823 ~ 832 MHz &#038; 863~ 865 MHz<br \/>\nN\u00famero de canales: 42<br \/>\nModulaci\u00f3n: 4 GFSK<br \/>\nT.H.D. (distorsi\u00f3n arm\u00f3nica total): <3 %\nSNR ( relaci\u00f3n se\u00f1al\/ruido ) >75 dB<br \/>\nRespuesta en frecuencia: 100 ~ 8000 Hz<br \/>\nLatencia <10 ms\nSalida no balanceada 6,3 mm: Hi (High): 1250\u00b1100 mV \/ Low: 50\u00b1100 mV\nSalida XLR balanceada: 650\u00b150 mV\nAlcance de la transmisi\u00f3n: Hi: 70+ metros \/ Lo: 50+ metros\nRango de temperatura de funcionamiento: -10\u00b0C ~ 60\u00b0C\nDimensiones: (W x D x H): 117 x 190 x 50 mm (sin antenas)\nPeso: 640\u00b130 g\n\nEspecificaci\u00f3n t\u00e9cnica de Okayo DL-8H:\nTipo de micr\u00f3fono: condensador\nTipo de c\u00e1psula: cardioide\nCaracter\u00edstica direccional: unidireccional\nBanda de frecuencia: 823 ~ 832 MHz &#038; 863~ 865 MHz\nN\u00famero de canales: 42\nModulaci\u00f3n: 4 GFSK\nT.H.D. para 1 kHz (distorsi\u00f3n arm\u00f3nica total): <1,5 %\nRelaci\u00f3n se\u00f1al\/ruido: >75 dB<br \/>\nRespuesta en frecuencia: 130 ~ 7000 Hz<br \/>\nPotencia de salida de la se\u00f1al: 10 mW \/ 20 mW<br \/>\nAlimentaci\u00f3n: 2 x AA<br \/>\nTiempo de funcionamiento: m\u00e1s 13 horas<br \/>\nAlcance de la transmisi\u00f3n: Hi: 70+ metros \/ Lo: 50+ metros<br \/>\nRango de temperatura de funcionamiento: -10\u00b0C ~ 60\u00b0C<br \/>\nDimensiones  D x H): 37 x 200 mm<br \/>\nPeso (sin bater\u00eda): 90\u00b15 g<\/p>\n","protected":false},"excerpt":{"rendered":"<p>Set de 2 micr\u00f3fonos inal\u00e1mbricos para micr\u00f3fonos de mano para escenarios y realizaciones esc\u00e9nicas. El conjunto incluye el receptor estacionario SRX-800.<\/p>\n","protected":false},"featured_media":38147,"template":"","meta":{"_acf_changed":false},"product_brand":[],"product_cat":[5188],"product_tag":[],"class_list":{"0":"post-30562","1":"product","2":"type-product","3":"status-publish","4":"has-post-thumbnail","6":"product_cat-conjuntos-de-microfonos-inalambricos","7":"pa_marka-okayo-es","9":"first","10":"instock","11":"taxable","12":"shipping-taxable","13":"purchasable","14":"product-type-simple"},"acf":[],"_links":{"self":[{"href":"https:\/\/mguide.eu\/es\/wp-json\/wp\/v2\/product\/30562","targetHints":{"allow":["GET"]}}],"collection":[{"href":"https:\/\/mguide.eu\/es\/wp-json\/wp\/v2\/product"}],"about":[{"href":"https:\/\/mguide.eu\/es\/wp-json\/wp\/v2\/types\/product"}],"wp:featuredmedia":[{"embeddable":true,"href":"https:\/\/mguide.eu\/es\/wp-json\/wp\/v2\/media\/38147"}],"wp:attachment":[{"href":"https:\/\/mguide.eu\/es\/wp-json\/wp\/v2\/media?parent=30562"}],"wp:term":[{"taxonomy":"product_brand","embeddable":true,"href":"https:\/\/mguide.eu\/es\/wp-json\/wp\/v2\/product_brand?post=30562"},{"taxonomy":"product_cat","embeddable":true,"href":"https:\/\/mguide.eu\/es\/wp-json\/wp\/v2\/product_cat?post=30562"},{"taxonomy":"product_tag","embeddable":true,"href":"https:\/\/mguide.eu\/es\/wp-json\/wp\/v2\/product_tag?post=30562"}],"curies":[{"name":"wp","href":"https:\/\/api.w.org\/{rel}","templated":true}]}}