{"id":30584,"date":"2022-06-28T11:16:54","date_gmt":"2022-06-28T09:16:54","guid":{"rendered":"https:\/\/mguide.eu\/?post_type=product&#038;p=30584"},"modified":"2022-06-28T11:40:07","modified_gmt":"2022-06-28T09:40:07","slug":"conjunto-de-micropuertos-inalambricos-transmisores-receptor-multifrecuencia-srx-800-2-uds-transmisores-dl-8t","status":"publish","type":"product","link":"https:\/\/mguide.eu\/es\/produkt\/conjunto-de-micropuertos-inalambricos-transmisores-receptor-multifrecuencia-srx-800-2-uds-transmisores-dl-8t\/","title":{"rendered":"Conjunto de micropuertos inal\u00e1mbricos \/ transmisores \/ receptor multifrecuencia SRX-800 + 2 uds transmisores DL-8T"},"content":{"rendered":"<p>El per\u00edodo de garant\u00eda es de 3 a\u00f1os.<br \/>\nLes ofrecemos asistencia t\u00e9cnica completa, actualizaciones y servicio del sistema tambi\u00e9n despu\u00e9s de que haya expirado el per\u00edodo de garant\u00eda.<\/p>\n<p>El conjunto consta de un peque\u00f1o receptor estacionario de dos canales y 2 transmisores de petaca de bolsillo ultraligeros con micr\u00f3fonos de corbata.<\/p>\n<p>El sistema Okayo SRX-800 con el transmisor inal\u00e1mbrico DL-8 es una excelente entrada al mundo de la transmisi\u00f3n inal\u00e1mbrica de audio.<br \/>\n\u00bfPor qu\u00e9 elegir este sistema?<br \/>\nEl sistema SRX-800 transmite en la banda digital 823 MHz ~ 832 MHz y 863 MHz ~ 865 MHz. Las dos bandas est\u00e1n lejos de las bandas utilizadas por los sistemas de micr\u00f3fono y Wi-Fi populares. El resultado es un sistema de micr\u00f3fono seguro, libre de interferencias y crujidos que suelen afectar a los sistemas inal\u00e1mbricos UHF est\u00e1ndar.<\/p>\n<p>Okayo ofrece la banda UHF inal\u00e1mbrica m\u00e1s reciente en tecnolog\u00eda digital y proporciona un sonido de alta calidad combinado con baja latencia y funci\u00f3n de distorsi\u00f3n de sonido. El sistema cuenta tambi\u00e9n con una pantalla LCD muy legible con la informaci\u00f3n m\u00e1s importante para el usuario. Adem\u00e1s, la funci\u00f3n SYNC ayuda a seleccionar f\u00e1cilmente un canal sin interferencias y a sincronizar los micr\u00f3fonos. Igualmente, el peque\u00f1o tama\u00f1o de los dispositivos no supone ning\u00fan problema a la hora de encontrarles un sitio para guardarlos.<\/p>\n<p>Este sistema ofrece un funcionamiento extremadamente sencillo y una selecci\u00f3n de canales inmediata. Se pueden utilizar dos conjuntos de micr\u00f3fonos al mismo tiempo sin tener que ajustar la frecuencia o el canal de grupo. No tiene que preocuparse de que los micr\u00f3fonos interfieran entre s\u00ed. Se pueden usar hasta 20 micr\u00f3fonos inal\u00e1mbricos (10 receptores) en la misma \u00e1rea sin preocuparse por interferencias mutuas en la transmisi\u00f3n de sonido.<\/p>\n<p>El conjunto contiene:<br \/>\nreceptor fijo de dos canales SRX-800 con cable de audio jack de 6,3 mm y accesorios para montaje en un sistema de armario rack<br \/>\ntransmisor inal\u00e1mbrico DL-8T con cable de carga USB-C y un cord\u00f3n de cuello &#8211; 2 piezas<br \/>\nmicr\u00f3fono de corbata LM-50A &#8211; 2 piezas<\/p>\n<p>Caracter\u00edsticas del receptor Okayo SRX-800:<br \/>\nmodo autom\u00e1tico de escaneo y sincronizaci\u00f3n de canales del receptor con el transmisor<br \/>\nun receptor admite dos micr\u00f3fonos<br \/>\ndos bandas de frecuencia UHF combinadas 823 MHz ~ 832 MHz y 863 MHz ~ 865 MHz, 42 canales para elegir<br \/>\n2 tomas de salida de audio: XLR al amplificador \/ jack de 6,3 mm al mezclador<br \/>\ncarcasa de metal de 1\/4 con dos antenas<br \/>\npantalla LCD retroiluminada para facilitar la lectura de la informaci\u00f3n necesaria<br \/>\nindicador de intensidad de la se\u00f1al<br \/>\nindicador del estado de la bater\u00eda del transmisor<br \/>\nreceptor independiente con la opci\u00f3n de montaje en un sistema de armario rack<\/p>\n<p>Caracter\u00edsticas del transmisor Okayo DL-8T:<br \/>\npeque\u00f1o y muy ligero: \u00a1pesa solo 55 g!<br \/>\ndos bandas de frecuencia UHF combinadas 823 MHz ~ 832 MHz y 863 MHz ~ 865 MHz, 42 canales de radio para elegir<br \/>\nbater\u00eda recargable incorporada que garantiza una transmisi\u00f3n de se\u00f1al estable<br \/>\nm\u00e1s de 20 horas de funcionamiento continuo<br \/>\n2 &#8211; 4 horas de carga a trav\u00e9s del puerto USB-C<br \/>\nminiconector universal de 3,5 mm<\/p>\n<p>Especificaci\u00f3n t\u00e9cnica de Okayo SRX-800:<br \/>\nBanda de frecuencia: 823 ~ 832 MHz &#038; 863~ 865 MHz<br \/>\nN\u00famero de canales: 42<br \/>\nModulaci\u00f3n: 4 GFSK<br \/>\nT.H.D. (distorsi\u00f3n arm\u00f3nica total): <3 %\nSNR ( relaci\u00f3n se\u00f1al\/ruido ) >75 dB<br \/>\nRespuesta en frecuencia: 100 ~ 8000 Hz<br \/>\nLatencia <10 ms\nSalida no balanceada 6,3 mm: Hi (High): 1250\u00b1100 mV \/ Low: 50\u00b1100 mV\nSalida XLR balanceada: 650\u00b150 mV\nAlcance de la transmisi\u00f3n: Hi: 70+ metros \/ Lo: 50+ metros\nRango de temperatura de funcionamiento: -10\u00b0C ~ 60\u00b0C\nDimensiones: (W x D x H): 117 x 190 x 50 mm (sin antenas)\nPeso: 640\u00b130 g\n\nEspecificaci\u00f3n t\u00e9cnica de Okayo DL-8T:\nBanda de frecuencia: 823 ~ 832 MHz &#038; 863~ 865 MHz\nN\u00famero de canales: 42\nModulaci\u00f3n: 4 GFSK\nT.H.D. para 1 kHz (distorsi\u00f3n arm\u00f3nica total): <1,5 %\nMuestreo de audio: 24 kHz\nRango din\u00e1mico: >80 dB<br \/>\nRespuesta en frecuencia: 100 ~ 10000 Hz<br \/>\nLatencia <11 ms\nPotencia de salida de la se\u00f1al: 10 mW \/ 20 mW\nPantalla LCD: 0,66\u201d TN\nToma de micr\u00f3fono: jack 3,5 mm mono\nTipo de conector de carga: USB-C \/ 800 mA\nAlimentaci\u00f3n: Bater\u00eda Li-Poly 3,7 V \/ 1300 mAh\nTiempo de funcionamiento: hasta 25 horas\nAlcance de la transmisi\u00f3n: Hi: 70+ metros \/ Lo: 50+ metros\nRango de temperatura de funcionamiento: -10\u00b0C ~ 60\u00b0C\nDimensiones (W x D x H): 44 x 81 x 15 mm (sin antenas)\nPeso: 55 g\n\n<\/p>\n","protected":false},"excerpt":{"rendered":"<p>Conjunto de 2 micropuertos inal\u00e1mbricos con micr\u00f3fonos de pinza para escenario y realizaciones esc\u00e9nicas. El conjunto incluye el receptor estacionario SRX-800.<\/p>\n","protected":false},"featured_media":38161,"template":"","meta":{"_acf_changed":false},"product_brand":[],"product_cat":[5188],"product_tag":[],"class_list":{"0":"post-30584","1":"product","2":"type-product","3":"status-publish","4":"has-post-thumbnail","6":"product_cat-conjuntos-de-microfonos-inalambricos","7":"pa_marka-okayo-es","9":"first","10":"instock","11":"taxable","12":"shipping-taxable","13":"purchasable","14":"product-type-simple"},"acf":[],"_links":{"self":[{"href":"https:\/\/mguide.eu\/es\/wp-json\/wp\/v2\/product\/30584","targetHints":{"allow":["GET"]}}],"collection":[{"href":"https:\/\/mguide.eu\/es\/wp-json\/wp\/v2\/product"}],"about":[{"href":"https:\/\/mguide.eu\/es\/wp-json\/wp\/v2\/types\/product"}],"wp:featuredmedia":[{"embeddable":true,"href":"https:\/\/mguide.eu\/es\/wp-json\/wp\/v2\/media\/38161"}],"wp:attachment":[{"href":"https:\/\/mguide.eu\/es\/wp-json\/wp\/v2\/media?parent=30584"}],"wp:term":[{"taxonomy":"product_brand","embeddable":true,"href":"https:\/\/mguide.eu\/es\/wp-json\/wp\/v2\/product_brand?post=30584"},{"taxonomy":"product_cat","embeddable":true,"href":"https:\/\/mguide.eu\/es\/wp-json\/wp\/v2\/product_cat?post=30584"},{"taxonomy":"product_tag","embeddable":true,"href":"https:\/\/mguide.eu\/es\/wp-json\/wp\/v2\/product_tag?post=30584"}],"curies":[{"name":"wp","href":"https:\/\/api.w.org\/{rel}","templated":true}]}}