{"id":31464,"date":"2022-08-03T12:13:55","date_gmt":"2022-08-03T10:13:55","guid":{"rendered":"https:\/\/mguide.eu\/?post_type=product&#038;p=31464"},"modified":"2022-09-02T11:13:58","modified_gmt":"2022-09-02T09:13:58","slug":"valise-de-transport-tr-003","status":"publish","type":"product","link":"https:\/\/mguide.eu\/es\/produkt\/valise-de-transport-tr-003\/","title":{"rendered":"Valise de transport TR-003"},"content":{"rendered":"<p>TR-003 Comfort est un bo\u00eetier l\u00e9ger (plastique) et tr\u00e8s compact qui offre de la place pour 3 appareils. Cette mallette est id\u00e9ale pour transporter un syst\u00e8me de communication interphone.<\/p>\n","protected":false},"excerpt":{"rendered":"<p>TR-003 Comfort est un bo\u00eetier l\u00e9ger (plastique) et tr\u00e8s compact qui offre de la place pour 3 appareils. <\/p>\n","protected":false},"featured_media":31472,"template":"","meta":{"_acf_changed":false},"product_brand":[],"product_cat":[5213],"product_tag":[],"class_list":{"0":"post-31464","1":"product","2":"type-product","3":"status-publish","4":"has-post-thumbnail","6":"product_cat-maletines-y-cajas-de-transporte-para-sistemas-de-intercomunicacion","7":"pa_marka-axiwi-es","9":"first","10":"instock","11":"taxable","12":"shipping-taxable","13":"purchasable","14":"product-type-simple"},"acf":[],"_links":{"self":[{"href":"https:\/\/mguide.eu\/es\/wp-json\/wp\/v2\/product\/31464","targetHints":{"allow":["GET"]}}],"collection":[{"href":"https:\/\/mguide.eu\/es\/wp-json\/wp\/v2\/product"}],"about":[{"href":"https:\/\/mguide.eu\/es\/wp-json\/wp\/v2\/types\/product"}],"wp:featuredmedia":[{"embeddable":true,"href":"https:\/\/mguide.eu\/es\/wp-json\/wp\/v2\/media\/31472"}],"wp:attachment":[{"href":"https:\/\/mguide.eu\/es\/wp-json\/wp\/v2\/media?parent=31464"}],"wp:term":[{"taxonomy":"product_brand","embeddable":true,"href":"https:\/\/mguide.eu\/es\/wp-json\/wp\/v2\/product_brand?post=31464"},{"taxonomy":"product_cat","embeddable":true,"href":"https:\/\/mguide.eu\/es\/wp-json\/wp\/v2\/product_cat?post=31464"},{"taxonomy":"product_tag","embeddable":true,"href":"https:\/\/mguide.eu\/es\/wp-json\/wp\/v2\/product_tag?post=31464"}],"curies":[{"name":"wp","href":"https:\/\/api.w.org\/{rel}","templated":true}]}}