{"id":32458,"date":"2021-03-15T12:55:41","date_gmt":"2021-03-15T11:55:41","guid":{"rendered":"https:\/\/mguide.eu\/produkt\/cargador-ni-mh-everactive-nc-1200-para-12-baterias\/"},"modified":"2022-09-21T16:18:54","modified_gmt":"2022-09-21T14:18:54","slug":"cargador-ni-mh-everactive-nc-1200-para-12-baterias","status":"publish","type":"product","link":"https:\/\/mguide.eu\/es\/produkt\/cargador-ni-mh-everactive-nc-1200-para-12-baterias\/","title":{"rendered":"Cargador Ni-MH everActive NC-1200 para 12 bater\u00edas"},"content":{"rendered":"<p>El cargado everActive NC-1200 tiene hasta 12 ranuras de carga independientes para bater\u00edas Ni-MH en tama\u00f1os R6\/AA o R03\/AAA, cada bater\u00eda se carga individualmente.<\/p>\n<p>Permite cargar 12 pilas recargables R6\/AA o R03\/AA en cualquier configuraci\u00f3n \/ combinaci\u00f3n, de cualquier capacidad, de cualquier fabricante.<\/p>\n<p>Caracter\u00edsticas principales del cargador NC-1200:<br \/>\n&#8211; Carga r\u00e1pida de un gran n\u00famero de bater\u00edas simult\u00e1neamente. Es ideal para uso industrial y profesional.<br \/>\n&#8211; Pantalla LCD retroiluminada con indicador de carga de la bater\u00eda para cada ranura de carga por separado: durante la carga, muestra el nivel de carga actual en un gr\u00e1fico de barras de una manera sencilla y legible (correspondiente al 25\/50\/75\/100%).<br \/>\n&#8211; adaptador de red de 100-240 V CA y adaptador de coche de 12 V incluidos<br \/>\n&#8211; Cuenta con una funci\u00f3n de refrescar (descargar) las bater\u00edas, lo que permite disfrutar del buen estado de las bater\u00edas por m\u00e1s tiempo.<br \/>\n&#8211; El cargador tiene protecci\u00f3n contra cortocircuito, contra inserci\u00f3n incorrecta de bater\u00edas y contra sobrecalentamiento.<br \/>\n&#8211; El proceso de carga est\u00e1 controlado por un microprocesador con detecci\u00f3n de -dV, lo que garantiza una carga completa para cada bater\u00eda de manera individual.<br \/>\nContenido del conjunto:<br \/>\n&#8211; cargador<br \/>\n&#8211; adaptador de red<br \/>\n&#8211; adaptador de coche de 12 V<br \/>\n&#8211; manual de instrucciones en polaco, ingl\u00e9s y alem\u00e1n<\/p>\n","protected":false},"excerpt":{"rendered":"<p>El cargado everActive NC-1200 tiene hasta 12 ranuras de carga independientes para bater\u00edas Ni-MH en tama\u00f1os R6\/AA o R03\/AAA, cada bater\u00eda se carga individualmente.<\/p>\n","protected":false},"featured_media":24386,"template":"","meta":{"_acf_changed":false},"product_brand":[],"product_cat":[5161,1969],"product_tag":[],"class_list":{"0":"post-32458","1":"product","2":"type-product","3":"status-publish","4":"has-post-thumbnail","6":"product_cat-cargadores-para-sistemas-de-intercomunicacion","7":"product_cat-cargadores","8":"pa_marka-everactive-es","10":"first","11":"instock","12":"taxable","13":"shipping-taxable","14":"purchasable","15":"product-type-simple"},"acf":[],"_links":{"self":[{"href":"https:\/\/mguide.eu\/es\/wp-json\/wp\/v2\/product\/32458","targetHints":{"allow":["GET"]}}],"collection":[{"href":"https:\/\/mguide.eu\/es\/wp-json\/wp\/v2\/product"}],"about":[{"href":"https:\/\/mguide.eu\/es\/wp-json\/wp\/v2\/types\/product"}],"wp:featuredmedia":[{"embeddable":true,"href":"https:\/\/mguide.eu\/es\/wp-json\/wp\/v2\/media\/24386"}],"wp:attachment":[{"href":"https:\/\/mguide.eu\/es\/wp-json\/wp\/v2\/media?parent=32458"}],"wp:term":[{"taxonomy":"product_brand","embeddable":true,"href":"https:\/\/mguide.eu\/es\/wp-json\/wp\/v2\/product_brand?post=32458"},{"taxonomy":"product_cat","embeddable":true,"href":"https:\/\/mguide.eu\/es\/wp-json\/wp\/v2\/product_cat?post=32458"},{"taxonomy":"product_tag","embeddable":true,"href":"https:\/\/mguide.eu\/es\/wp-json\/wp\/v2\/product_tag?post=32458"}],"curies":[{"name":"wp","href":"https:\/\/api.w.org\/{rel}","templated":true}]}}