{"id":33284,"date":"2022-11-25T13:42:11","date_gmt":"2022-11-25T12:42:11","guid":{"rendered":"https:\/\/mguide.eu\/produkt\/mguide-aqua-transmisor-para-entrenador-instructor-de-natacion\/"},"modified":"2024-08-29T12:24:40","modified_gmt":"2024-08-29T10:24:40","slug":"mguide-aqua-transmisor-para-entrenador-instructor-de-natacion","status":"publish","type":"product","link":"https:\/\/mguide.eu\/es\/produkt\/mguide-aqua-transmisor-para-entrenador-instructor-de-natacion\/","title":{"rendered":"mGuide AQUA: transmisor para entrenador, instructor de nataci\u00f3n"},"content":{"rendered":"<p>El transmisor mGuide AQUA T se utiliza para comunicarse con uno o m\u00e1s receptores mGuide AQUA R (que pueden adquirirse por separado o en un conjunto 1+1).<\/p>\n<p>El sistema mGuide AQUA cuenta con 9 canales, lo que significa que hasta 9 entrenadores pueden impartir clases en una piscina al mismo tiempo, o un entrenador puede dar instrucciones por turnos a 9 deportistas en canales separados. El instructor tambi\u00e9n puede guiar a todo el grupo en un canal. Tanto el transmisor como el receptor son resistentes al agua y, por lo tanto, ideales para entrenar en todos los deportes acu\u00e1ticos, como la nataci\u00f3n, la nataci\u00f3n art\u00edstica, el windsurf, el kitesurf, el aer\u00f3bic acu\u00e1tico.<\/p>\n<p>El funcionamiento del transmisor es muy sencillo: se enciende y apaga con el bot\u00f3n de encendido (en el centro) manteni\u00e9ndolo presionado durante un momento. El canal se cambia con los botones CH+ y CH-, mientras que el volumen (sensibilidad del micr\u00f3fono) se cambia con los botones &#8211; y + a la izquierda y derecha del bot\u00f3n de encendido.<\/p>\n<p>El conjunto con el transmisor incluye un micr\u00f3fono de solapa (opcional, el propio transmisor tambi\u00e9n tiene un micr\u00f3fono incorporado), 2 antenas (1 de repuesto), un cable de carga blanco y un enchufe USB (tiempo de carga aprox. 6 h, tiempo de funcionamiento 10 h), un soporte de mano y una tapa para transmisor con clip para el cintur\u00f3n.<\/p>\n","protected":false},"excerpt":{"rendered":"<p>mGuide AQUA es un sistema unidireccional para la comunicaci\u00f3n entre el entrenador y el deportista o alumno en deportes acu\u00e1ticos como la nataci\u00f3n, el windsurf, el sup o el kitesurf. Gracias al AQUA, el entrenamiento ser\u00e1 m\u00e1s eficaz y menos estresante, no s\u00f3lo en las escuelas de nataci\u00f3n, sino tambi\u00e9n en el entrenamiento de triatletas y atletas acu\u00e1ticos profesionales. El equipo es completamente impermeable.<\/p>\n","protected":false},"featured_media":33057,"template":"","meta":{"_acf_changed":false},"product_brand":[],"product_cat":[5777],"product_tag":[],"class_list":{"0":"post-33284","1":"product","2":"type-product","3":"status-publish","4":"has-post-thumbnail","6":"product_cat-intercomunicadores-para-deportes-acuaticos","7":"pa_marka-mguide-es","9":"first","10":"instock","11":"taxable","12":"shipping-taxable","13":"purchasable","14":"product-type-simple"},"acf":[],"_links":{"self":[{"href":"https:\/\/mguide.eu\/es\/wp-json\/wp\/v2\/product\/33284","targetHints":{"allow":["GET"]}}],"collection":[{"href":"https:\/\/mguide.eu\/es\/wp-json\/wp\/v2\/product"}],"about":[{"href":"https:\/\/mguide.eu\/es\/wp-json\/wp\/v2\/types\/product"}],"wp:featuredmedia":[{"embeddable":true,"href":"https:\/\/mguide.eu\/es\/wp-json\/wp\/v2\/media\/33057"}],"wp:attachment":[{"href":"https:\/\/mguide.eu\/es\/wp-json\/wp\/v2\/media?parent=33284"}],"wp:term":[{"taxonomy":"product_brand","embeddable":true,"href":"https:\/\/mguide.eu\/es\/wp-json\/wp\/v2\/product_brand?post=33284"},{"taxonomy":"product_cat","embeddable":true,"href":"https:\/\/mguide.eu\/es\/wp-json\/wp\/v2\/product_cat?post=33284"},{"taxonomy":"product_tag","embeddable":true,"href":"https:\/\/mguide.eu\/es\/wp-json\/wp\/v2\/product_tag?post=33284"}],"curies":[{"name":"wp","href":"https:\/\/api.w.org\/{rel}","templated":true}]}}