{"id":34494,"date":"2023-02-14T16:09:31","date_gmt":"2023-02-14T15:09:31","guid":{"rendered":"https:\/\/mguide.eu\/produkt\/sm-01-microfono-para-gst-g1\/"},"modified":"2023-02-14T16:09:31","modified_gmt":"2023-02-14T15:09:31","slug":"sm-01-microfono-para-gst-g1","status":"publish","type":"product","link":"https:\/\/mguide.eu\/es\/produkt\/sm-01-microfono-para-gst-g1\/","title":{"rendered":"SM-01: micr\u00f3fono para GST G1"},"content":{"rendered":"<p>Micr\u00f3fono tradicional de sobremesa que puede reemplazar el micr\u00f3fono con altavoz en la radio bidireccional mGuide GST 01.<\/p>\n","protected":false},"excerpt":{"rendered":"<p>Micr\u00f3fono de cuello de cisne para la estaci\u00f3n GST G1.<\/p>\n","protected":false},"featured_media":33703,"template":"","meta":{"_acf_changed":false},"product_brand":[],"product_cat":[3413,5809],"product_tag":[],"class_list":{"0":"post-34494","1":"product","2":"type-product","3":"status-publish","4":"has-post-thumbnail","6":"product_cat-accesorios-para-sistemas-de-intercomunicacion","7":"product_cat-intercomunicadores-para-gastronomia-horeca","9":"first","10":"instock","11":"taxable","12":"shipping-taxable","13":"purchasable","14":"product-type-simple"},"acf":[],"_links":{"self":[{"href":"https:\/\/mguide.eu\/es\/wp-json\/wp\/v2\/product\/34494","targetHints":{"allow":["GET"]}}],"collection":[{"href":"https:\/\/mguide.eu\/es\/wp-json\/wp\/v2\/product"}],"about":[{"href":"https:\/\/mguide.eu\/es\/wp-json\/wp\/v2\/types\/product"}],"wp:featuredmedia":[{"embeddable":true,"href":"https:\/\/mguide.eu\/es\/wp-json\/wp\/v2\/media\/33703"}],"wp:attachment":[{"href":"https:\/\/mguide.eu\/es\/wp-json\/wp\/v2\/media?parent=34494"}],"wp:term":[{"taxonomy":"product_brand","embeddable":true,"href":"https:\/\/mguide.eu\/es\/wp-json\/wp\/v2\/product_brand?post=34494"},{"taxonomy":"product_cat","embeddable":true,"href":"https:\/\/mguide.eu\/es\/wp-json\/wp\/v2\/product_cat?post=34494"},{"taxonomy":"product_tag","embeddable":true,"href":"https:\/\/mguide.eu\/es\/wp-json\/wp\/v2\/product_tag?post=34494"}],"curies":[{"name":"wp","href":"https:\/\/api.w.org\/{rel}","templated":true}]}}