{"id":35310,"date":"2023-05-09T11:30:21","date_gmt":"2023-05-09T09:30:21","guid":{"rendered":"https:\/\/mguide.eu\/?post_type=product&#038;p=35310"},"modified":"2023-05-09T11:38:06","modified_gmt":"2023-05-09T09:38:06","slug":"headset-conjunto-de-auriculares-con-microfono-rhs","status":"publish","type":"product","link":"https:\/\/mguide.eu\/es\/produkt\/headset-conjunto-de-auriculares-con-microfono-rhs\/","title":{"rendered":"Headset (conjunto de auriculares con micr\u00f3fono) RHS"},"content":{"rendered":"<p>Auriculares con un c\u00f3modo auricular, micr\u00f3fono integrado con reducci\u00f3n de ruido y bot\u00f3n PTT.<\/p>\n","protected":false},"excerpt":{"rendered":"<p>Auriculares con un c\u00f3modo auricular, micr\u00f3fono integrado con reducci\u00f3n de ruido y bot\u00f3n PTT.<\/p>\n","protected":false},"featured_media":35318,"template":"","meta":{"_acf_changed":false},"product_brand":[],"product_cat":[4466],"product_tag":[],"class_list":{"0":"post-35310","1":"product","2":"type-product","3":"status-publish","4":"has-post-thumbnail","6":"product_cat-headsets-es","7":"pa_marka-raytalk-es","9":"first","10":"instock","11":"taxable","12":"shipping-taxable","13":"purchasable","14":"product-type-simple"},"acf":[],"_links":{"self":[{"href":"https:\/\/mguide.eu\/es\/wp-json\/wp\/v2\/product\/35310","targetHints":{"allow":["GET"]}}],"collection":[{"href":"https:\/\/mguide.eu\/es\/wp-json\/wp\/v2\/product"}],"about":[{"href":"https:\/\/mguide.eu\/es\/wp-json\/wp\/v2\/types\/product"}],"wp:featuredmedia":[{"embeddable":true,"href":"https:\/\/mguide.eu\/es\/wp-json\/wp\/v2\/media\/35318"}],"wp:attachment":[{"href":"https:\/\/mguide.eu\/es\/wp-json\/wp\/v2\/media?parent=35310"}],"wp:term":[{"taxonomy":"product_brand","embeddable":true,"href":"https:\/\/mguide.eu\/es\/wp-json\/wp\/v2\/product_brand?post=35310"},{"taxonomy":"product_cat","embeddable":true,"href":"https:\/\/mguide.eu\/es\/wp-json\/wp\/v2\/product_cat?post=35310"},{"taxonomy":"product_tag","embeddable":true,"href":"https:\/\/mguide.eu\/es\/wp-json\/wp\/v2\/product_tag?post=35310"}],"curies":[{"name":"wp","href":"https:\/\/api.w.org\/{rel}","templated":true}]}}