{"id":35980,"date":"2022-06-14T11:53:35","date_gmt":"2022-06-14T09:53:35","guid":{"rendered":"https:\/\/mguide.eu\/produkt\/sistema-inalambrico-de-intercomunicacion-bidireccional-auriculares-para-entrenamiento-ecuestre-eqs-3-con-accesorios-2-unidades\/"},"modified":"2026-02-23T10:59:27","modified_gmt":"2026-02-23T09:59:27","slug":"sistema-inalambrico-de-intercomunicacion-bidireccional-auriculares-para-entrenamiento-ecuestre-eqs-3-con-accesorios-2-unidades","status":"publish","type":"product","link":"https:\/\/mguide.eu\/es\/produkt\/sistema-inalambrico-de-intercomunicacion-bidireccional-auriculares-para-entrenamiento-ecuestre-eqs-3-con-accesorios-2-unidades\/","title":{"rendered":"Sistema inal\u00e1mbrico de intercomunicaci\u00f3n bidireccional \/ auriculares para entrenamiento ecuestre EQS-3 con accesorios &#8211; 2 unidades"},"content":{"rendered":"<div class=\"wpb-content-wrapper\"><p>[vc_row][vc_column][vc_column_text css=&#8221;&#8221;]El plazo de realizaci\u00f3n del pedido es de 7 a 10 d\u00edas laborables.<br \/>\nEl per\u00edodo de garant\u00eda es de 2 a\u00f1os.<br \/>\nLes ofrecemos asistencia t\u00e9cnica completa, actualizaciones y servicio del sistema tambi\u00e9n despu\u00e9s de que haya expirado el per\u00edodo de garant\u00eda.<br \/>\nNota:\u00a1este producto no constituye un conjunto de comunicaci\u00f3n completo, es solo un intercomunicador adicional!<\/p>\n<p>Axiwi AT-320 es el intercomunicador para \u00e1rbitros \u00a1m\u00e1s peque\u00f1o y ligero del mercado! El dispositivo mide 32 x 65 x 22 mm y pesa s\u00f3lo 39 g con bater\u00eda.<br \/>\n\u00bfC\u00f3mo entrenar de manera efectiva y eficiente a un jinete?<br \/>\nA partir de ahora, podr\u00e1 hacerlo con el kit de entrenamiento y formaci\u00f3n ecuestre AXIWI\u00ae.<br \/>\nCada vez m\u00e1s entrenadores e instructores utilizan sistemas de comunicaci\u00f3n inal\u00e1mbrica en el deporte ecuestre para dar instrucciones y consejos a los jinetes.<br \/>\nEl intercomunicador inal\u00e1mbrico para entrenadores AXIWI\u00ae es el intercomunicador m\u00e1s elegido por entrenadores de toda Europa.<\/p>\n<p>\u00bfQu\u00e9 es el sistema de intercomunicaci\u00f3n AXIWI?<br \/>\nEs un sistema inal\u00e1mbrico de comunicaci\u00f3n bidireccional manos libres (intercomunicador ecuestre) que permite al entrenador y a los jinetes hablar y escucharse, como si se tratara de una llamada telef\u00f3nica.<br \/>\nHasta seis personas pueden hablar y escuchar al mismo tiempo.<\/p>\n<p>Rese\u00f1a en v\u00eddeo de AXIWI por Edward Chitty: Auriculares inal\u00e1mbricos para entrenamiento ecuestre<\/p>\n<blockquote><p>\u00abExcelente producto para el entrenamiento de equitaci\u00f3n, muy recomendable, excelente calidad de sonido y muy ligero, lo que lo hace f\u00e1cil de usar\u00bb.<\/p><\/blockquote>\n<p style=\"text-align: center;\"><iframe loading=\"lazy\" title=\"YouTube video player\" src=\"https:\/\/www.youtube.com\/embed\/hi0PTAdMuag\" width=\"560\" height=\"315\" frameborder=\"0\" allowfullscreen=\"allowfullscreen\" data-mce-fragment=\"1\"><\/iframe><\/p>\n<blockquote><p>\u00abLa raz\u00f3n por la que m\u00e1s me gusta el sistema de comunicaci\u00f3n AXIWI es que es peque\u00f1o y ligero. Permite una comunicaci\u00f3n efectiva; no m\u00e1s gritos y tu voz ya no se la llevar\u00e1 el viento. Utilizamos el sistema de comunicaci\u00f3n para trabajar en la pista y durante los paseos. Hace que toda la experiencia de montar a caballo sea m\u00e1s tranquila y agradable\u00bb.<\/p><\/blockquote>\n<p style=\"text-align: right;\">Claire Aitchison: Entrenadora de caballos brit\u00e1nica titulada<\/p>\n<p>El kit AXIWI AT-320 contiene:<\/p>\n<ul>\n<li>\n<p data-path-to-node=\"11,0,0\"><b data-path-to-node=\"11,0,0\" data-index-in-node=\"0\">Intercomunicador inal\u00e1mbrico AT-320<\/b> \u2013 2 uds.<\/p>\n<\/li>\n<li>\n<p data-path-to-node=\"11,1,0\"><b data-path-to-node=\"11,1,0\" data-index-in-node=\"0\">Cord\u00f3n y clip de cintur\u00f3n para intercomunicador<\/b> \u2013 2 uds.<\/p>\n<\/li>\n<li>\n<p data-path-to-node=\"11,2,0\"><b data-path-to-node=\"11,2,0\" data-index-in-node=\"0\">Auricular con micr\u00f3fono HE-009<\/b> \u2013 2 uds.<\/p>\n<\/li>\n<li>\n<p data-path-to-node=\"11,3,0\"><b data-path-to-node=\"11,3,0\" data-index-in-node=\"0\">Correa de hombro AT-320 OSFA (o SP-1)<\/b> \u2013 2 uds.<\/p>\n<\/li>\n<li>\n<p data-path-to-node=\"11,4,0\"><b data-path-to-node=\"11,4,0\" data-index-in-node=\"0\">Cargador de red SC-100<\/b> \u2013 2 uds.<\/p>\n<\/li>\n<li>\n<p data-path-to-node=\"11,5,0\"><b data-path-to-node=\"11,5,0\" data-index-in-node=\"0\">Cable USB-C<\/b> \u2013 2 uds.<\/p>\n<\/li>\n<li>\n<p data-path-to-node=\"11,6,0\"><b data-path-to-node=\"11,6,0\" data-index-in-node=\"0\">Funda\/estuche de transporte para 3 dispositivos<\/b> \u2013 1 ud.<\/p>\n<\/li>\n<\/ul>\n<p>Caracter\u00edsticas de sistema AXIWI AT-320<br \/>\n\u2013 sistema completamente inal\u00e1mbrico sin estaci\u00f3n base ni instalaci\u00f3n<br \/>\n\u2013 comunicaci\u00f3n bidireccional en modo full-duplex para hasta 6 personas<br \/>\n\u2013 recepci\u00f3n de audio de alta calidad en tiempo real sin retardo (latencia &lt; 1 ms)<br \/>\n\u2013 hasta 250 dispositivos por canal pueden unirse a una conversaci\u00f3n en modo conferencia<br \/>\n\u2013 banda de radiofrecuencia universal y mundial \u2013 2,4 GHz<br \/>\n\u2013 alcance de m\u00e1s de 200 metros en l\u00ednea de visi\u00f3n<br \/>\n\u2013 4 canales de radio simult\u00e1neos<br \/>\n\u2013 peque\u00f1o y ultraligero: 32 x 65 x 22 mm \/ 39 g.<br \/>\n\u2013 carga individual a trav\u00e9s de un puerto micro USB o de forma colectiva en un cargador de sobremesa dedicado<br \/>\n\u2013 tiempo de trabajo: 6 horas, tiempo de carga: +\/- 2 horas<br \/>\n\u2013 toma de auriculares\/micr\u00f3fono jack TRRS de 3,5 mm[\/vc_column_text][\/vc_column][\/vc_row]<\/p>\n<\/div>","protected":false},"excerpt":{"rendered":"<p>Conjunto para la comunicaci\u00f3n bidireccional entre un instructor de equitaci\u00f3n y un alumno. El conjunto permite la libre comunicaci\u00f3n entre el formador y el alumno a una distancia de hasta 250 metros. El dise\u00f1o ultraligero y su reducido tama\u00f1o no restringen el movimiento mientras se practica equitaci\u00f3n. Es posible comprar radios adicionales para entrenar en grupos m\u00e1s grandes.<\/p>\n","protected":false},"featured_media":46019,"template":"","meta":{"_acf_changed":false},"product_brand":[],"product_cat":[5186,6492],"product_tag":[],"class_list":{"0":"post-35980","1":"product","2":"type-product","3":"status-publish","4":"has-post-thumbnail","6":"product_cat-intercomunicadores-para-montar-a-caballo","7":"product_cat-axiwi-at-320-es","8":"pa_marka-axiwi-es","10":"first","11":"instock","12":"taxable","13":"shipping-taxable","14":"purchasable","15":"product-type-simple"},"acf":[],"_links":{"self":[{"href":"https:\/\/mguide.eu\/es\/wp-json\/wp\/v2\/product\/35980","targetHints":{"allow":["GET"]}}],"collection":[{"href":"https:\/\/mguide.eu\/es\/wp-json\/wp\/v2\/product"}],"about":[{"href":"https:\/\/mguide.eu\/es\/wp-json\/wp\/v2\/types\/product"}],"wp:featuredmedia":[{"embeddable":true,"href":"https:\/\/mguide.eu\/es\/wp-json\/wp\/v2\/media\/46019"}],"wp:attachment":[{"href":"https:\/\/mguide.eu\/es\/wp-json\/wp\/v2\/media?parent=35980"}],"wp:term":[{"taxonomy":"product_brand","embeddable":true,"href":"https:\/\/mguide.eu\/es\/wp-json\/wp\/v2\/product_brand?post=35980"},{"taxonomy":"product_cat","embeddable":true,"href":"https:\/\/mguide.eu\/es\/wp-json\/wp\/v2\/product_cat?post=35980"},{"taxonomy":"product_tag","embeddable":true,"href":"https:\/\/mguide.eu\/es\/wp-json\/wp\/v2\/product_tag?post=35980"}],"curies":[{"name":"wp","href":"https:\/\/api.w.org\/{rel}","templated":true}]}}