{"id":35989,"date":"2021-10-06T21:12:45","date_gmt":"2021-10-06T19:12:45","guid":{"rendered":"https:\/\/mguide.eu\/produkt\/axiwi-at-350-bezprzewodowy-interkom-full-duplex-dla-sportu-biznesu-przemyslu\/"},"modified":"2024-10-07T16:09:33","modified_gmt":"2024-10-07T14:09:33","slug":"axiwi-at-350-intercomunicador-inalambrico-full-duplex-para-el-deporte-los-negocios-y-la-industria","status":"publish","type":"product","link":"https:\/\/mguide.eu\/es\/produkt\/axiwi-at-350-intercomunicador-inalambrico-full-duplex-para-el-deporte-los-negocios-y-la-industria\/","title":{"rendered":"Axiwi AT-350: intercomunicador inal\u00e1mbrico full d\u00faplex para el deporte, los negocios y la industria"},"content":{"rendered":"<div class=\"wpb-content-wrapper\"><p>[vc_row][vc_column][vc_video link=&#8221;https:\/\/www.youtube.com\/watch?v=noPTV-e9ddU&amp;t=1s&amp;ab_channel=AXIWI&#8221;][vc_column_text css=&#8221;&#8221;]<strong>El plazo de entrega del pedido es de 7 a 10 d\u00edas h\u00e1biles.<\/strong><\/p>\n<p>El intercomunicador AXIWI AT-350 es un sistema de comunicaci\u00f3n inal\u00e1mbrico bidireccional en modo full duplex (conferencia).<\/p>\n<p>Los sistemas de comunicaci\u00f3n bidireccional AXIWI est\u00e1n en la lista de sistemas de comunicaci\u00f3n para \u00e1rbitros de la FIFA (<a href=\"https:\/\/www.fifa.com\/en\/technical\/football-technology\/standards\/video-assistant-referee\/var-iaap-technology\" target=\"_blank\" rel=\"noopener\">F\u00e9d\u00e9ration Internationale de Football Association<\/a>). AXIWI es un sistema profesional para \u00e1rbitros deportivos, utilizado por <a href=\"https:\/\/www.axiwi.com\/references-axiwi-wireless-communication-system\/\" target=\"_blank\" rel=\"noopener\">organizaciones futbol\u00edsticas y de arbitraje en todo el mundo.\u00a0<\/a><\/p>\n<p><strong>Aplicaciones:<\/strong><\/p>\n<ul>\n<li>Comunicaci\u00f3n entre \u00e1rbitros asistentes, \u00e1rbitro principal y VAR durante partidos de f\u00fatbol<\/li>\n<li>Comunicaci\u00f3n arbitral en otras disciplinas deportivas<\/li>\n<li>Comunicaci\u00f3n en deportes \u2013 entre el entrenador y los jugadores<\/li>\n<li>Comunicaci\u00f3n dentro de un equipo de filmaci\u00f3n \u2013 intercambio libre de informaci\u00f3n entre el operador, director y productor en el set<\/li>\n<li>Comunicaci\u00f3n de equipos de trabajo en l\u00edneas de producci\u00f3n, almacenes, centros de clasificaci\u00f3n u otros entornos industriales<\/li>\n<li>Comunicaci\u00f3n durante formaciones en el lugar de trabajo o en el campo<\/li>\n<li>Comunicaci\u00f3n en restaurantes entre la cocina y los camareros<\/li>\n<li>Comunicaci\u00f3n durante la organizaci\u00f3n de eventos, conciertos o presentaciones<\/li>\n<\/ul>\n<p><strong>Caracter\u00edsticas del intercomunicador inal\u00e1mbrico AXIWI AT-350:<\/strong><\/p>\n<ul>\n<li>Comunicaci\u00f3n fluida en full duplex (como una llamada telef\u00f3nica, pero con mejor calidad)<\/li>\n<li>Tama\u00f1o reducido y peso ligero<\/li>\n<li>Gran alcance<\/li>\n<li>Resistente al agua<\/li>\n<li>Facilidad de uso<\/li>\n<li>Amplia gama de accesorios<\/li>\n<\/ul>\n<p><strong>Especificaciones t\u00e9cnicas:<\/strong><\/p>\n<ul>\n<li>6 personas pueden comunicarse simult\u00e1neamente en full duplex por canal, las dem\u00e1s en modo de escucha<\/li>\n<li>Hasta 250 usuarios por canal<\/li>\n<li>Libertad para cambiar entre full duplex y modo de escucha<\/li>\n<li>Rango de frecuencias: 863-865 MHz (sin licencia en Europa)<\/li>\n<li>Modulaci\u00f3n digital GFSK<\/li>\n<li>8 canales (8 grupos pueden operar independientemente sin interferencias en la misma \u00e1rea)<\/li>\n<li>Alcance de 300 metros en l\u00ednea de vista<\/li>\n<li>Dimensiones: 78 x 38 x 19 mm<\/li>\n<li>Peso: 70 gramos (con bater\u00eda)<\/li>\n<li>Conector para auriculares\/micr\u00f3fono TRRS de 3,5 mm<\/li>\n<li>Autonom\u00eda: 10 horas, tiempo de carga: 3~4 horas<\/li>\n<li>Clasificaci\u00f3n de impermeabilidad IP54<\/li>\n<\/ul>\n<p>[\/vc_column_text][vc_video link=&#8221;https:\/\/www.youtube.com\/watch?v=VaWrcxCCj4s&#8221;][\/vc_column][\/vc_row]<\/p>\n<\/div>","protected":false},"excerpt":{"rendered":"<p>Axiwi AT-350 es un intercomunicador inal\u00e1mbrico en miniatura ultraligero utilizado por \u00e1rbitros deportivos y profesionales que comunican a distancia.<\/p>\n","protected":false},"featured_media":26792,"template":"","meta":{"_acf_changed":false},"product_brand":[],"product_cat":[3246,2554],"product_tag":[],"class_list":{"0":"post-35989","1":"product","2":"type-product","3":"status-publish","4":"has-post-thumbnail","6":"product_cat-estaciones-de-intercomunicacion","7":"product_cat-sistemas-de-intercomunicacion","8":"pa_marka-axiwi-es","10":"first","11":"instock","12":"taxable","13":"shipping-taxable","14":"purchasable","15":"product-type-simple"},"acf":[],"_links":{"self":[{"href":"https:\/\/mguide.eu\/es\/wp-json\/wp\/v2\/product\/35989","targetHints":{"allow":["GET"]}}],"collection":[{"href":"https:\/\/mguide.eu\/es\/wp-json\/wp\/v2\/product"}],"about":[{"href":"https:\/\/mguide.eu\/es\/wp-json\/wp\/v2\/types\/product"}],"wp:featuredmedia":[{"embeddable":true,"href":"https:\/\/mguide.eu\/es\/wp-json\/wp\/v2\/media\/26792"}],"wp:attachment":[{"href":"https:\/\/mguide.eu\/es\/wp-json\/wp\/v2\/media?parent=35989"}],"wp:term":[{"taxonomy":"product_brand","embeddable":true,"href":"https:\/\/mguide.eu\/es\/wp-json\/wp\/v2\/product_brand?post=35989"},{"taxonomy":"product_cat","embeddable":true,"href":"https:\/\/mguide.eu\/es\/wp-json\/wp\/v2\/product_cat?post=35989"},{"taxonomy":"product_tag","embeddable":true,"href":"https:\/\/mguide.eu\/es\/wp-json\/wp\/v2\/product_tag?post=35989"}],"curies":[{"name":"wp","href":"https:\/\/api.w.org\/{rel}","templated":true}]}}