{"id":36014,"date":"2021-10-07T10:11:07","date_gmt":"2021-10-07T08:11:07","guid":{"rendered":"https:\/\/mguide.eu\/produkt\/axiwi-at-350-set-de-5-unidades-con-accesorios-intercomunicador-digital-inalambrico-en-modo-full-duplex-para-oficina-fabrica-deportes\/"},"modified":"2026-02-20T13:34:30","modified_gmt":"2026-02-20T12:34:30","slug":"axiwi-at-350-set-de-5-unidades-con-accesorios-intercomunicador-digital-inalambrico-en-modo-full-duplex-para-oficina-fabrica-deportes","status":"publish","type":"product","link":"https:\/\/mguide.eu\/es\/produkt\/axiwi-at-350-set-de-5-unidades-con-accesorios-intercomunicador-digital-inalambrico-en-modo-full-duplex-para-oficina-fabrica-deportes\/","title":{"rendered":"Axiwi AT-350 set de 5 unidades con accesorios: intercomunicador digital inal\u00e1mbrico en modo full duplex para oficina, f\u00e1brica, deportes"},"content":{"rendered":"","protected":false},"excerpt":{"rendered":"<p>Los sistemas de comunicaci\u00f3n inal\u00e1mbricos por intercomunicador son un elemento esencial en un moderno lugar de trabajo en equipo. Un juego de 5 intercomunicadores ultraligeros Axiwi AT-350 facilitar\u00e1 las conversaciones a larga distancia y ayudar\u00e1 a mantener la distancia social.<\/p>\n","protected":false},"featured_media":26889,"template":"","meta":{"_acf_changed":false},"product_brand":[],"product_cat":[2961,2554],"product_tag":[],"class_list":{"0":"post-36014","1":"product","2":"type-product","3":"status-publish","4":"has-post-thumbnail","6":"product_cat-conjuntos-de-intercomunicacion","7":"product_cat-sistemas-de-intercomunicacion","8":"pa_marka-axiwi-es","10":"first","11":"instock","12":"taxable","13":"shipping-taxable","14":"purchasable","15":"product-type-simple"},"acf":[],"_links":{"self":[{"href":"https:\/\/mguide.eu\/es\/wp-json\/wp\/v2\/product\/36014","targetHints":{"allow":["GET"]}}],"collection":[{"href":"https:\/\/mguide.eu\/es\/wp-json\/wp\/v2\/product"}],"about":[{"href":"https:\/\/mguide.eu\/es\/wp-json\/wp\/v2\/types\/product"}],"wp:featuredmedia":[{"embeddable":true,"href":"https:\/\/mguide.eu\/es\/wp-json\/wp\/v2\/media\/26889"}],"wp:attachment":[{"href":"https:\/\/mguide.eu\/es\/wp-json\/wp\/v2\/media?parent=36014"}],"wp:term":[{"taxonomy":"product_brand","embeddable":true,"href":"https:\/\/mguide.eu\/es\/wp-json\/wp\/v2\/product_brand?post=36014"},{"taxonomy":"product_cat","embeddable":true,"href":"https:\/\/mguide.eu\/es\/wp-json\/wp\/v2\/product_cat?post=36014"},{"taxonomy":"product_tag","embeddable":true,"href":"https:\/\/mguide.eu\/es\/wp-json\/wp\/v2\/product_tag?post=36014"}],"curies":[{"name":"wp","href":"https:\/\/api.w.org\/{rel}","templated":true}]}}