{"id":39221,"date":"2023-11-06T12:34:08","date_gmt":"2023-11-06T11:34:08","guid":{"rendered":"https:\/\/mguide.eu\/?post_type=product&#038;p=39221"},"modified":"2024-08-12T11:03:10","modified_gmt":"2024-08-12T09:03:10","slug":"ski-1-11-sistema-de-comunicacion-semiduplex-bidireccional-para-la-comunicacion-entre-un-instructor-de-esqui-y-un-estudiante","status":"publish","type":"product","link":"https:\/\/mguide.eu\/es\/produkt\/ski-1-11-sistema-de-comunicacion-semiduplex-bidireccional-para-la-comunicacion-entre-un-instructor-de-esqui-y-un-estudiante\/","title":{"rendered":"SKI-1 (1+1) &#8211; sistema de comunicaci\u00f3n semid\u00faplex bidireccional para la comunicaci\u00f3n entre un instructor de esqu\u00ed y un estudiante"},"content":{"rendered":"<p>Una comunicaci\u00f3n eficaz es fundamental para el \u00e9xito de cualquier entrenamiento, incluido el aprendizaje de esqu\u00ed. Nuestro equipo, basado en el intercomunicador bidireccional semid\u00faplex mGuide GST-G3, permite una conversaci\u00f3n entre un instructor de esqu\u00ed y un estudiante a la mayor distancia de todos nuestros equipos: hasta 2 km en terreno abierto. El intercomunicador mGuide tambi\u00e9n funcionar\u00e1 muy bien para hablar mientras esqu\u00edas con la familia o un grupo de amigos. La comunicaci\u00f3n en modo PTT (push to talk, pulsar para hablar) permite tambi\u00e9n conversaciones con otras personas tanto para el instructor como para el estudiante, que no se transmitir\u00e1n si no se pulsa el bot\u00f3n.<\/p>\n<p>El conjunto contiene:<br \/>\n&#8211; Radio GST G2: 2 unidades<br \/>\n&#8211; headset &#8211; a elegir entre: GST-HLT (debajo del casco), GST-E005 o GST-E007: 2 unidades<br \/>\n&#8211; brazalete SPORT universal: 2 unidades<\/p>\n","protected":false},"excerpt":{"rendered":"<p>Un juego de dos intercomunicadores para comunicarte mientras aprendes a esquiar, con auriculares y una c\u00f3moda funda con brazalete. mGuide SKI-1 tambi\u00e9n se puede utilizar simplemente para comunicarse mientras se esqu\u00eda.<\/p>\n","protected":false},"featured_media":46112,"template":"","meta":{"_acf_changed":false},"product_brand":[],"product_cat":[6021],"product_tag":[],"class_list":{"0":"post-39221","1":"product","2":"type-product","3":"status-publish","4":"has-post-thumbnail","6":"product_cat-intercomunicadores-para-esquiar","8":"first","9":"instock","10":"taxable","11":"shipping-taxable","12":"purchasable","13":"product-type-simple"},"acf":[],"_links":{"self":[{"href":"https:\/\/mguide.eu\/es\/wp-json\/wp\/v2\/product\/39221","targetHints":{"allow":["GET"]}}],"collection":[{"href":"https:\/\/mguide.eu\/es\/wp-json\/wp\/v2\/product"}],"about":[{"href":"https:\/\/mguide.eu\/es\/wp-json\/wp\/v2\/types\/product"}],"wp:featuredmedia":[{"embeddable":true,"href":"https:\/\/mguide.eu\/es\/wp-json\/wp\/v2\/media\/46112"}],"wp:attachment":[{"href":"https:\/\/mguide.eu\/es\/wp-json\/wp\/v2\/media?parent=39221"}],"wp:term":[{"taxonomy":"product_brand","embeddable":true,"href":"https:\/\/mguide.eu\/es\/wp-json\/wp\/v2\/product_brand?post=39221"},{"taxonomy":"product_cat","embeddable":true,"href":"https:\/\/mguide.eu\/es\/wp-json\/wp\/v2\/product_cat?post=39221"},{"taxonomy":"product_tag","embeddable":true,"href":"https:\/\/mguide.eu\/es\/wp-json\/wp\/v2\/product_tag?post=39221"}],"curies":[{"name":"wp","href":"https:\/\/api.w.org\/{rel}","templated":true}]}}