{"id":40967,"date":"2024-03-07T15:28:29","date_gmt":"2024-03-07T14:28:29","guid":{"rendered":"https:\/\/mguide.eu\/?post_type=product&#038;p=40967"},"modified":"2024-04-15T12:10:54","modified_gmt":"2024-04-15T10:10:54","slug":"mguide-dlr-02","status":"publish","type":"product","link":"https:\/\/mguide.eu\/es\/produkt\/mguide-dlr-02\/","title":{"rendered":"mGuide DLR-02"},"content":{"rendered":"<p>El modelo mGuide DLR-02 es un sistema digital bidireccional que funciona a una frecuencia de 2,4 GHz. Es una frecuencia global sin licencia que proporciona capacidad de comunicaci\u00f3n en todos los continentes. Los gu\u00edas tur\u00edsticos disponen ahora de una \u00fanica herramienta para todos los viajes, eliminando la necesidad de comprar sistemas separados para diferentes destinos.<\/p>\n<p>Adem\u00e1s, el modo full d\u00faplex no s\u00f3lo facilita la comunicaci\u00f3n entre el gu\u00eda y el visitante, sino que tambi\u00e9n abre la puerta a una conversaci\u00f3n libre y sin obst\u00e1culos. Es una soluci\u00f3n ideal para los que quieran ofrecer a los visitantes la posibilidad de hacer preguntas.<\/p>\n<p>Adem\u00e1s, gracias a la entrada AUX-IN, se puede conectar una fuente de sonido externa, a\u00f1adiendo una ambientaci\u00f3n musical \u00fanica o sustituyendo el silencio en momentos sin el comentario del gu\u00eda.<\/p>\n<p>El modelo mGuide DLR-02 es totalmente compatible con el modelo unidireccional mGuide DLR-01 existente, lo que significa que los accesorios y los dispositivos se pueden combinar sin problemas.<\/p>\n<p>Ofrecemos una garant\u00eda de 3 a\u00f1os para el sistema.<\/p>\n","protected":false},"excerpt":{"rendered":"<p>Sistema tourguide digital y bidireccional que funciona a una frecuencia de 2,4 GHz (sin licencia en todos los continentes). El sistema mGuide DLR-02 es compatible con el modelo unidireccional mGuide DLR-01. Este sistema tourguide es ideal para aplicaciones tur\u00edsticas y comerciales.<\/p>\n","protected":false},"featured_media":40974,"template":"","meta":{"_acf_changed":false},"product_brand":[],"product_cat":[6217],"product_tag":[],"class_list":{"0":"post-40967","1":"product","2":"type-product","3":"status-publish","4":"has-post-thumbnail","6":"product_cat-modelos","7":"pa_marka-mguide-es","9":"first","10":"instock","11":"taxable","12":"shipping-taxable","13":"product-type-grouped"},"acf":[],"_links":{"self":[{"href":"https:\/\/mguide.eu\/es\/wp-json\/wp\/v2\/product\/40967","targetHints":{"allow":["GET"]}}],"collection":[{"href":"https:\/\/mguide.eu\/es\/wp-json\/wp\/v2\/product"}],"about":[{"href":"https:\/\/mguide.eu\/es\/wp-json\/wp\/v2\/types\/product"}],"wp:featuredmedia":[{"embeddable":true,"href":"https:\/\/mguide.eu\/es\/wp-json\/wp\/v2\/media\/40974"}],"wp:attachment":[{"href":"https:\/\/mguide.eu\/es\/wp-json\/wp\/v2\/media?parent=40967"}],"wp:term":[{"taxonomy":"product_brand","embeddable":true,"href":"https:\/\/mguide.eu\/es\/wp-json\/wp\/v2\/product_brand?post=40967"},{"taxonomy":"product_cat","embeddable":true,"href":"https:\/\/mguide.eu\/es\/wp-json\/wp\/v2\/product_cat?post=40967"},{"taxonomy":"product_tag","embeddable":true,"href":"https:\/\/mguide.eu\/es\/wp-json\/wp\/v2\/product_tag?post=40967"}],"curies":[{"name":"wp","href":"https:\/\/api.w.org\/{rel}","templated":true}]}}