{"id":44090,"date":"2024-07-29T15:37:18","date_gmt":"2024-07-29T13:37:18","guid":{"rendered":"https:\/\/mguide.eu\/?post_type=product&#038;p=44090"},"modified":"2025-04-01T11:36:57","modified_gmt":"2025-04-01T09:36:57","slug":"okayo-wt-350d","status":"publish","type":"product","link":"https:\/\/mguide.eu\/es\/produkt\/okayo-wt-350d\/","title":{"rendered":"Okayo WT-350D"},"content":{"rendered":"<p>El modelo Okayo WT-350D City Jungle Edition es la continuaci\u00f3n digital del modelo anal\u00f3gico WT-350. El \u00faltimo sistema tourguide ser\u00e1 perfecto para el sector del turismo, ya que est\u00e1 equipado con todas las funciones necesarias para guiar a los turistas. Adem\u00e1s, sorprende con nuevas opciones que antes no estaban disponibles y un dise\u00f1o moderno y urbano.<\/p>\n<p>\u00a1Es el primer modelo 2 en 1! De forma muy sencilla, con un solo interruptor, podr\u00e1s dar voz a los miembros del grupo en los momentos adecuados, convirti\u00e9ndolo as\u00ed en un sistema de comunicaci\u00f3n bidireccional. Tanto el transmisor como el receptor tienen un micr\u00f3fono incorporado.<\/p>\n<p>Transmisi\u00f3n digital: nuevas posibilidades<br \/>\nGracias al uso de la transmisi\u00f3n digital en lugar de la anal\u00f3gica, el \u00faltimo sistema tourguide no s\u00f3lo dispone de m\u00e1s canales, sino que tambi\u00e9n ofrece a los usuarios nuevas posibilidades. Desde tu transmisor, podr\u00e1s cambiar de canal a distancia o, si es necesario, aumentar la potencia del dispositivo para lograr un mayor alcance durante la visita.<\/p>\n<p>Facilidad de uso<br \/>\nEl sistema de comunicaci\u00f3n inal\u00e1mbrica Okayo WT-350D City Jungle Edition est\u00e1 equipado con una pantalla de f\u00e1cil lectura con indicador de nivel de bater\u00eda y diodos LED. Adem\u00e1s, los botones grandes y claramente visibles hacen que el manejo del dispositivo sea muy sencillo y c\u00f3modo. Este modelo tourguide tambi\u00e9n permite ajustar el volumen del sonido, as\u00ed podemos estar seguros de que cada usuario nos escuchar\u00e1 bien. <\/p>\n<p>Dise\u00f1o moderno y vers\u00e1til<br \/>\nEl Okayo WT-350D City Jungle Edition tiene una carcasa s\u00f3lida y resistente a da\u00f1os. Garantiza una apariencia est\u00e9tica y durabilidad, al tiempo que pesa s\u00f3lo 65 g con bater\u00eda. El modelo est\u00e1 disponible en colores tenues: verde (transmisor) y amarillo (receptor), lo que le da un toque urbano \u00fanico. Nuestro \u00faltimo sistema tourguide es una combinaci\u00f3n perfecta de modernidad y funcionalidad.<br \/>\nAdem\u00e1s, el sistema Okayo WT-350D est\u00e1 equipado con la funci\u00f3n HAC, lo que permite a las personas que utilizan aud\u00edfonos participar sin problemas en visitas guiadas. La funci\u00f3n HAC permite transmitir el sonido de forma inal\u00e1mbrica directamente a los aud\u00edfonos de los usuarios, eliminando el ruido de fondo y garantizando un sonido claro y n\u00edtido. Gracias a esta funci\u00f3n, el sistema tourguide se vuelve m\u00e1s accesible y f\u00e1cil de usar para las personas con deficiencias auditivas, mejorando su experiencia y comodidad durante.<\/p>\n<p>Caracter\u00edsticas de Okayo WT-350D:<\/p>\n<p>&#8211;\ttransmisi\u00f3n digital<br \/>\n&#8211;\t44 canales<br \/>\n&#8211;\tduraci\u00f3n de la bater\u00eda: m\u00e1s de 15 horas (transmisor), m\u00e1s de 20 horas (receptor)<br \/>\n&#8211;\tfunci\u00f3n HAC<br \/>\n&#8211;\talcance \u00f3ptimo (hasta 100 m en l\u00ednea de visi\u00f3n)<br \/>\n&#8211;\tcompacto (63 x 132 x 70 mm) y ligero (aprox. 65 g con bater\u00eda)<br \/>\n&#8211;\tdise\u00f1o moderno, carcasa resistente a la suciedad y los da\u00f1os<br \/>\n&#8211;\tpantalla con indicador de nivel de bater\u00eda<br \/>\n&#8211;\tmicr\u00f3fono incorporado en el transmisor y el receptor<br \/>\n&#8211;\tsistema 2 en 1: posibilidad de activar\/desactivar la funci\u00f3n Talk-back (conversaci\u00f3n bidireccional) desde el transmisor<br \/>\n&#8211;\talimentado por 1 bater\u00eda AA o 1 bater\u00eda Ni-MH<\/p>\n","protected":false},"excerpt":{"rendered":"<p>El modelo Okayo WT-350D City Jungle Edition es la continuaci\u00f3n digital del modelo anal\u00f3gico WT-350. El \u00faltimo sistema tourguide ser\u00e1 perfecto para el sector del turismo, ya que est\u00e1 equipado con todas las funciones necesarias para guiar a los turistas. Adem\u00e1s, sorprende con nuevas opciones que antes no estaban disponibles y un dise\u00f1o moderno y urbano.<\/p>\n","protected":false},"featured_media":44213,"template":"","meta":{"_acf_changed":false},"product_brand":[],"product_cat":[6217],"product_tag":[],"class_list":{"0":"post-44090","1":"product","2":"type-product","3":"status-publish","4":"has-post-thumbnail","6":"product_cat-modelos","7":"pa_marka-okayo-es","9":"first","10":"instock","11":"taxable","12":"shipping-taxable","13":"product-type-grouped"},"acf":[],"_links":{"self":[{"href":"https:\/\/mguide.eu\/es\/wp-json\/wp\/v2\/product\/44090","targetHints":{"allow":["GET"]}}],"collection":[{"href":"https:\/\/mguide.eu\/es\/wp-json\/wp\/v2\/product"}],"about":[{"href":"https:\/\/mguide.eu\/es\/wp-json\/wp\/v2\/types\/product"}],"wp:featuredmedia":[{"embeddable":true,"href":"https:\/\/mguide.eu\/es\/wp-json\/wp\/v2\/media\/44213"}],"wp:attachment":[{"href":"https:\/\/mguide.eu\/es\/wp-json\/wp\/v2\/media?parent=44090"}],"wp:term":[{"taxonomy":"product_brand","embeddable":true,"href":"https:\/\/mguide.eu\/es\/wp-json\/wp\/v2\/product_brand?post=44090"},{"taxonomy":"product_cat","embeddable":true,"href":"https:\/\/mguide.eu\/es\/wp-json\/wp\/v2\/product_cat?post=44090"},{"taxonomy":"product_tag","embeddable":true,"href":"https:\/\/mguide.eu\/es\/wp-json\/wp\/v2\/product_tag?post=44090"}],"curies":[{"name":"wp","href":"https:\/\/api.w.org\/{rel}","templated":true}]}}