{"id":44299,"date":"2024-08-07T13:22:58","date_gmt":"2024-08-07T11:22:58","guid":{"rendered":"https:\/\/mguide.eu\/?post_type=product&#038;p=44299"},"modified":"2024-09-11T12:20:00","modified_gmt":"2024-09-11T10:20:00","slug":"equipo-de-radioguias-okayo-wt-350d-m-502","status":"publish","type":"product","link":"https:\/\/mguide.eu\/es\/produkt\/equipo-de-radioguias-okayo-wt-350d-m-502\/","title":{"rendered":"Equipo de Radiogu\u00edas &#8211; Okayo WT-350D | M (50+2)"},"content":{"rendered":"<p><strong>El conjunto incluye:<\/strong><\/p>\n<ul>\n<li>50 receptores Okayo WT-350D R City Jungle Edition<\/li>\n<li>2 transmisores Okayo WT-350D T City Jungle Edition<\/li>\n<li>50 auriculares de la serie SH*<\/li>\n<li>2 Headsets EMC-100<\/li>\n<li>50 ganchos para el sistema de cordones higi\u00e9nicos<\/li>\n<li>50 cordones higi\u00e9nicos (bucles)<\/li>\n<li>2 bolsos de transporte TBX-2<\/li>\n<\/ul>\n<p>* La selecci\u00f3n de un modelo especifico depende de la disponibilidad en almac\u00e9n.<\/p>\n<p><strong>Receptor Okayo WT-350D R City Jungle Edition<\/strong><\/p>\n<p>El receptor del sistema tourguide Okayo WT-350D City Jungle Edition es un dispositivo moderno que lleva la experiencia tur\u00edstica al siguiente nivel. El dispositivo est\u00e1 equipado con un bot\u00f3n PTT (Push-To-Talk), que les permite a los participantes hacer preguntas en el momento adecuado, indicado por el gu\u00eda tur\u00edstico. Gracias a la funci\u00f3n de cambio de canal a distancia, el sistema tourguide pr\u00e1cticamente no requiere mantenimiento, lo que garantiza una visita tur\u00edstica sin complicaciones. Adem\u00e1s, la innovadora &#8220;alarma de p\u00e9rdida de alcance&#8221; garantizar\u00e1 que cada participante permanezca cerca del grupo, ofreciendo una total seguridad y comodidad durante el recorrido.<\/p>\n<p>El receptor de comunicaci\u00f3n inal\u00e1mbrica Okayo WT-350D City Jungle, de color amarillo, combina a la perfecci\u00f3n con el transmisor verde tenue, y le da al sistema un toque urbano.<\/p>\n<p>El conjunto incluye 50 receptores con unas dimensiones de 63 x 132 x 70 mm. Un dispositivo pesa aproximadamente 65 g, incluida la bater\u00eda.<\/p>\n<p><strong>Transmisor Okayo WT-350D T City Jungle Edition<\/strong><\/p>\n<p>El transmisor para el sistema tourguide digital Okayo WT-350D City Jungle Edition es una soluci\u00f3n ideal para quienes valoran la tecnolog\u00eda moderna y la excelente calidad de sonido. El dispositivo se distingue por una pantalla de f\u00e1cil lectura, LED intuitivos y un micr\u00f3fono integrado para mayor comodidad y fiabilidad. Para aprovechar al m\u00e1ximo sus capacidades y lograr la m\u00e1xima calidad de sonido, recomendamos conectar unos auriculares externos.<\/p>\n<p>El transmisor Okayo WT-350D City Jungle Edition en un elegante y tenue verde, combinado con el receptor amarillo, crea un dise\u00f1o \u00fanico inspirado en el estilo urbano, que refleja perfectamente su car\u00e1cter urbano.<\/p>\n<p>El conjunto incluye 2 transmisores con unas dimensiones de 63 x 132 x 70 mm. Un dispositivo pesa aproximadamente 65 g, incluida la bater\u00eda.<\/p>\n<p><strong>Auriculares de la serie SH<\/strong><\/p>\n<p>Los auriculares SH reutilizables para 1 oreja est\u00e1n equipados con un soporte ligero para la oreja que permite que el auricular se adapte perfectamente a la oreja del usuario. La selecci\u00f3n de un modelo especifico de auricular depende de la disponibilidad en almac\u00e9n.<\/p>\n<p><strong>Headset EMC-100<\/strong><\/p>\n<p>El set incluye dos headsets EMC-100 que constan de un micr\u00f3fono de solapa con un clip para la ropa y un auricular intrauditivo con un gancho de pl\u00e1stico. Se caracteriza por su reducido tama\u00f1o y peso, imperceptible para el usuario. El auricular con la protecci\u00f3n goma reemplazable garantiza una recepci\u00f3n de la transmisi\u00f3n estable.<\/p>\n<p><strong>Sistema de correas higi\u00e9nicas (bucle + clip)<\/strong><\/p>\n<p>El set M+ incluye 50 correas higi\u00e9nicas con clips. El sistema de correas higi\u00e9nicas consta de un lazo de algod\u00f3n reemplazable y un clip desmontable con mosquet\u00f3n. La correa se puede quitar f\u00e1cilmente y sustituirse por una limpia que no haya sido utilizada anteriormente. Esto es especialmente importante para los turistas que valoran la higiene y la comodidad durante la visita.<\/p>\n<p><strong>Bolsa de transporte TBX-2<\/strong><\/p>\n<p>La bolsa de transporte TBX-2 fue dise\u00f1ada espec\u00edficamente para gu\u00edas que trabajan en ciudades y museos. La bolsa tiene capacidad para un conjunto M completo (50 receptores y 2 transmisores).<\/p>\n<p>Equipada con una correa desmontable para el hombro y tirantes retr\u00e1ctiles que permiten llevar la bolsa como mochila, la bolsa ofrece total libertad de uso. Adem\u00e1s, sus dos asas, una doble horizontal y otra vertical, garantizan un transporte c\u00f3modo en cualquier situaci\u00f3n.<\/p>\n<p>Tres bolsillos exteriores con cremallera permiten acceder f\u00e1cilmente a los accesorios: los dos bolsillos m\u00e1s peque\u00f1os de la parte delantera son ideales para objetos peque\u00f1os, mientras que el bolsillo trasero m\u00e1s grande es perfecto para documentos o accesorios m\u00e1s grandes. Dentro del compartimento principal encontrar\u00e1 un bolsillo adicional seguro con cremallera.<\/p>\n<p>La bolsa mide 330 x 445 x 75 mm.<\/p>\n","protected":false},"excerpt":{"rendered":"<p>Conjunto tourguide basado en el sistema Okayo WT-350D para un grupo de 50 personas. Okayo WT-350D City Jungle Edition es el primer modelo 2 en 1 que, con un solo interruptor, puede funcionar como sistema unidireccional o bidireccional, lo que permite a los participantes de la visita formular preguntas.<\/p>\n<p>&nbsp;<\/p>\n<p><a href=\"https:\/\/mguide.eu\/wp-content\/uploads\/2024\/08\/ES-Baner.png\"><img loading=\"lazy\" decoding=\"async\" class=\"alignnone size-full wp-image-45218\" src=\"https:\/\/mguide.eu\/wp-content\/uploads\/2024\/08\/ES-Baner.png\" alt=\"\" width=\"630\" height=\"120\" srcset=\"https:\/\/i0.wp.com\/mguide.eu\/wp-content\/uploads\/2024\/08\/ES-Baner.png?w=630&amp;ssl=1 630w, https:\/\/i0.wp.com\/mguide.eu\/wp-content\/uploads\/2024\/08\/ES-Baner.png?resize=600%2C114&amp;ssl=1 600w\" sizes=\"auto, (max-width: 630px) 100vw, 630px\" \/><\/a><\/p>\n","protected":false},"featured_media":45527,"template":"","meta":{"_acf_changed":false},"product_brand":[],"product_cat":[1039],"product_tag":[],"class_list":{"0":"post-44299","1":"product","2":"type-product","3":"status-publish","4":"has-post-thumbnail","6":"product_cat-conjuntos-de-radioguias","8":"first","9":"instock","10":"taxable","11":"shipping-taxable","12":"purchasable","13":"product-type-simple"},"acf":[],"_links":{"self":[{"href":"https:\/\/mguide.eu\/es\/wp-json\/wp\/v2\/product\/44299","targetHints":{"allow":["GET"]}}],"collection":[{"href":"https:\/\/mguide.eu\/es\/wp-json\/wp\/v2\/product"}],"about":[{"href":"https:\/\/mguide.eu\/es\/wp-json\/wp\/v2\/types\/product"}],"wp:featuredmedia":[{"embeddable":true,"href":"https:\/\/mguide.eu\/es\/wp-json\/wp\/v2\/media\/45527"}],"wp:attachment":[{"href":"https:\/\/mguide.eu\/es\/wp-json\/wp\/v2\/media?parent=44299"}],"wp:term":[{"taxonomy":"product_brand","embeddable":true,"href":"https:\/\/mguide.eu\/es\/wp-json\/wp\/v2\/product_brand?post=44299"},{"taxonomy":"product_cat","embeddable":true,"href":"https:\/\/mguide.eu\/es\/wp-json\/wp\/v2\/product_cat?post=44299"},{"taxonomy":"product_tag","embeddable":true,"href":"https:\/\/mguide.eu\/es\/wp-json\/wp\/v2\/product_tag?post=44299"}],"curies":[{"name":"wp","href":"https:\/\/api.w.org\/{rel}","templated":true}]}}