{"id":70368,"date":"2025-08-28T13:53:59","date_gmt":"2025-08-28T11:53:59","guid":{"rendered":"https:\/\/mguide.eu\/?post_type=product&#038;p=70368"},"modified":"2025-08-29T08:59:58","modified_gmt":"2025-08-29T06:59:58","slug":"receptor-mguide-pellegrino-easy","status":"publish","type":"product","link":"https:\/\/mguide.eu\/es\/produkt\/receptor-mguide-pellegrino-easy\/","title":{"rendered":"Receptor mGuide Pellegrino Easy"},"content":{"rendered":"<p>Receptor dedicado al \u00faltimo sistema unidireccional mGuide Pellegrino Easy. Es extremadamente ligero (45 g) y compacto. Adem\u00e1s, est\u00e1 equipado con un clip met\u00e1lico especial que permite fijar el equipo a la ropa.<\/p>\n<p>El sistema mGuide Pellegrino Easy es un moderno sistema digital unidireccional que, gracias a sus soluciones inteligentes, garantiza una comunicaci\u00f3n fiable y c\u00f3moda. Su mayor ventaja es la funci\u00f3n de escaneo y ajuste autom\u00e1tico de frecuencia, que funciona de forma continua. Esto garantiza una transmisi\u00f3n libre de interferencias, eliminando al mismo tiempo la necesidad de una configuraci\u00f3n manual.<\/p>\n","protected":false},"excerpt":{"rendered":"<p>Receptor unidireccional digital del sistema mGuide Pellegrino Easy. Compacto y ultraligero.<\/p>\n","protected":false},"featured_media":70301,"template":"","meta":{"_acf_changed":false},"product_brand":[],"product_cat":[1024],"product_tag":[],"class_list":{"0":"post-70368","1":"product","2":"type-product","3":"status-publish","4":"has-post-thumbnail","6":"product_cat-transmisores-y-receptores","7":"pa_marka-mguide-es","9":"first","10":"instock","11":"taxable","12":"shipping-taxable","13":"purchasable","14":"product-type-simple"},"acf":[],"_links":{"self":[{"href":"https:\/\/mguide.eu\/es\/wp-json\/wp\/v2\/product\/70368","targetHints":{"allow":["GET"]}}],"collection":[{"href":"https:\/\/mguide.eu\/es\/wp-json\/wp\/v2\/product"}],"about":[{"href":"https:\/\/mguide.eu\/es\/wp-json\/wp\/v2\/types\/product"}],"wp:featuredmedia":[{"embeddable":true,"href":"https:\/\/mguide.eu\/es\/wp-json\/wp\/v2\/media\/70301"}],"wp:attachment":[{"href":"https:\/\/mguide.eu\/es\/wp-json\/wp\/v2\/media?parent=70368"}],"wp:term":[{"taxonomy":"product_brand","embeddable":true,"href":"https:\/\/mguide.eu\/es\/wp-json\/wp\/v2\/product_brand?post=70368"},{"taxonomy":"product_cat","embeddable":true,"href":"https:\/\/mguide.eu\/es\/wp-json\/wp\/v2\/product_cat?post=70368"},{"taxonomy":"product_tag","embeddable":true,"href":"https:\/\/mguide.eu\/es\/wp-json\/wp\/v2\/product_tag?post=70368"}],"curies":[{"name":"wp","href":"https:\/\/api.w.org\/{rel}","templated":true}]}}