{"id":70439,"date":"2025-08-28T13:53:57","date_gmt":"2025-08-28T11:53:57","guid":{"rendered":"https:\/\/mguide.eu\/?post_type=product&#038;p=70439"},"modified":"2025-09-09T10:10:57","modified_gmt":"2025-09-09T08:10:57","slug":"kit-de-guia-turistica-para-mguide-pellegrino-easy","status":"publish","type":"product","link":"https:\/\/mguide.eu\/es\/produkt\/kit-de-guia-turistica-para-mguide-pellegrino-easy\/","title":{"rendered":"Kit de gu\u00eda tur\u00edstica para mGuide Pellegrino Easy | M (34+2)"},"content":{"rendered":"<div class=\"wpb-content-wrapper\"><p>[vc_row][vc_column][vc_column_text css=&#8221;&#8221;]<br \/>\nEl kit incluye:<\/p>\n<ul>\n<li>2 transmisores mGuide Pellegrino Easy<\/li>\n<li>34 receptores mGuide Pellegrino Easy<\/li>\n<li>1 bolsa de carga TC-36SG<br \/>\nGratis: el kit tambi\u00e9n incluye auriculares de la serie SH y cordones higi\u00e9nicos para los dispositivos.<\/li>\n<\/ul>\n<p>El sistema mGuide Pellegrino Easy es una soluci\u00f3n digital moderna y unidireccional que, gracias a tecnolog\u00edas inteligentes, garantiza una comunicaci\u00f3n fiable y c\u00f3moda. Su mayor ventaja es el escaneo autom\u00e1tico y la sintonizaci\u00f3n continua de frecuencias, lo que elimina las interferencias y la necesidad de configuraci\u00f3n manual. En comparaci\u00f3n con sus competidores, el mGuide Pellegrino Easy destaca por sus dimensiones excepcionalmente compactas y su bajo peso: los dispositivos pesan tan solo 45 gramos, lo que los hace muy c\u00f3modos de llevar, incluso durante largas horas de uso.<br \/>\n[\/vc_column_text][\/vc_column][\/vc_row]<\/p>\n<\/div>","protected":false},"excerpt":{"rendered":"<p>El mGuide Pellegrino Easy M (34+2) es un kit completo y extendido para gu\u00edas tur\u00edsticos, listo para usar. Incluye: 2 transmisores, 34 receptores, un estuche de carga, auriculares de la serie SH, micr\u00f3fonos de la serie LM y cordones higi\u00e9nicos para los dispositivos.<\/p>\n","protected":false},"featured_media":70515,"template":"","meta":{"_acf_changed":false},"product_brand":[],"product_cat":[1039],"product_tag":[],"class_list":{"0":"post-70439","1":"product","2":"type-product","3":"status-publish","4":"has-post-thumbnail","6":"product_cat-conjuntos-de-radioguias","7":"pa_marka-mguide-es","9":"first","10":"instock","11":"taxable","12":"shipping-taxable","13":"purchasable","14":"product-type-simple"},"acf":[],"_links":{"self":[{"href":"https:\/\/mguide.eu\/es\/wp-json\/wp\/v2\/product\/70439","targetHints":{"allow":["GET"]}}],"collection":[{"href":"https:\/\/mguide.eu\/es\/wp-json\/wp\/v2\/product"}],"about":[{"href":"https:\/\/mguide.eu\/es\/wp-json\/wp\/v2\/types\/product"}],"wp:featuredmedia":[{"embeddable":true,"href":"https:\/\/mguide.eu\/es\/wp-json\/wp\/v2\/media\/70515"}],"wp:attachment":[{"href":"https:\/\/mguide.eu\/es\/wp-json\/wp\/v2\/media?parent=70439"}],"wp:term":[{"taxonomy":"product_brand","embeddable":true,"href":"https:\/\/mguide.eu\/es\/wp-json\/wp\/v2\/product_brand?post=70439"},{"taxonomy":"product_cat","embeddable":true,"href":"https:\/\/mguide.eu\/es\/wp-json\/wp\/v2\/product_cat?post=70439"},{"taxonomy":"product_tag","embeddable":true,"href":"https:\/\/mguide.eu\/es\/wp-json\/wp\/v2\/product_tag?post=70439"}],"curies":[{"name":"wp","href":"https:\/\/api.w.org\/{rel}","templated":true}]}}