{"id":74502,"date":"2026-03-10T10:28:39","date_gmt":"2026-03-10T09:28:39","guid":{"rendered":"https:\/\/mguide.eu\/produkt\/sistema-de-guia-de-grupo-okayo-wt-300d-con-maletin-m-452-ac-658\/"},"modified":"2026-04-13T10:22:47","modified_gmt":"2026-04-13T08:22:47","slug":"sistema-de-guia-de-grupo-okayo-wt-300d-con-maletin-m-452-ac-658","status":"publish","type":"product","link":"https:\/\/mguide.eu\/es\/produkt\/sistema-de-guia-de-grupo-okayo-wt-300d-con-maletin-m-452-ac-658\/","title":{"rendered":"Sistema de gu\u00eda de grupo Okayo WT-300D con malet\u00edn | M (45+2) + AC-658"},"content":{"rendered":"<div class=\"wpb-content-wrapper\"><p>[vc_row][vc_column][vc_column_text css=&#8221;&#8221;]<\/p>\n<p data-path-to-node=\"23\"><b data-path-to-node=\"23\" data-index-in-node=\"0\">El set incluye:<\/b><br \/>\n\u2013 45 receptores<br \/>\n\u2013 2 transmisores<br \/>\n\u2013 50 uds. de auriculares SH-2<br \/>\n\u2013 2 uds. de micr\u00f3fonos LM-20A<br \/>\n\u2013 enganche para cord\u00f3n<br \/>\n\u2013 50 cordones higi\u00e9nicos<br \/>\n\u2013 malet\u00edn AC-658 con espuma<\/p>\n<p><strong>El set no incluye alimentaci\u00f3n. Existe la posibilidad de comprar por separado pilas o bater\u00edas recargables y el cargador HDC-300.<\/strong><\/p>\n<p data-path-to-node=\"24\">El modelo Okayo WT-300 no puede describirse de otra manera que como ic\u00f3nico. Los receptores rojos acompa\u00f1an a gu\u00edas y turistas por toda Europa desde hace m\u00e1s de 10 a\u00f1os. Han ganado una legi\u00f3n de fervientes seguidores gracias a excelentes par\u00e1metros como el alcance, el tiempo de funcionamiento, la carcasa resistente y la sencillez de manejo.<\/p>\n<p data-path-to-node=\"24\"><strong>Todo lo bueno se acaba\u2026 \u00a1para dejar paso a algo mejor! La nueva generaci\u00f3n digital: el modelo Okayo WT-300D (Digital)<\/strong>.<\/p>\n<p data-path-to-node=\"24\">Gracias al cambio a la transmisi\u00f3n digital, no solo podemos ofrecer un precio m\u00e1s favorable que las antiguas versiones anal\u00f3gicas (las piezas para <span class=\"citation-24 citation-end-24\">sistemas anal\u00f3gicos ya no se fabrican y, por tanto, sus precios aumentan), sino sobre todo una nueva funci\u00f3n, hasta ahora inalcanzable: el cambio remoto de canal en los receptores. Adem\u00e1s, los receptores Okayo WT-30<\/span>0D est\u00e1n equipados con el sistema HAC (Hearing Aid Compatible), lo que los hace compatibles con personas que utilizan aud\u00edfonos.<\/p>\n<p data-path-to-node=\"24\"><span style=\"color: #800000;\">El modelo digital WT-300D (receptores p\u00farpura, <\/span><span class=\"citation-23 citation-end-23\"><span style=\"color: #800000;\">transmisores turquesa) no es compatible con las antiguas generaciones anal\u00f3gicas de este modelo (receptores rojos, transmisores azules).<\/span> La falta de compatibilidad no es motivo de reclamaci\u00f3n o devoluci\u00f3n<\/span> de la mercanc\u00eda.<\/p>\n<p data-path-to-node=\"24\"><strong>Menos es m\u00e1s.<\/strong><\/p>\n<p data-path-to-node=\"24\">El Okayo WT-300D tiene 25 canales\u2026 Sin embargo, esto es solo aparentemente menos que en la generaci\u00f3n anterior. El nuevo Okayo WT-300 digital tiene m\u00e1s canales que pueden usarse simult\u00e1neamente que su predecesor anal\u00f3gico. Se pueden guiar hasta 25 grupos al mismo tiempo en canales separados en el mismo lugar limitado (en el modelo anal\u00f3gico, hasta 10). Esto significa que la probabilidad de interferencias causadas por otros grupos con el mismo modelo en lugares tur\u00edsticos populares es a\u00fan menor.<\/p>\n<p data-path-to-node=\"24\"><strong>Nuevo modelo: ventajas conocidas<\/strong>.<\/p>\n<p data-path-to-node=\"24\">El Okayo WT-300D cuenta con el ya conocido y muy buen alcance, y un tiempo de funcionamiento a\u00fan m\u00e1s largo que su hermano mayor anal\u00f3gico. Con una sola carga\/cambio de pilas, el receptor funcionar\u00e1 m\u00e1s de 35 horas, es decir, 10 horas m\u00e1s. La carcasa del WT-300D no ha cambiado excepto por\u2026 el color. Sigue siendo el material ABS probado, resistente no solo a las roturas, sino incluso a los peque\u00f1os ara\u00f1azos, pero esta vez destaca por un color inusual y original. El transmisor tiene un micr\u00f3fono incorporado, por si se perdiera el micr\u00f3fono externo.<\/p>\n<ul data-path-to-node=\"25\">\n<li>\n<p data-path-to-node=\"25,0,0\">La foto del set no muestra las cantidades reales de productos.<\/p>\n<\/li>\n<\/ul>\n<p>[\/vc_column_text][\/vc_column][\/vc_row]<\/p>\n<\/div>","protected":false},"excerpt":{"rendered":"<p>Set de gu\u00eda de grupo basado en el modelo digital WT-300D, dise\u00f1ado para grupos de 45 personas. Incluye un pr\u00e1ctico malet\u00edn con espuma, destinado al almacenamiento y transporte de los dispositivos junto con sus accesorios.<\/p>\n","protected":false},"featured_media":74461,"template":"","meta":{"_acf_changed":false},"product_brand":[],"product_cat":[1027,1039],"product_tag":[],"class_list":{"0":"post-74502","1":"product","2":"type-product","3":"status-publish","4":"has-post-thumbnail","6":"product_cat-sistemas-de-radioguias","7":"product_cat-conjuntos-de-radioguias","8":"pa_marka-okayo-es","10":"first","11":"instock","12":"taxable","13":"shipping-taxable","14":"purchasable","15":"product-type-simple"},"acf":[],"_links":{"self":[{"href":"https:\/\/mguide.eu\/es\/wp-json\/wp\/v2\/product\/74502","targetHints":{"allow":["GET"]}}],"collection":[{"href":"https:\/\/mguide.eu\/es\/wp-json\/wp\/v2\/product"}],"about":[{"href":"https:\/\/mguide.eu\/es\/wp-json\/wp\/v2\/types\/product"}],"wp:featuredmedia":[{"embeddable":true,"href":"https:\/\/mguide.eu\/es\/wp-json\/wp\/v2\/media\/74461"}],"wp:attachment":[{"href":"https:\/\/mguide.eu\/es\/wp-json\/wp\/v2\/media?parent=74502"}],"wp:term":[{"taxonomy":"product_brand","embeddable":true,"href":"https:\/\/mguide.eu\/es\/wp-json\/wp\/v2\/product_brand?post=74502"},{"taxonomy":"product_cat","embeddable":true,"href":"https:\/\/mguide.eu\/es\/wp-json\/wp\/v2\/product_cat?post=74502"},{"taxonomy":"product_tag","embeddable":true,"href":"https:\/\/mguide.eu\/es\/wp-json\/wp\/v2\/product_tag?post=74502"}],"curies":[{"name":"wp","href":"https:\/\/api.w.org\/{rel}","templated":true}]}}