{"id":74816,"date":"2026-04-13T09:43:22","date_gmt":"2026-04-13T07:43:22","guid":{"rendered":"https:\/\/mguide.eu\/?post_type=product&#038;p=74816"},"modified":"2026-04-13T12:59:42","modified_gmt":"2026-04-13T10:59:42","slug":"okayo-wt-300d-pro99","status":"publish","type":"product","link":"https:\/\/mguide.eu\/es\/produkt\/okayo-wt-300d-pro99\/","title":{"rendered":"Okayo WT-300D PRO99"},"content":{"rendered":"","protected":false},"excerpt":{"rendered":"<p><b data-path-to-node=\"30\" data-index-in-node=\"0\">Okayo WT-300D PRO99<\/b>: sistema de gu\u00eda de grupo digital de Okayo Electronics en su versi\u00f3n ampliada, que ofrece hasta 99 canales simult\u00e1neos. La versi\u00f3n PRO99 elimina el riesgo de interferencias incluso en lugares con una enorme afluencia de turistas.<\/p>\n","protected":false},"featured_media":74826,"template":"","meta":{"_acf_changed":false},"product_brand":[],"product_cat":[6217],"product_tag":[],"class_list":{"0":"post-74816","1":"product","2":"type-product","3":"status-publish","4":"has-post-thumbnail","6":"product_cat-modelos","7":"pa_marka-mguide-es","9":"first","10":"instock","11":"sale","12":"taxable","13":"shipping-taxable","14":"product-type-grouped"},"acf":[],"_links":{"self":[{"href":"https:\/\/mguide.eu\/es\/wp-json\/wp\/v2\/product\/74816","targetHints":{"allow":["GET"]}}],"collection":[{"href":"https:\/\/mguide.eu\/es\/wp-json\/wp\/v2\/product"}],"about":[{"href":"https:\/\/mguide.eu\/es\/wp-json\/wp\/v2\/types\/product"}],"wp:featuredmedia":[{"embeddable":true,"href":"https:\/\/mguide.eu\/es\/wp-json\/wp\/v2\/media\/74826"}],"wp:attachment":[{"href":"https:\/\/mguide.eu\/es\/wp-json\/wp\/v2\/media?parent=74816"}],"wp:term":[{"taxonomy":"product_brand","embeddable":true,"href":"https:\/\/mguide.eu\/es\/wp-json\/wp\/v2\/product_brand?post=74816"},{"taxonomy":"product_cat","embeddable":true,"href":"https:\/\/mguide.eu\/es\/wp-json\/wp\/v2\/product_cat?post=74816"},{"taxonomy":"product_tag","embeddable":true,"href":"https:\/\/mguide.eu\/es\/wp-json\/wp\/v2\/product_tag?post=74816"}],"curies":[{"name":"wp","href":"https:\/\/api.w.org\/{rel}","templated":true}]}}