{"id":42408,"date":"2024-05-13T10:26:55","date_gmt":"2024-05-13T08:26:55","guid":{"rendered":"https:\/\/mguide.eu\/dlr-02\/"},"modified":"2025-07-28T12:40:41","modified_gmt":"2025-07-28T10:40:41","slug":"dlr-02","status":"publish","type":"page","link":"https:\/\/mguide.eu\/fr\/dlr-02\/","title":{"rendered":"mGuide DLR-02"},"content":{"rendered":"<div class=\"wpb-content-wrapper\"><p>[vc_row full_width=&#8221;stretch_row&#8221; content_placement=&#8221;middle&#8221; css=&#8221;.vc_custom_1715590427387{background: #ba7dca url(https:\/\/mguide.eu\/wp-content\/uploads\/2024\/04\/bgdlr.png?id=41448) !important;background-position: center !important;background-repeat: no-repeat !important;background-size: cover !important;}&#8221;][vc_column width=&#8221;3\/5&#8243; offset=&#8221;vc_hidden-xs&#8221;][vc_custom_heading text=&#8221;mGuide DLR-02&#8243; font_container=&#8221;tag:h2|font_size:80|text_align:left&#8221; google_fonts=&#8221;font_family:Viga%3Aregular|font_style:400%20regular%3A400%3Anormal&#8221;][vc_custom_heading text=&#8221;Visites guid\u00e9es sans fronti\u00e8res.&#8221; font_container=&#8221;tag:h2|font_size:50|text_align:left|color:%23ffffff&#8221; google_fonts=&#8221;font_family:Montserrat%3Aregular%2C700|font_style:400%20regular%3A400%3Anormal&#8221;][vc_empty_space][vc_row_inner content_placement=&#8221;middle&#8221; gap=&#8221;1&#8243;][vc_column_inner width=&#8221;1\/3&#8243;][vc_btn title=&#8221;Continuer \u00e0 lire&#8221; style=&#8221;outline-custom&#8221; outline_custom_color=&#8221;#ffffff&#8221; outline_custom_hover_background=&#8221;#71c4dc&#8221; outline_custom_hover_text=&#8221;#ffffff&#8221; size=&#8221;lg&#8221; align=&#8221;center&#8221; i_icon_fontawesome=&#8221;fas fa-arrow-circle-down&#8221; button_block=&#8221;true&#8221; add_icon=&#8221;true&#8221; link=&#8221;url:%23section-one|&#8221; el_class=&#8221;moving-link&#8221;][\/vc_column_inner][vc_column_inner width=&#8221;1\/3&#8243;][vc_btn title=&#8221;Acheter maintenant&#8221; style=&#8221;custom&#8221; custom_background=&#8221;#333e48&#8243; custom_text=&#8221;#ffffff&#8221; size=&#8221;lg&#8221; align=&#8221;center&#8221; i_type=&#8221;typicons&#8221; i_icon_typicons=&#8221;typcn typcn-shopping-cart&#8221; button_block=&#8221;true&#8221; add_icon=&#8221;true&#8221; link=&#8221;url:https%3A%2F%2Fmguide.eu%2Ffr%2Fprodukt%2Fmguide-dlr-02%2F|title:mGuide%20DLR-02|target:_blank|&#8221;][\/vc_column_inner][vc_column_inner width=&#8221;1\/3&#8243;][\/vc_column_inner][\/vc_row_inner][\/vc_column][vc_column width=&#8221;2\/5&#8243; css=&#8221;.vc_custom_1715589187119{background-image: url(https:\/\/mguide.eu\/wp-content\/uploads\/2024\/04\/bgcolor.png?id=41458) !important;background-position: center !important;background-repeat: no-repeat !important;background-size: contain !important;}&#8221; offset=&#8221;vc_hidden-xs&#8221;][vc_single_image image=&#8221;41420&#8243; img_size=&#8221;medium&#8221; css_animation=&#8221;bounceInDown&#8221;][\/vc_column][vc_column][vc_empty_space][vc_row_inner][vc_column_inner offset=&#8221;vc_hidden-lg vc_hidden-md vc_hidden-sm&#8221;][vc_custom_heading text=&#8221;mGuide DLR-02&#8243; font_container=&#8221;tag:h2|font_size:50|text_align:center&#8221; google_fonts=&#8221;font_family:Viga%3Aregular|font_style:400%20regular%3A400%3Anormal&#8221;][vc_custom_heading text=&#8221;Visites guid\u00e9es sans fronti\u00e8res.&#8221; font_container=&#8221;tag:h2|font_size:30|text_align:center|color:%23ffffff&#8221; google_fonts=&#8221;font_family:Montserrat%3Aregular%2C700|font_style:400%20regular%3A400%3Anormal&#8221;][vc_single_image image=&#8221;41420&#8243; img_size=&#8221;medium&#8221; css_animation=&#8221;bounceInDown&#8221; css=&#8221;.vc_custom_1715681527463{background-image: url(https:\/\/mguide.eu\/wp-content\/uploads\/2024\/04\/bgcolor.png?id=41458) !important;background-position: center !important;background-repeat: no-repeat !important;background-size: contain !important;}&#8221;][\/vc_column_inner][\/vc_row_inner][vc_row_inner content_placement=&#8221;middle&#8221; gap=&#8221;1&#8243; css=&#8221;.vc_custom_1715591210059{padding-top: 20px !important;}&#8221;][vc_column_inner width=&#8221;1\/2&#8243; offset=&#8221;vc_hidden-lg vc_hidden-md vc_hidden-sm&#8221;][vc_btn title=&#8221;Continuer \u00e0 lire&#8221; style=&#8221;outline-custom&#8221; outline_custom_color=&#8221;#ffffff&#8221; outline_custom_hover_background=&#8221;#71c4dc&#8221; outline_custom_hover_text=&#8221;#ffffff&#8221; size=&#8221;lg&#8221; align=&#8221;center&#8221; i_icon_fontawesome=&#8221;fas fa-arrow-circle-down&#8221; button_block=&#8221;true&#8221; add_icon=&#8221;true&#8221; link=&#8221;url:%23section-one|&#8221; el_class=&#8221;moving-link&#8221;][\/vc_column_inner][vc_column_inner width=&#8221;1\/2&#8243; offset=&#8221;vc_hidden-lg vc_hidden-md vc_hidden-sm&#8221;][vc_btn title=&#8221;Acheter maintenant&#8221; style=&#8221;custom&#8221; custom_background=&#8221;#333e48&#8243; custom_text=&#8221;#ffffff&#8221; size=&#8221;lg&#8221; align=&#8221;center&#8221; i_type=&#8221;typicons&#8221; i_icon_typicons=&#8221;typcn typcn-shopping-cart&#8221; button_block=&#8221;true&#8221; add_icon=&#8221;true&#8221; link=&#8221;url:https%3A%2F%2Fmguide.eu%2Ffr%2Fprodukt%2Fmguide-dlr-02%2F|title:mGuide%20DLR-02|target:_blank|&#8221;][\/vc_column_inner][\/vc_row_inner][\/vc_column][\/vc_row][vc_row el_id=&#8221;section-one&#8221; css=&#8221;.vc_custom_1715247637811{margin-bottom: 50px !important;}&#8221;][vc_column css_animation=&#8221;left-to-right&#8221; width=&#8221;1\/4&#8243;][vc_icon icon_fontawesome=&#8221;fas fa-globe-americas&#8221; color=&#8221;turquoise&#8221;][vc_custom_heading text=&#8221;Voyager \u00e0 travers le monde&#8221; font_container=&#8221;tag:h2|font_size:18|text_align:left&#8221; google_fonts=&#8221;font_family:Montserrat%3Aregular%2C700|font_style:700%20bold%20regular%3A700%3Anormal&#8221;][vc_column_text]Le mod\u00e8le mGuide DLR-02 fonctionne \u00e0 une fr\u00e9quence de 2,4 GHz, ce qui lui permet de fonctionner sur tous les continents.[\/vc_column_text][\/vc_column][vc_column css_animation=&#8221;left-to-right&#8221; width=&#8221;1\/4&#8243;][vc_icon icon_fontawesome=&#8221;fas fa-exchange-alt&#8221; color=&#8221;turquoise&#8221;][vc_custom_heading text=&#8221;Parlez librement et r\u00e9pondez aux questions&#8221; font_container=&#8221;tag:h2|font_size:18|text_align:left&#8221; google_fonts=&#8221;font_family:Montserrat%3Aregular%2C700|font_style:700%20bold%20regular%3A700%3Anormal&#8221;][vc_column_text]Le syst\u00e8me permet une communication bidirectionnelle en mode full duplex.[\/vc_column_text][\/vc_column][vc_column css_animation=&#8221;left-to-right&#8221; width=&#8221;1\/4&#8243;][vc_icon icon_fontawesome=&#8221;fas fa-music&#8221; color=&#8221;turquoise&#8221;][vc_custom_heading text=&#8221;Connectez votre musique gr\u00e2ce \u00e0 l&apos;entr\u00e9e AUX-IN&#8221; font_container=&#8221;tag:h2|font_size:18|text_align:left&#8221; google_fonts=&#8221;font_family:Montserrat%3Aregular%2C700|font_style:700%20bold%20regular%3A700%3Anormal&#8221;][vc_column_text]Fini les silences g\u00eanants! Vous pouvez ajouter un accompagnement musical unique \u00e0 vos discours ou remplacer le silence dans les moments sans commentaire.[\/vc_column_text][\/vc_column][vc_column css_animation=&#8221;left-to-right&#8221; width=&#8221;1\/4&#8243;][vc_icon icon_fontawesome=&#8221;fas fa-puzzle-piece&#8221; color=&#8221;turquoise&#8221;][vc_custom_heading text=&#8221;Combinez-le avec le mGuide DLR-01&#8243; font_container=&#8221;tag:h2|font_size:18|text_align:left&#8221; google_fonts=&#8221;font_family:Montserrat%3Aregular%2C700|font_style:700%20bold%20regular%3A700%3Anormal&#8221;][vc_column_text]Le mGuide DLR-02 est enti\u00e8rement compatible avec le mod\u00e8le unidirectionnel mGuide DLR-01 et tous ses accessoires.[\/vc_column_text][\/vc_column][\/vc_row][vc_row full_width=&#8221;stretch_row&#8221; css=&#8221;.vc_custom_1715248783148{background-color: #64cfdf !important;}&#8221;][vc_column css_animation=&#8221;none&#8221; width=&#8221;1\/2&#8243; css=&#8221;.vc_custom_1715250601215{padding-bottom: 40px !important;background-image: url(https:\/\/mguide.eu\/wp-content\/uploads\/2024\/05\/bg4.png?id=42034) !important;background-position: center !important;background-repeat: no-repeat !important;background-size: cover !important;}&#8221;][vc_single_image image=&#8221;42081&#8243; img_size=&#8221;full&#8221; alignment=&#8221;center&#8221; css_animation=&#8221;fadeInDown&#8221;][vc_custom_heading text=&#8221;mGuide DLR-02 Leader&#8221; font_container=&#8221;tag:h2|font_size:18|text_align:center&#8221; google_fonts=&#8221;font_family:Montserrat%3Aregular%2C700|font_style:700%20bold%20regular%3A700%3Anormal&#8221;][vc_column_text]<\/p>\n<p style=\"text-align: center;\">Leader\/l\u2019\u00e9metteur peut communiquer en mode mains libres. Le guide n&#8217;a pas besoin de penser \u00e0 maintenir le bouton enfonc\u00e9 pendant qu&#8217;il parle. Vous pouvez ajouter de la musique de fond ou des effets sonores \u00e0 vos discours.<\/p>\n<p>[\/vc_column_text][\/vc_column][vc_column css_animation=&#8221;none&#8221; width=&#8221;1\/2&#8243; css=&#8221;.vc_custom_1715250607723{padding-bottom: 40px !important;background-image: url(https:\/\/mguide.eu\/wp-content\/uploads\/2024\/05\/bg5.png?id=42059) !important;background-position: center !important;background-repeat: no-repeat !important;background-size: cover !important;}&#8221;][vc_single_image image=&#8221;42088&#8243; img_size=&#8221;full&#8221; alignment=&#8221;center&#8221; css_animation=&#8221;fadeInDown&#8221;][vc_custom_heading text=&#8221;mGuide DLR-02 Participant&#8221; font_container=&#8221;tag:h2|font_size:18|text_align:center&#8221; google_fonts=&#8221;font_family:Montserrat%3Aregular%2C700|font_style:700%20bold%20regular%3A700%3Anormal&#8221;][vc_column_text]<\/p>\n<p style=\"text-align: center;\">Participant\/le r\u00e9cepteur peut poser une question \u00e0 la personne qui tient l&#8217;\u00e9metteur en appuyant sur le bouton PTT de l&#8217;appareil. Le syst\u00e8me mGuide DLR-02 permet un nombre illimit\u00e9 de r\u00e9cepteurs au sein d&#8217;un m\u00eame groupe!<\/p>\n<p>[\/vc_column_text][\/vc_column][\/vc_row][vc_row css=&#8221;.vc_custom_1715331875086{padding-bottom: 40px !important;}&#8221;][vc_column][vc_empty_space height=&#8221;50px&#8221;][vc_custom_heading text=&#8221;Utilisation polyvalente&#8221; font_container=&#8221;tag:h2|font_size:35|text_align:center&#8221; google_fonts=&#8221;font_family:Montserrat%3Aregular%2C700|font_style:700%20bold%20regular%3A700%3Anormal&#8221;][vc_column_text]Le mGuide DLR-02 n&#8217;est pas seulement un syst\u00e8me pour les visites guid\u00e9es. Gr\u00e2ce \u00e0 la capacit\u00e9 d\u2019interagir avec les utilisateurs, il permet une communication efficace dans diverses situations. Il est parfait pour les panels de discussion, l&#8217;interpr\u00e9tation simultan\u00e9e, les ateliers, les sessions de formation ou les conf\u00e9rences universitaires.<\/p>\n<p><strong>Les applications sont nombreuses, et c&#8217;est \u00e0 vous de d\u00e9cider comment vous utiliserez le syst\u00e8me mGuide DLR-02!<\/strong>[\/vc_column_text][vc_row_inner][vc_column_inner width=&#8221;1\/2&#8243;][vc_single_image image=&#8221;42160&#8243; img_size=&#8221;full&#8221;][vc_custom_heading text=&#8221;Tourisme&#8221; font_container=&#8221;tag:h2|font_size:16|text_align:left&#8221; google_fonts=&#8221;font_family:Montserrat%3Aregular%2C700|font_style:700%20bold%20regular%3A700%3Anormal&#8221;][vc_column_text]Guider des groupes et permettre aux participants de poser des questions lors d&#8217;une excursion ou d&#8217;une visite, au mus\u00e9e, par exemple.[\/vc_column_text][vc_single_image image=&#8221;42143&#8243; img_size=&#8221;full&#8221;][vc_custom_heading text=&#8221;Formation et ateliers&#8221; font_container=&#8221;tag:h2|font_size:16|text_align:left&#8221; google_fonts=&#8221;font_family:Montserrat%3Aregular%2C700|font_style:700%20bold%20regular%3A700%3Anormal&#8221;][vc_column_text]Organiser des cours de formation et des ateliers qui favorisent la participation active des participants en leur donnant la possibilit\u00e9 de poser des questions et de tenir des discussions ouvertes.[\/vc_column_text][\/vc_column_inner][vc_column_inner width=&#8221;1\/2&#8243;][vc_single_image image=&#8221;42339&#8243; img_size=&#8221;full&#8221;][vc_custom_heading text=&#8221;Industrie&#8221; font_container=&#8221;tag:h2|font_size:16|text_align:left&#8221; google_fonts=&#8221;font_family:Montserrat%3Aregular%2C700|font_style:700%20bold%20regular%3A700%3Anormal&#8221;][vc_column_text]Visites guid\u00e9es d&#8217;usines et de halls de production. Les participants \u00e0 la visite ont la possibilit\u00e9 de poser activement des questions et d&#8217;avoir une communication bidirectionnelle avec le guide ou le directeur de l&#8217;usine.[\/vc_column_text][vc_single_image image=&#8221;42331&#8243; img_size=&#8221;full&#8221;][vc_custom_heading text=&#8221;Conf\u00e9rences&#8221; font_container=&#8221;tag:h2|font_size:16|text_align:left&#8221; google_fonts=&#8221;font_family:Montserrat%3Aregular%2C700|font_style:700%20bold%20regular%3A700%3Anormal&#8221;][vc_column_text]Apparitions publiques qui peuvent inclure un d\u00e9bat d&#8217;experts et des s\u00e9ances interactives de questions-r\u00e9ponses.[\/vc_column_text][\/vc_column_inner][\/vc_row_inner][\/vc_column][\/vc_row][vc_row full_width=&#8221;stretch_row&#8221; content_placement=&#8221;middle&#8221; css=&#8221;.vc_custom_1715588144432{padding-bottom: 40px !important;background-color: #ca97db !important;}&#8221;][vc_column width=&#8221;1\/2&#8243;][vc_single_image image=&#8221;42281&#8243; img_size=&#8221;medium&#8221; css_animation=&#8221;fadeInDown&#8221;][\/vc_column][vc_column width=&#8221;1\/2&#8243;][vc_custom_heading text=&#8221;Voyagez autour du monde avec 2,4 GHz!&#8221; font_container=&#8221;tag:h2|font_size:35|text_align:left&#8221; google_fonts=&#8221;font_family:Montserrat%3Aregular%2C700|font_style:700%20bold%20regular%3A700%3Anormal&#8221;][vc_column_text]Les fr\u00e9quences radio qui peuvent \u00eatre utilis\u00e9es sans licence varient d&#8217;un continent \u00e0 l&#8217;autre et d&#8217;un pays \u00e0 l&#8217;autre. Lorsque vous planifiez des visites dans diff\u00e9rents coins du monde, vous n&#8217;avez pas \u00e0 vous soucier de changer de syst\u00e8me tourguide ni de rechercher un \u00e9quipement appropri\u00e9 adapt\u00e9 aux r\u00e9glementations locales. Le syst\u00e8me mGuide DLR-02 fonctionne \u00e0 une fr\u00e9quence de 2,4 GHz, ce qui signifie que vous pouvez l&#8217;utiliser dans le monde entier sans soucis![\/vc_column_text][\/vc_column][\/vc_row][vc_row content_placement=&#8221;middle&#8221; css=&#8221;.vc_custom_1715588269247{padding-bottom: 40px !important;}&#8221;][vc_column width=&#8221;2\/3&#8243;][vc_custom_heading text=&#8221;Combinez-le avec mGuide DLR-01&#8243; font_container=&#8221;tag:h2|font_size:35|text_align:left&#8221; google_fonts=&#8221;font_family:Montserrat%3Aregular%2C700|font_style:700%20bold%20regular%3A700%3Anormal&#8221;][vc_column_text]Vous disposez d\u00e9j\u00e0 d\u2019un syst\u00e8me mGuide DLR-01 unidirectionnel et vous souhaitez augmenter sa fonctionnalit\u00e9? Rien de plus simple. Vous pouvez acheter des appareils de la gamme DLR-02 et permettre aux participants d&#8217;un voyage ou d&#8217;une formation de poser des questions.<\/p>\n<p>De plus, vos accessoires existants sont compatibles! Vous n&#8217;\u00eates pas oblig\u00e9 de remplacer tout le syst\u00e8me imm\u00e9diatement. Vous pouvez charger vos appareils dans le m\u00eame chargeur ou les ranger dans le m\u00eame sac de transport sans aucun souci.[\/vc_column_text][\/vc_column][vc_column width=&#8221;1\/3&#8243;][vc_single_image image=&#8221;42187&#8243; img_size=&#8221;&#8221; css_animation=&#8221;fadeInDown&#8221;][\/vc_column][\/vc_row][vc_row full_width=&#8221;stretch_row&#8221; css=&#8221;.vc_custom_1715331754757{padding-bottom: 40px !important;background-color: #64cfdf !important;}&#8221;][vc_column][vc_custom_heading text=&#8221;Configuration tr\u00e8s simple&#8221; font_container=&#8221;tag:h2|font_size:35|text_align:center&#8221; google_fonts=&#8221;font_family:Montserrat%3Aregular%2C700|font_style:700%20bold%20regular%3A700%3Anormal&#8221;][vc_column_text]Le mod\u00e8le mGuide DLR-02 est un syst\u00e8me bidirectionnel tr\u00e8s intuitif. Vous n&#8217;avez pas besoin de passer toute la journ\u00e9e \u00e0 \u00e9tudier les instructions et \u00e0 configurer chaque appareil pour commencer votre visite rapidement.[\/vc_column_text][vc_row_inner][vc_column_inner width=&#8221;1\/3&#8243; css=&#8221;.vc_custom_1713509994832{background-image: url(https:\/\/mguide.eu\/wp-content\/uploads\/2024\/04\/bg1.png?id=41616) !important;background-position: center !important;background-repeat: no-repeat !important;background-size: contain !important;}&#8221;][vc_single_image image=&#8221;41687&#8243; img_size=&#8221;medium&#8221; alignment=&#8221;center&#8221; css_animation=&#8221;fadeInDown&#8221;][vc_custom_heading text=&#8221;\u00c9tape 1 &#8211; Connectez les headsets&#8221; font_container=&#8221;tag:h2|font_size:16|text_align:left&#8221; google_fonts=&#8221;font_family:Montserrat%3Aregular%2C700|font_style:700%20bold%20regular%3A700%3Anormal&#8221;][vc_column_text]Connectez les headsets de votre choix \u00e0 l&#8217;\u00e9metteur et au r\u00e9cepteur.[\/vc_column_text][\/vc_column_inner][vc_column_inner width=&#8221;1\/3&#8243; css=&#8221;.vc_custom_1713522811694{background-image: url(https:\/\/mguide.eu\/wp-content\/uploads\/2024\/04\/bg2.png?id=41651) !important;background-position: center !important;background-repeat: no-repeat !important;background-size: contain !important;}&#8221;][vc_single_image image=&#8221;41680&#8243; img_size=&#8221;medium&#8221; css_animation=&#8221;fadeInDown&#8221;][vc_custom_heading text=&#8221;\u00c9tape 2 &#8211; Allumez vos appareils&#8221; font_container=&#8221;tag:h2|font_size:16|text_align:left&#8221; google_fonts=&#8221;font_family:Montserrat%3Aregular%2C700|font_style:700%20bold%20regular%3A700%3Anormal&#8221;][vc_column_text]Allumez les appareils et r\u00e9glez votre niveau de volume pr\u00e9f\u00e9r\u00e9.[\/vc_column_text][\/vc_column_inner][vc_column_inner width=&#8221;1\/3&#8243; css=&#8221;.vc_custom_1713522961693{background-image: url(https:\/\/mguide.eu\/wp-content\/uploads\/2024\/04\/bg3.png?id=41660) !important;background-position: center !important;background-repeat: no-repeat !important;background-size: contain !important;}&#8221;][vc_single_image image=&#8221;41671&#8243; css_animation=&#8221;fadeInDown&#8221;][vc_custom_heading text=&#8221;\u00c9tape 3 &#8211; D\u00e9finir le num\u00e9ro de groupe&#8221; font_container=&#8221;tag:h2|font_size:16|text_align:left&#8221; google_fonts=&#8221;font_family:Montserrat%3Aregular%2C700|font_style:700%20bold%20regular%3A700%3Anormal&#8221;][vc_column_text]D\u00e9finissez le m\u00eame num\u00e9ro de groupe sur l&#8217;\u00e9metteur et les r\u00e9cepteurs.<br \/>\n<strong>C&#8217;est tout! Le syst\u00e8me est pr\u00eat \u00e0 fonctionner.<\/strong>[\/vc_column_text][\/vc_column_inner][\/vc_row_inner][\/vc_column][\/vc_row][vc_row][vc_column][vc_empty_space height=&#8221;50px&#8221;][vc_custom_heading text=&#8221;Des accessoires pratiques&#8221; font_container=&#8221;tag:h2|font_size:35|text_align:center&#8221; google_fonts=&#8221;font_family:Montserrat%3Aregular%2C700|font_style:700%20bold%20regular%3A700%3Anormal&#8221;][vc_column_text]Le mod\u00e8le mGuide DLR-02 est un syst\u00e8me bidirectionnel tr\u00e8s intuitif. Vous n&#8217;avez pas besoin de passer toute la journ\u00e9e \u00e0 \u00e9tudier les instructions et \u00e0 configurer chaque appareil pour commencer votre visite rapidement.[\/vc_column_text][vc_row_inner content_placement=&#8221;bottom&#8221; gap=&#8221;10&#8243;][vc_column_inner width=&#8221;1\/4&#8243;][vc_single_image image=&#8221;42229&#8243;][vc_column_text]<strong>Headset ELM-01<\/strong><br \/>\nEquip\u00e9 d&#8217;\u00e9couteurs intra-auriculaires et d&#8217;un bouton PTT[\/vc_column_text][vc_btn title=&#8221;Acheter&#8221; style=&#8221;classic&#8221; color=&#8221;purple&#8221; align=&#8221;center&#8221; i_type=&#8221;material&#8221; i_icon_material=&#8221;vc-material vc-material-shopping_cart&#8221; button_block=&#8221;true&#8221; add_icon=&#8221;true&#8221; link=&#8221;url:https%3A%2F%2Fmguide.eu%2Fen%2Fprodukt%2Felm-01-headset%2F|target:_blank|&#8221;][\/vc_column_inner][vc_column_inner width=&#8221;1\/4&#8243;][vc_single_image image=&#8221;42237&#8243;][vc_column_text]<strong>Headset EHR-03<\/strong><br \/>\nHeadset tour de nuque avec un \u00e9couteur pour l&#8217;oreille gauche.[\/vc_column_text][vc_btn title=&#8221;Acheter&#8221; style=&#8221;classic&#8221; color=&#8221;purple&#8221; align=&#8221;center&#8221; i_type=&#8221;material&#8221; i_icon_material=&#8221;vc-material vc-material-shopping_cart&#8221; button_block=&#8221;true&#8221; add_icon=&#8221;true&#8221; link=&#8221;url:https%3A%2F%2Fmguide.eu%2Fen%2Fprodukt%2Fehr-03s-headset%2F|target:_blank|&#8221;][\/vc_column_inner][vc_column_inner width=&#8221;1\/4&#8243;][vc_single_image image=&#8221;42200&#8243;][vc_column_text]<strong>Chargeur portable CB-20x<\/strong><br \/>\nPour 20 appareils[\/vc_column_text][vc_btn title=&#8221;Acheter&#8221; style=&#8221;classic&#8221; color=&#8221;purple&#8221; align=&#8221;center&#8221; i_type=&#8221;material&#8221; i_icon_material=&#8221;vc-material vc-material-shopping_cart&#8221; button_block=&#8221;true&#8221; add_icon=&#8221;true&#8221; link=&#8221;url:https%3A%2F%2Fmguide.eu%2Fen%2Fprodukt%2Fcb-20x-transportation-case%2F|target:_blank|&#8221;][\/vc_column_inner][vc_column_inner width=&#8221;1\/4&#8243;][vc_single_image image=&#8221;42221&#8243;][vc_column_text]<strong>Chargeur portable CB-40x<\/strong><br \/>\nPour 40 appareils[\/vc_column_text][vc_btn title=&#8221;Acheter&#8221; style=&#8221;classic&#8221; color=&#8221;purple&#8221; align=&#8221;center&#8221; i_type=&#8221;material&#8221; i_icon_material=&#8221;vc-material vc-material-shopping_cart&#8221; button_block=&#8221;true&#8221; add_icon=&#8221;true&#8221; link=&#8221;url:https%3A%2F%2Fmguide.eu%2Fen%2Fprodukt%2Fcb-40x-transportation-case%2F|target:_blank|&#8221;][\/vc_column_inner][\/vc_row_inner][vc_row_inner content_placement=&#8221;bottom&#8221; gap=&#8221;10&#8243;][vc_column_inner width=&#8221;1\/4&#8243;][vc_single_image image=&#8221;42207&#8243;][vc_column_text]<strong>Sac de transport avec compartiments CB-48<\/strong><br \/>\nPour 48 appareils[\/vc_column_text][vc_btn title=&#8221;Acheter&#8221; style=&#8221;classic&#8221; color=&#8221;purple&#8221; align=&#8221;center&#8221; i_type=&#8221;material&#8221; i_icon_material=&#8221;vc-material vc-material-shopping_cart&#8221; button_block=&#8221;true&#8221; add_icon=&#8221;true&#8221; link=&#8221;url:https%3A%2F%2Fmguide.eu%2Fen%2Fprodukt%2Fcb-48-transportation-bag%2F|target:_blank|&#8221;][\/vc_column_inner][vc_column_inner width=&#8221;1\/4&#8243;][vc_single_image image=&#8221;42245&#8243;][vc_column_text]<strong>Valise de transport AC-360<\/strong><br \/>\nPeut contenir jusqu&#8217;\u00e0 60 appareils[\/vc_column_text][vc_btn title=&#8221;Acheter&#8221; style=&#8221;classic&#8221; color=&#8221;purple&#8221; align=&#8221;center&#8221; i_type=&#8221;material&#8221; i_icon_material=&#8221;vc-material vc-material-shopping_cart&#8221; button_block=&#8221;true&#8221; add_icon=&#8221;true&#8221; link=&#8221;url:https%3A%2F%2Fmguide.eu%2Ffr%2Fprodukt%2Fvalise-de-transport-ac-360%2F|target:_blank|&#8221;][\/vc_column_inner][vc_column_inner width=&#8221;1\/4&#8243;][vc_single_image image=&#8221;42214&#8243;][vc_column_text]<strong>Valise de transport AC-360S<\/strong><br \/>\nAvec fonction de st\u00e9rilisation[\/vc_column_text][vc_btn title=&#8221;Acheter&#8221; style=&#8221;classic&#8221; color=&#8221;purple&#8221; align=&#8221;center&#8221; i_type=&#8221;material&#8221; i_icon_material=&#8221;vc-material vc-material-shopping_cart&#8221; button_block=&#8221;true&#8221; add_icon=&#8221;true&#8221; link=&#8221;url:https%3A%2F%2Fmguide.eu%2Fen%2Fprodukt%2Fac-360s-transportation-case-with-uv-c-sterilization%2F|target:_blank|&#8221;][\/vc_column_inner][vc_column_inner width=&#8221;1\/4&#8243;][\/vc_column_inner][\/vc_row_inner][\/vc_column][\/vc_row]<\/p>\n<\/div>","protected":false},"excerpt":{"rendered":"<p>[vc_row full_width=&#8221;stretch_row&#8221; content_placement=&#8221;middle&#8221; css=&#8221;.vc_custom_1715590427387{background: #ba7dca url(https:\/\/mguide.eu\/wp-content\/uploads\/2024\/04\/bgdlr.png?id=41448) !important;background-position: center !important;background-repeat: no-repeat !important;background-size: cover !important;}&#8221;][vc_column width=&#8221;3\/5&#8243; offset=&#8221;vc_hidden-xs&#8221;][vc_custom_heading text=&#8221;mGuide DLR-02&#8243; font_container=&#8221;tag:h2|font_size:80|text_align:left&#8221; google_fonts=&#8221;font_family:Viga%3Aregular|font_style:400%20regular%3A400%3Anormal&#8221;][vc_custom_heading text=&#8221;Visites guid\u00e9es sans fronti\u00e8res.&#8221; font_container=&#8221;tag:h2|font_size:50|text_align:left|color:%23ffffff&#8221; google_fonts=&#8221;font_family:Montserrat%3Aregular%2C700|font_style:400%20regular%3A400%3Anormal&#8221;][vc_empty_space][vc_row_inner content_placement=&#8221;middle&#8221; gap=&#8221;1&#8243;][vc_column_inner width=&#8221;1\/3&#8243;][vc_btn title=&#8221;Continuer \u00e0<\/p>\n","protected":false},"author":42,"featured_media":0,"parent":0,"menu_order":0,"comment_status":"closed","ping_status":"closed","template":"","meta":{"_acf_changed":false,"footnotes":""},"class_list":["post-42408","page","type-page","status-publish","hentry"],"acf":[],"_links":{"self":[{"href":"https:\/\/mguide.eu\/fr\/wp-json\/wp\/v2\/pages\/42408","targetHints":{"allow":["GET"]}}],"collection":[{"href":"https:\/\/mguide.eu\/fr\/wp-json\/wp\/v2\/pages"}],"about":[{"href":"https:\/\/mguide.eu\/fr\/wp-json\/wp\/v2\/types\/page"}],"author":[{"embeddable":true,"href":"https:\/\/mguide.eu\/fr\/wp-json\/wp\/v2\/users\/42"}],"replies":[{"embeddable":true,"href":"https:\/\/mguide.eu\/fr\/wp-json\/wp\/v2\/comments?post=42408"}],"version-history":[{"count":0,"href":"https:\/\/mguide.eu\/fr\/wp-json\/wp\/v2\/pages\/42408\/revisions"}],"wp:attachment":[{"href":"https:\/\/mguide.eu\/fr\/wp-json\/wp\/v2\/media?parent=42408"}],"curies":[{"name":"wp","href":"https:\/\/api.w.org\/{rel}","templated":true}]}}