{"id":53884,"date":"2025-06-24T12:44:16","date_gmt":"2025-06-24T10:44:16","guid":{"rendered":"https:\/\/mguide.eu\/entreprise-polonaise\/"},"modified":"2025-08-28T13:30:12","modified_gmt":"2025-08-28T11:30:12","slug":"entreprise-europeenne","status":"publish","type":"page","link":"https:\/\/mguide.eu\/fr\/entreprise-europeenne\/","title":{"rendered":"Choisissez une entreprise europ\u00e9enne \u2013 un choix qui en vaut la peine !"},"content":{"rendered":"<div class=\"wpb-content-wrapper\"><p>[vc_row][vc_column][vc_column_text css=&#8221;&#8221;]Le march\u00e9 mondial et Internet vous offrent d\u2019innombrables possibilit\u00e9s de choisir votre fournisseur et le produit, parfois \u00e0 l&#8217;autre bout du monde. Certaines de ces options peuvent sembler tr\u00e8s comp\u00e9titives. Mais cette comp\u00e9titivit\u00e9 est parfois illusoire. Chez Mexpo, nous croyons en la <strong>valeur des entreprises locales<\/strong> et nous voulons que vous vous sentiez en confiance en effectuant votre achat chez nous.<\/p>\n<p><strong>Pourquoi choisir une entreprise europ\u00e9enne comme la n\u00f4tre plut\u00f4t que des plateformes de vente situ\u00e9es en dehors de l\u2019Union europ\u00e9enne ?<\/strong>[\/vc_column_text][\/vc_column][\/vc_row][vc_row equal_height=&#8221;yes&#8221; content_placement=&#8221;middle&#8221; css=&#8221;.vc_custom_1750762887303{margin-top: 50px !important;}&#8221;][vc_column width=&#8221;1\/6&#8243;][vc_single_image image=&#8221;53825&#8243; img_size=&#8221;&#8221; alignment=&#8221;right&#8221; css=&#8221;&#8221;][\/vc_column][vc_column width=&#8221;5\/6&#8243;][vc_custom_heading text=&#8221;S\u00e9curit\u00e9 et fiabilit\u00e9 de vos achats&#8221; font_container=&#8221;tag:h2|font_size:18|text_align:left&#8221; google_fonts=&#8221;font_family:Open%20Sans%3A300%2C300italic%2Cregular%2Citalic%2C600%2C600italic%2C700%2C700italic%2C800%2C800italic|font_style:700%20bold%20regular%3A700%3Anormal&#8221; css=&#8221;&#8221;][vc_column_text css=&#8221;&#8221;]Nous sommes une entreprise europ\u00e9enne enregistr\u00e9e, op\u00e9rant conform\u00e9ment au droit de l\u2019UE. Cela signifie que vos <strong>droits de consommateur sont pleinement prot\u00e9g\u00e9s<\/strong>, que vous b\u00e9n\u00e9ficiez d\u2019un contact facile et de conditions de retour et de r\u00e9clamation transparentes. Vous n&#8217;avez pas \u00e0 vous soucier de proc\u00e9dures compliqu\u00e9es avec des interm\u00e9diaires situ\u00e9s en dehors de l\u2019Union europ\u00e9enne.[\/vc_column_text][\/vc_column][\/vc_row][vc_row equal_height=&#8221;yes&#8221; content_placement=&#8221;middle&#8221; css=&#8221;.vc_custom_1750762892369{margin-top: 30px !important;}&#8221;][vc_column width=&#8221;1\/6&#8243;][vc_single_image image=&#8221;53840&#8243; img_size=&#8221;&#8221; alignment=&#8221;right&#8221; css=&#8221;&#8221;][\/vc_column][vc_column width=&#8221;5\/6&#8243;][vc_custom_heading text=&#8221;Entrep\u00f4t en Europe = livraison rapide&#8221; font_container=&#8221;tag:h2|font_size:18|text_align:left&#8221; google_fonts=&#8221;font_family:Open%20Sans%3A300%2C300italic%2Cregular%2Citalic%2C600%2C600italic%2C700%2C700italic%2C800%2C800italic|font_style:700%20bold%20regular%3A700%3Anormal&#8221; css=&#8221;&#8221;][vc_column_text css=&#8221;&#8221;]Tous les produits disponibles dans notre boutique <strong>sont stock\u00e9s dans notre entrep\u00f4t situ\u00e9 dans l\u2019Union europ\u00e9enne<\/strong>. Oubliez les longues attentes pour un colis exp\u00e9di\u00e9 depuis l\u2019ext\u00e9rieur de l\u2019UE ! Les produits command\u00e9s chez nous vous parviendront rapidement et sans probl\u00e8me, sans frais de douane cach\u00e9s ni surprises suppl\u00e9mentaires.[\/vc_column_text][\/vc_column][\/vc_row][vc_row equal_height=&#8221;yes&#8221; content_placement=&#8221;middle&#8221; css=&#8221;.vc_custom_1750762898110{margin-top: 30px !important;}&#8221;][vc_column width=&#8221;1\/6&#8243;][vc_single_image image=&#8221;53834&#8243; img_size=&#8221;&#8221; alignment=&#8221;right&#8221; css=&#8221;&#8221;][\/vc_column][vc_column width=&#8221;5\/6&#8243;][vc_custom_heading text=&#8221;Service professionnel et assistance technique&#8221; font_container=&#8221;tag:h2|font_size:18|text_align:left&#8221; google_fonts=&#8221;font_family:Open%20Sans%3A300%2C300italic%2Cregular%2Citalic%2C600%2C600italic%2C700%2C700italic%2C800%2C800italic|font_style:700%20bold%20regular%3A700%3Anormal&#8221; css=&#8221;&#8221;][vc_column_text css=&#8221;&#8221;]Si un produit n\u00e9cessite un service ou si vous avez des questions, <strong>notre \u00e9quipe technique est sur place, \u00e0 votre disposition<\/strong>. Cela garantit une assistance rapide et efficace, sans devoir renvoyer le mat\u00e9riel \u00e0 l\u2019\u00e9tranger ni faire face \u00e0 des barri\u00e8res linguistiques ou culturelles. Vous avez \u00e9galement la certitude que votre demande sera trait\u00e9e en priorit\u00e9.[\/vc_column_text][\/vc_column][\/vc_row][vc_row equal_height=&#8221;yes&#8221; content_placement=&#8221;middle&#8221; css=&#8221;.vc_custom_1750762904378{margin-top: 30px !important;}&#8221;][vc_column width=&#8221;1\/6&#8243;][vc_single_image image=&#8221;53846&#8243; img_size=&#8221;&#8221; alignment=&#8221;right&#8221; css=&#8221;&#8221;][\/vc_column][vc_column width=&#8221;5\/6&#8243;][vc_custom_heading text=&#8221;Vous soutenez l\u2019\u00e9conomie europ\u00e9enne&#8221; font_container=&#8221;tag:h2|font_size:18|text_align:left&#8221; google_fonts=&#8221;font_family:Open%20Sans%3A300%2C300italic%2Cregular%2Citalic%2C600%2C600italic%2C700%2C700italic%2C800%2C800italic|font_style:700%20bold%20regular%3A700%3Anormal&#8221; css=&#8221;&#8221;][vc_column_text css=&#8221;&#8221;]<strong>Chaque achat dans notre entreprise soutient le march\u00e9 du travail de l\u2019UE ainsi que les fournisseurs locaux.<\/strong> C&#8217;est votre contribution r\u00e9elle au d\u00e9veloppement de l\u2019entrepreneuriat europ\u00e9en et \u00e0 sa force \u00e9conomique.[\/vc_column_text][\/vc_column][\/vc_row][vc_row equal_height=&#8221;yes&#8221; content_placement=&#8221;middle&#8221; css=&#8221;.vc_custom_1750762916650{margin-top: 30px !important;}&#8221;][vc_column width=&#8221;1\/6&#8243;][vc_single_image image=&#8221;53852&#8243; img_size=&#8221;&#8221; alignment=&#8221;right&#8221; css=&#8221;&#8221;][\/vc_column][vc_column width=&#8221;5\/6&#8243;][vc_custom_heading text=&#8221;Responsabilit\u00e9 et confiance&#8221; font_container=&#8221;tag:h2|font_size:18|text_align:left&#8221; google_fonts=&#8221;font_family:Open%20Sans%3A300%2C300italic%2Cregular%2Citalic%2C600%2C600italic%2C700%2C700italic%2C800%2C800italic|font_style:700%20bold%20regular%3A700%3Anormal&#8221; css=&#8221;&#8221;][vc_column_text css=&#8221;&#8221;]En tant qu\u2019entreprise europ\u00e9enne, nous construisons notre r\u00e9putation sur <strong>la confiance et la responsabilit\u00e9<\/strong>. Nous nous engageons \u00e0 entretenir des relations \u00e0 long terme avec nos clients, c\u2019est pourquoi nous misons depuis 25 ans sur la qualit\u00e9 du service et des produits.[\/vc_column_text][\/vc_column][\/vc_row][vc_row css=&#8221;.vc_custom_1750758492750{margin-top: 50px !important;}&#8221;][vc_column][vc_custom_heading text=&#8221;En choisissant Mexpo et notre marque mGuide, vous optez pour la s\u00e9curit\u00e9 et le confort. Nous vous remercions de votre confiance !&#8221; font_container=&#8221;tag:h2|font_size:18|text_align:center|line_height:1.7&#8243; google_fonts=&#8221;font_family:Open%20Sans%3A300%2C300italic%2Cregular%2Citalic%2C600%2C600italic%2C700%2C700italic%2C800%2C800italic|font_style:700%20bold%20regular%3A700%3Anormal&#8221; css=&#8221;.vc_custom_1756380604482{padding-bottom: 20px !important;}&#8221;][\/vc_column][\/vc_row]<\/p>\n<\/div>","protected":false},"excerpt":{"rendered":"<p>[vc_row][vc_column][vc_column_text css=&#8221;&#8221;]Le march\u00e9 mondial et Internet vous offrent d\u2019innombrables possibilit\u00e9s de choisir votre fournisseur et le produit, parfois \u00e0 l&#8217;autre bout du monde. Certaines de ces options peuvent sembler tr\u00e8s<\/p>\n","protected":false},"author":42,"featured_media":0,"parent":0,"menu_order":0,"comment_status":"closed","ping_status":"closed","template":"","meta":{"_acf_changed":false,"footnotes":""},"class_list":["post-53884","page","type-page","status-publish","hentry"],"acf":[],"_links":{"self":[{"href":"https:\/\/mguide.eu\/fr\/wp-json\/wp\/v2\/pages\/53884","targetHints":{"allow":["GET"]}}],"collection":[{"href":"https:\/\/mguide.eu\/fr\/wp-json\/wp\/v2\/pages"}],"about":[{"href":"https:\/\/mguide.eu\/fr\/wp-json\/wp\/v2\/types\/page"}],"author":[{"embeddable":true,"href":"https:\/\/mguide.eu\/fr\/wp-json\/wp\/v2\/users\/42"}],"replies":[{"embeddable":true,"href":"https:\/\/mguide.eu\/fr\/wp-json\/wp\/v2\/comments?post=53884"}],"version-history":[{"count":0,"href":"https:\/\/mguide.eu\/fr\/wp-json\/wp\/v2\/pages\/53884\/revisions"}],"wp:attachment":[{"href":"https:\/\/mguide.eu\/fr\/wp-json\/wp\/v2\/media?parent=53884"}],"curies":[{"name":"wp","href":"https:\/\/api.w.org\/{rel}","templated":true}]}}