{"id":14089,"date":"2018-04-09T15:44:20","date_gmt":"2018-04-09T13:44:20","guid":{"rendered":"https:\/\/mguide.eu\/produkt\/valise-de-transport-ac-658\/"},"modified":"2022-07-14T11:33:12","modified_gmt":"2022-07-14T09:33:12","slug":"valise-de-transport-ac-658","status":"publish","type":"product","link":"https:\/\/mguide.eu\/fr\/produkt\/valise-de-transport-ac-658\/","title":{"rendered":"Valise de transport AC-658"},"content":{"rendered":"<p>Mallette de transport \u00e0 structure renforc\u00e9e sur roulettes avec poign\u00e9e t\u00e9lescopique.<br \/>\nLes dimensions int\u00e9rieures de la bo\u00eete sont de 600 x 300 x 115 mm.<br \/>\nLa valise conviendra \u00e0 un ensemble complet de syst\u00e8me de guide touristique pour le guide et \u00e0 un ensemble complet d&#8217;accessoires tels que des microphones, des \u00e9couteurs, des cordons.<br \/>\nL&#8217;\u00e9tui est livr\u00e9 avec une mousse d\u00e9di\u00e9e* pour un montant pr\u00e9cis d&#8217;un syst\u00e8me d&#8217;\u00e9couteurs sans fil pour un guide.<\/p>\n<p>* selon le mod\u00e8le du syst\u00e8me tourguide, la mousse s&#8217;adaptera \u00e0 : Pellegrino &#8211; 50 articles, Pellegrino 2 &#8211; 48 articles, WT-350 &#8211; 50 articles, WT-300 \/ WT-300G2 &#8211; 45 articles \/ WaveTalk &#8211; 77 articles \/ OTG -102 &#8211; 49 articles<\/p>\n<p>Caract\u00e9ristiques de la mallette de transport AC-658 :<br \/>\n&#8211; contreplaqu\u00e9 \u00e9tanche 6,5 mm ph\u00e9nol blanc<br \/>\n&#8211; Profil\u00e9s en aluminium de 22 mm<br \/>\n&#8211; coins boules<br \/>\n&#8211; 2 x boucle de verrouillage<br \/>\n&#8211; 1 x poign\u00e9e de valise<br \/>\n&#8211; mousse ondul\u00e9e sur le couvercle<br \/>\n&#8211; Mousse technique 10 mm avec cloisons mobiles (2 cloisons)<br \/>\n&#8211; roues de 48mm<br \/>\n&#8211; manche t\u00e9lescopique<br \/>\n&#8211; pieds en caoutchouc<\/p>\n","protected":false},"excerpt":{"rendered":"<p>Valise de transport &#8211; valise sur roulettes avec manche t\u00e9lescopique. Les cloisons mobiles permettent de ranger facilement les r\u00e9cepteurs et les accessoires. Roues durables. Manche en plastique r\u00e9sistant. L&#8217;ensemble comprend une mousse d\u00e9di\u00e9e.<\/p>\n","protected":false},"featured_media":30903,"template":"","meta":{"_acf_changed":false},"product_brand":[],"product_cat":[804],"product_tag":[],"class_list":{"0":"post-14089","1":"product","2":"type-product","3":"status-publish","4":"has-post-thumbnail","6":"product_cat-sacoches-et-valises-de-transport","7":"pa_marka-mexpo-fr","9":"first","10":"instock","11":"taxable","12":"shipping-taxable","13":"purchasable","14":"product-type-simple"},"acf":[],"_links":{"self":[{"href":"https:\/\/mguide.eu\/fr\/wp-json\/wp\/v2\/product\/14089","targetHints":{"allow":["GET"]}}],"collection":[{"href":"https:\/\/mguide.eu\/fr\/wp-json\/wp\/v2\/product"}],"about":[{"href":"https:\/\/mguide.eu\/fr\/wp-json\/wp\/v2\/types\/product"}],"wp:featuredmedia":[{"embeddable":true,"href":"https:\/\/mguide.eu\/fr\/wp-json\/wp\/v2\/media\/30903"}],"wp:attachment":[{"href":"https:\/\/mguide.eu\/fr\/wp-json\/wp\/v2\/media?parent=14089"}],"wp:term":[{"taxonomy":"product_brand","embeddable":true,"href":"https:\/\/mguide.eu\/fr\/wp-json\/wp\/v2\/product_brand?post=14089"},{"taxonomy":"product_cat","embeddable":true,"href":"https:\/\/mguide.eu\/fr\/wp-json\/wp\/v2\/product_cat?post=14089"},{"taxonomy":"product_tag","embeddable":true,"href":"https:\/\/mguide.eu\/fr\/wp-json\/wp\/v2\/product_tag?post=14089"}],"curies":[{"name":"wp","href":"https:\/\/api.w.org\/{rel}","templated":true}]}}