{"id":14098,"date":"2018-04-09T15:37:03","date_gmt":"2018-04-09T13:37:03","guid":{"rendered":"https:\/\/mguide.eu\/produkt\/sacoche-de-transport-tb-350\/"},"modified":"2025-09-02T13:41:09","modified_gmt":"2025-09-02T11:41:09","slug":"sacoche-de-transport-tb-301","status":"publish","type":"product","link":"https:\/\/mguide.eu\/fr\/produkt\/sacoche-de-transport-tb-301\/","title":{"rendered":"Sacoche de transport TB-301"},"content":{"rendered":"<div class=\"wpb-content-wrapper\"><p>[vc_row][vc_column][vc_column_text css=&#8221;&#8221;]Sac de transport en tissu. Con\u00e7u pour contenir 30 (avec mousse) ou jusqu&#8217;\u00e0 55 (sans mousse). Incroyablement l\u00e9ger et confortable, il est dot\u00e9 d&#8217;une bandouli\u00e8re r\u00e9glable et de deux poches zipp\u00e9es suppl\u00e9mentaires\u00a0: une int\u00e9rieure en filet et une ext\u00e9rieure. Le compartiment principal est dot\u00e9 d&#8217;une s\u00e9paration Velcro r\u00e9glable.<\/p>\n<p>Dimensions du sac\u00a0: 40 x 28 x 11 cm<\/p>\n<p>De plus, le volume du sac peut \u00eatre agrandi d&#8217;environ 5\u00a0cm en ouvrant la fermeture \u00e9clair sup\u00e9rieure.[\/vc_column_text][\/vc_column][\/vc_row]<\/p>\n<\/div>","protected":false},"excerpt":{"rendered":"<p>Un sac de transport en tissu. Incroyablement l\u00e9ger et confortable. Il est dot\u00e9 d&#8217;une bandouli\u00e8re r\u00e9glable et de deux poches zipp\u00e9es suppl\u00e9mentaires\u00a0: une int\u00e9rieure en filet et une ext\u00e9rieure. Le compartiment principal est dot\u00e9 d&#8217;une s\u00e9paration Velcro r\u00e9glable. Le volume du sac peut \u00eatre agrandi en ouvrant la fermeture \u00e9clair sup\u00e9rieure.<\/p>\n","protected":false},"featured_media":14099,"template":"","meta":{"_acf_changed":false},"product_brand":[],"product_cat":[804],"product_tag":[],"class_list":{"0":"post-14098","1":"product","2":"type-product","3":"status-publish","4":"has-post-thumbnail","6":"product_cat-sacoches-et-valises-de-transport","7":"pa_marka-okayo-fr","9":"first","10":"outofstock","11":"taxable","12":"shipping-taxable","13":"purchasable","14":"product-type-variable"},"acf":[],"_links":{"self":[{"href":"https:\/\/mguide.eu\/fr\/wp-json\/wp\/v2\/product\/14098","targetHints":{"allow":["GET"]}}],"collection":[{"href":"https:\/\/mguide.eu\/fr\/wp-json\/wp\/v2\/product"}],"about":[{"href":"https:\/\/mguide.eu\/fr\/wp-json\/wp\/v2\/types\/product"}],"wp:featuredmedia":[{"embeddable":true,"href":"https:\/\/mguide.eu\/fr\/wp-json\/wp\/v2\/media\/14099"}],"wp:attachment":[{"href":"https:\/\/mguide.eu\/fr\/wp-json\/wp\/v2\/media?parent=14098"}],"wp:term":[{"taxonomy":"product_brand","embeddable":true,"href":"https:\/\/mguide.eu\/fr\/wp-json\/wp\/v2\/product_brand?post=14098"},{"taxonomy":"product_cat","embeddable":true,"href":"https:\/\/mguide.eu\/fr\/wp-json\/wp\/v2\/product_cat?post=14098"},{"taxonomy":"product_tag","embeddable":true,"href":"https:\/\/mguide.eu\/fr\/wp-json\/wp\/v2\/product_tag?post=14098"}],"curies":[{"name":"wp","href":"https:\/\/api.w.org\/{rel}","templated":true}]}}