{"id":14102,"date":"2018-11-13T10:50:48","date_gmt":"2018-11-13T09:50:48","guid":{"rendered":"https:\/\/mguide.eu\/produkt\/headset-jeu-micro-casque-ehr-01\/"},"modified":"2025-02-17T09:58:29","modified_gmt":"2025-02-17T08:58:29","slug":"headset-jeu-micro-casque-ehr-03s","status":"publish","type":"product","link":"https:\/\/mguide.eu\/fr\/produkt\/headset-jeu-micro-casque-ehr-03s\/","title":{"rendered":"Headset (jeu micro-casque) EHR-03S"},"content":{"rendered":"<p>Microphone tour de nuque l\u00e9ger avec un \u00e9couteur. Compatible avec les mod\u00e8les mGuide DLR-01 et mGuide DLR-02<\/p>\n","protected":false},"excerpt":{"rendered":"<p>Microphone tour de nuque l\u00e9ger avec un \u00e9couteur. Compatible avec les mod\u00e8les mGuide DLR-01 et mGuide DLR-02<\/p>\n","protected":false},"featured_media":40656,"template":"","meta":{"_acf_changed":false},"product_brand":[],"product_cat":[4468,4464],"product_tag":[],"class_list":{"0":"post-14102","1":"product","2":"type-product","3":"status-publish","4":"has-post-thumbnail","6":"product_cat-headsets-fr-2","7":"product_cat-headsets-fr","9":"first","10":"instock","11":"taxable","12":"shipping-taxable","13":"purchasable","14":"product-type-simple"},"acf":[],"_links":{"self":[{"href":"https:\/\/mguide.eu\/fr\/wp-json\/wp\/v2\/product\/14102","targetHints":{"allow":["GET"]}}],"collection":[{"href":"https:\/\/mguide.eu\/fr\/wp-json\/wp\/v2\/product"}],"about":[{"href":"https:\/\/mguide.eu\/fr\/wp-json\/wp\/v2\/types\/product"}],"wp:featuredmedia":[{"embeddable":true,"href":"https:\/\/mguide.eu\/fr\/wp-json\/wp\/v2\/media\/40656"}],"wp:attachment":[{"href":"https:\/\/mguide.eu\/fr\/wp-json\/wp\/v2\/media?parent=14102"}],"wp:term":[{"taxonomy":"product_brand","embeddable":true,"href":"https:\/\/mguide.eu\/fr\/wp-json\/wp\/v2\/product_brand?post=14102"},{"taxonomy":"product_cat","embeddable":true,"href":"https:\/\/mguide.eu\/fr\/wp-json\/wp\/v2\/product_cat?post=14102"},{"taxonomy":"product_tag","embeddable":true,"href":"https:\/\/mguide.eu\/fr\/wp-json\/wp\/v2\/product_tag?post=14102"}],"curies":[{"name":"wp","href":"https:\/\/api.w.org\/{rel}","templated":true}]}}